{"id":9889,"date":"2025-07-14T16:35:17","date_gmt":"2025-07-14T14:35:17","guid":{"rendered":"https:\/\/www.bynaldis-shop.com\/?post_type=product&#038;p=9889"},"modified":"2026-04-26T20:38:32","modified_gmt":"2026-04-26T18:38:32","slug":"platzdeckchen-braun-lieblingsplatz","status":"publish","type":"product","link":"https:\/\/www.bynaldis-shop.com\/?product=platzdeckchen-braun-lieblingsplatz","title":{"rendered":"Rundes Platzdeckchen \u201eLieblingsplatz\u201c \u2013 creme"},"content":{"rendered":"<p data-start=\"93\" data-end=\"174\"><strong data-start=\"93\" data-end=\"172\">Rundes Platzdeckchen \u201eLieblingsplatz\u201c \u2013 nat\u00fcrliche Eleganz f\u00fcr deinen Tisch<\/strong><\/p>\n<p data-start=\"176\" data-end=\"436\">Dieses handgeflochtene Platzdeckchen aus braunem Bast bringt nat\u00fcrliche W\u00e4rme und stilvolle Akzente auf deinen Tisch. Die feine wei\u00dfe Stickerei mit dem Schriftzug \u201eLieblingsplatz\u201c und einem zarten Herz in der Mitte macht jeden Platz zu etwas ganz Besonderem.<\/p>\n<p data-start=\"438\" data-end=\"644\">Ob beim gem\u00fctlichen Fr\u00fchst\u00fcck, festlichen Abendessen oder einfach zwischendurch \u2013 das Platzdeckchen schafft eine einladende Atmosph\u00e4re und verleiht deinem Essbereich einen liebevollen, pers\u00f6nlichen Touch.<\/p>\n<p data-start=\"646\" data-end=\"809\">Das nat\u00fcrliche Material ist robust, leicht und dank der abwischbaren Oberfl\u00e4che besonders pflegeleicht \u2013 ideal f\u00fcr den t\u00e4glichen Gebrauch oder besondere Anl\u00e4sse.<\/p>\n<p data-start=\"811\" data-end=\"832\"><strong data-start=\"811\" data-end=\"830\">Produktdetails:<\/strong><\/p>\n<ul data-start=\"833\" data-end=\"1029\">\n<li data-start=\"833\" data-end=\"847\">\n<p data-start=\"835\" data-end=\"847\">Form: rund<\/p>\n<\/li>\n<li data-start=\"848\" data-end=\"886\">\n<p data-start=\"850\" data-end=\"886\">Material: geflochtener Bast, braun<\/p>\n<\/li>\n<li data-start=\"887\" data-end=\"945\">\n<p data-start=\"889\" data-end=\"945\">Stickerei: wei\u00dfer Schriftzug \u201eLieblingsplatz\u201c mit Herz<\/p>\n<\/li>\n<li data-start=\"946\" data-end=\"972\">\n<p data-start=\"948\" data-end=\"972\">Abwischbare Oberfl\u00e4che<\/p>\n<\/li>\n<li data-start=\"973\" data-end=\"1029\">\n<p data-start=\"975\" data-end=\"1029\">Gr\u00f6\u00dfe: ideal als Platzdeckchen f\u00fcr Teller und Gl\u00e4ser<\/p>\n<\/li>\n<\/ul>\n<p data-start=\"1031\" data-end=\"1161\">Verleihe deinem Tisch nat\u00fcrliche Sch\u00f6nheit und zeige deinen G\u00e4sten, dass hier ein ganz besonderer Lieblingsplatz auf sie wartet.<\/p>\n","protected":false},"excerpt":{"rendered":"<p>Rundes Platzdeckchen \u201eLieblingsplatz\u201c \u2013 nat\u00fcrliche Eleganz f\u00fcr deinen Tisch Dieses handgeflochtene Platzdeckchen aus braunem Bast bringt nat\u00fcrliche W\u00e4rme und stilvolle Akzente auf deinen Tisch. Die feine wei\u00dfe Stickerei mit dem Schriftzug \u201eLieblingsplatz\u201c und einem zarten Herz in der Mitte macht jeden Platz zu etwas ganz Besonderem. Ob beim gem\u00fctlichen Fr\u00fchst\u00fcck, festlichen Abendessen oder einfach zwischendurch [&hellip;]<\/p>\n<p><a class=\"read-more\" href=\"https:\/\/www.bynaldis-shop.com\/?product=platzdeckchen-braun-lieblingsplatz\">Mehr lesen<span class=\"meta-nav\">&rarr;<\/span><\/a><\/p>\n","protected":false},"featured_media":9900,"template":"","meta":[],"product_brand":[],"product_cat":[350],"product_tag":[],"class_list":{"0":"post-9889","1":"product","2":"type-product","3":"status-publish","4":"has-post-thumbnail","6":"product_cat-platzdeckchen","8":"first","9":"instock","10":"taxable","11":"shipping-taxable","12":"purchasable","13":"product-type-simple"},"_links":{"self":[{"href":"https:\/\/www.bynaldis-shop.com\/index.php?rest_route=\/wp\/v2\/product\/9889","targetHints":{"allow":["GET"]}}],"collection":[{"href":"https:\/\/www.bynaldis-shop.com\/index.php?rest_route=\/wp\/v2\/product"}],"about":[{"href":"https:\/\/www.bynaldis-shop.com\/index.php?rest_route=\/wp\/v2\/types\/product"}],"wp:featuredmedia":[{"embeddable":true,"href":"https:\/\/www.bynaldis-shop.com\/index.php?rest_route=\/wp\/v2\/media\/9900"}],"wp:attachment":[{"href":"https:\/\/www.bynaldis-shop.com\/index.php?rest_route=%2Fwp%2Fv2%2Fmedia&parent=9889"}],"wp:term":[{"taxonomy":"product_brand","embeddable":true,"href":"https:\/\/www.bynaldis-shop.com\/index.php?rest_route=%2Fwp%2Fv2%2Fproduct_brand&post=9889"},{"taxonomy":"product_cat","embeddable":true,"href":"https:\/\/www.bynaldis-shop.com\/index.php?rest_route=%2Fwp%2Fv2%2Fproduct_cat&post=9889"},{"taxonomy":"product_tag","embeddable":true,"href":"https:\/\/www.bynaldis-shop.com\/index.php?rest_route=%2Fwp%2Fv2%2Fproduct_tag&post=9889"}],"curies":[{"name":"wp","href":"https:\/\/api.w.org\/{rel}","templated":true}]}}