{"id":9884,"date":"2025-07-14T16:32:19","date_gmt":"2025-07-14T14:32:19","guid":{"rendered":"https:\/\/www.bynaldis-shop.com\/?post_type=product&#038;p=9884"},"modified":"2026-04-26T20:36:00","modified_gmt":"2026-04-26T18:36:00","slug":"sitzkissen-rund-braun","status":"publish","type":"product","link":"https:\/\/www.bynaldis-shop.com\/?product=sitzkissen-rund-braun","title":{"rendered":"Rundes Sitzkissen \u201eSch\u00f6n, dass du da bist\u201c \u2013 braun"},"content":{"rendered":"<p data-start=\"144\" data-end=\"224\"><strong data-start=\"144\" data-end=\"222\">Rundes Sitzkissen \u201eSch\u00f6n, dass du da bist\u201c \u2013 ein Platz voller Herzlichkeit<\/strong><\/p>\n<p data-start=\"226\" data-end=\"490\">Dieses einzelne runde Sitzkissen in warmem Braun schafft einen gem\u00fctlichen Platz voller W\u00e4rme und Einladung. Die wei\u00dfe Aufschrift \u201eSch\u00f6n, dass du da bist\u201c zusammen mit dem wei\u00dfen Herz schenkt jedem Sitzplatz eine liebevolle Botschaft, die zum Wohlf\u00fchlen einl\u00e4dt.<\/p>\n<p data-start=\"492\" data-end=\"661\">Ob drinnen oder drau\u00dfen, auf dem Stuhl, der Bank oder der Terrasse \u2013 dieses Kissen sorgt f\u00fcr bequemen Sitzkomfort und verbreitet eine einladende, herzliche Atmosph\u00e4re.<\/p>\n<p data-start=\"663\" data-end=\"684\"><strong data-start=\"663\" data-end=\"682\">Produktdetails:<\/strong><\/p>\n<ul data-start=\"685\" data-end=\"835\">\n<li data-start=\"685\" data-end=\"699\">\n<p data-start=\"687\" data-end=\"699\">Form: rund<\/p>\n<\/li>\n<li data-start=\"700\" data-end=\"716\">\n<p data-start=\"702\" data-end=\"716\">Farbe: Braun<\/p>\n<\/li>\n<li data-start=\"717\" data-end=\"739\">\n<p data-start=\"719\" data-end=\"739\">Schriftfarbe: Wei\u00df<\/p>\n<\/li>\n<li data-start=\"740\" data-end=\"789\">\n<p data-start=\"742\" data-end=\"789\">Aufschrift: \u201eSch\u00f6n, dass du da bist\u201c mit Herz<\/p>\n<\/li>\n<li data-start=\"790\" data-end=\"835\">\n<p data-start=\"792\" data-end=\"835\">Ideal f\u00fcr St\u00fchle, B\u00e4nke und Outdoor-M\u00f6bel<\/p>\n<\/li>\n<\/ul>\n<p data-start=\"837\" data-end=\"952\">Mach jeden Sitzplatz zu einem Ort der Freude und Geborgenheit \u2013 mit diesem sch\u00f6nen Sitzkissen, das Herzen \u00f6ffnet.<\/p>\n","protected":false},"excerpt":{"rendered":"<p>Rundes Sitzkissen \u201eSch\u00f6n, dass du da bist\u201c \u2013 ein Platz voller Herzlichkeit Dieses einzelne runde Sitzkissen in warmem Braun schafft einen gem\u00fctlichen Platz voller W\u00e4rme und Einladung. Die wei\u00dfe Aufschrift \u201eSch\u00f6n, dass du da bist\u201c zusammen mit dem wei\u00dfen Herz schenkt jedem Sitzplatz eine liebevolle Botschaft, die zum Wohlf\u00fchlen einl\u00e4dt. Ob drinnen oder drau\u00dfen, auf [&hellip;]<\/p>\n<p><a class=\"read-more\" href=\"https:\/\/www.bynaldis-shop.com\/?product=sitzkissen-rund-braun\">Mehr lesen<span class=\"meta-nav\">&rarr;<\/span><\/a><\/p>\n","protected":false},"featured_media":9908,"template":"","meta":[],"product_brand":[],"product_cat":[349],"product_tag":[],"class_list":{"0":"post-9884","1":"product","2":"type-product","3":"status-publish","4":"has-post-thumbnail","6":"product_cat-kissen","8":"first","9":"instock","10":"taxable","11":"shipping-taxable","12":"purchasable","13":"product-type-simple"},"_links":{"self":[{"href":"https:\/\/www.bynaldis-shop.com\/index.php?rest_route=\/wp\/v2\/product\/9884","targetHints":{"allow":["GET"]}}],"collection":[{"href":"https:\/\/www.bynaldis-shop.com\/index.php?rest_route=\/wp\/v2\/product"}],"about":[{"href":"https:\/\/www.bynaldis-shop.com\/index.php?rest_route=\/wp\/v2\/types\/product"}],"wp:featuredmedia":[{"embeddable":true,"href":"https:\/\/www.bynaldis-shop.com\/index.php?rest_route=\/wp\/v2\/media\/9908"}],"wp:attachment":[{"href":"https:\/\/www.bynaldis-shop.com\/index.php?rest_route=%2Fwp%2Fv2%2Fmedia&parent=9884"}],"wp:term":[{"taxonomy":"product_brand","embeddable":true,"href":"https:\/\/www.bynaldis-shop.com\/index.php?rest_route=%2Fwp%2Fv2%2Fproduct_brand&post=9884"},{"taxonomy":"product_cat","embeddable":true,"href":"https:\/\/www.bynaldis-shop.com\/index.php?rest_route=%2Fwp%2Fv2%2Fproduct_cat&post=9884"},{"taxonomy":"product_tag","embeddable":true,"href":"https:\/\/www.bynaldis-shop.com\/index.php?rest_route=%2Fwp%2Fv2%2Fproduct_tag&post=9884"}],"curies":[{"name":"wp","href":"https:\/\/api.w.org\/{rel}","templated":true}]}}