{"id":9856,"date":"2025-07-03T08:40:12","date_gmt":"2025-07-03T06:40:12","guid":{"rendered":"https:\/\/www.bynaldis-shop.com\/?post_type=product&#038;p=9856"},"modified":"2026-05-05T11:05:24","modified_gmt":"2026-05-05T09:05:24","slug":"gartendrache-mit-solar-demnaechst-verfuegbar","status":"publish","type":"product","link":"https:\/\/www.bynaldis-shop.com\/?product=gartendrache-mit-solar-demnaechst-verfuegbar","title":{"rendered":"Wundervoller Garten-H\u00fcter mit Solarlicht \u2013 Schutz und Licht f\u00fcr dein Zuhause"},"content":{"rendered":"<p data-start=\"102\" data-end=\"184\"><strong data-start=\"102\" data-end=\"182\">Wundervoller Garten-H\u00fcter mit Solarlicht \u2013 Schutz und Licht f\u00fcr dein Zuhause<\/strong><\/p>\n<p data-start=\"186\" data-end=\"388\">Dieser zauberhafte H\u00fcter aus hochwertigem Kunstharz ist mehr als nur eine Dekoration \u2013 er ist ein liebevoller W\u00e4chter, der deinen Garten, deine Terrasse, deinen Balkon oder sogar dein Zuhause beh\u00fctet.<\/p>\n<p data-start=\"390\" data-end=\"675\">Mit seiner sanft leuchtenden Lichtkugel bringt er Licht und W\u00e4rme in die dunklen Stunden und weist dir und deinen Liebsten den Weg durch die Nacht. Egal, wo du ihn platzierst \u2013 drinnen oder drau\u00dfen \u2013 dieser H\u00fcter schenkt dir das beruhigende Gef\u00fchl von Schutz, Geborgenheit und Licht.<\/p>\n<p data-start=\"677\" data-end=\"840\">Das Solarlicht l\u00e4dt sich tags\u00fcber selbstst\u00e4ndig auf und schenkt dir abends ein warmes, sanftes Strahlen, das zum Verweilen einl\u00e4dt und besondere Momente zaubert.<\/p>\n<p data-start=\"842\" data-end=\"863\"><strong data-start=\"842\" data-end=\"861\">Produktdetails:<\/strong><\/p>\n<ul data-start=\"864\" data-end=\"979\">\n<li data-start=\"864\" data-end=\"887\">\n<p data-start=\"866\" data-end=\"887\">Material: Kunstharz<\/p>\n<\/li>\n<li data-start=\"888\" data-end=\"906\">\n<p data-start=\"890\" data-end=\"906\">Mit Solarlicht<\/p>\n<\/li>\n<li data-start=\"907\" data-end=\"922\">\n<p data-start=\"909\" data-end=\"922\">H\u00f6he: 20 cm<\/p>\n<\/li>\n<li data-start=\"923\" data-end=\"979\">\n<p data-start=\"925\" data-end=\"979\">F\u00fcr Garten, Terrasse, Balkon und Innenr\u00e4ume geeignet<\/p>\n<\/li>\n<\/ul>\n<p data-start=\"981\" data-end=\"1079\">Ein besonderes Geschenk \u2013 f\u00fcr dich selbst oder deine Liebsten \u2013 das mit Licht und Liebe beh\u00fctet.<\/p>\n","protected":false},"excerpt":{"rendered":"<p>Wundervoller Garten-H\u00fcter mit Solarlicht \u2013 Schutz und Licht f\u00fcr dein Zuhause Dieser zauberhafte H\u00fcter aus hochwertigem Kunstharz ist mehr als nur eine Dekoration \u2013 er ist ein liebevoller W\u00e4chter, der deinen Garten, deine Terrasse, deinen Balkon oder sogar dein Zuhause beh\u00fctet. Mit seiner sanft leuchtenden Lichtkugel bringt er Licht und W\u00e4rme in die dunklen Stunden [&hellip;]<\/p>\n<p><a class=\"read-more\" href=\"https:\/\/www.bynaldis-shop.com\/?product=gartendrache-mit-solar-demnaechst-verfuegbar\">Mehr lesen<span class=\"meta-nav\">&rarr;<\/span><\/a><\/p>\n","protected":false},"featured_media":9857,"template":"","meta":[],"product_brand":[],"product_cat":[288,262],"product_tag":[],"class_list":{"0":"post-9856","1":"product","2":"type-product","3":"status-publish","4":"has-post-thumbnail","6":"product_cat-alles-fuer-das-kinderherz","7":"product_cat-garten","9":"first","10":"instock","11":"taxable","12":"shipping-taxable","13":"purchasable","14":"product-type-simple"},"_links":{"self":[{"href":"https:\/\/www.bynaldis-shop.com\/index.php?rest_route=\/wp\/v2\/product\/9856","targetHints":{"allow":["GET"]}}],"collection":[{"href":"https:\/\/www.bynaldis-shop.com\/index.php?rest_route=\/wp\/v2\/product"}],"about":[{"href":"https:\/\/www.bynaldis-shop.com\/index.php?rest_route=\/wp\/v2\/types\/product"}],"wp:featuredmedia":[{"embeddable":true,"href":"https:\/\/www.bynaldis-shop.com\/index.php?rest_route=\/wp\/v2\/media\/9857"}],"wp:attachment":[{"href":"https:\/\/www.bynaldis-shop.com\/index.php?rest_route=%2Fwp%2Fv2%2Fmedia&parent=9856"}],"wp:term":[{"taxonomy":"product_brand","embeddable":true,"href":"https:\/\/www.bynaldis-shop.com\/index.php?rest_route=%2Fwp%2Fv2%2Fproduct_brand&post=9856"},{"taxonomy":"product_cat","embeddable":true,"href":"https:\/\/www.bynaldis-shop.com\/index.php?rest_route=%2Fwp%2Fv2%2Fproduct_cat&post=9856"},{"taxonomy":"product_tag","embeddable":true,"href":"https:\/\/www.bynaldis-shop.com\/index.php?rest_route=%2Fwp%2Fv2%2Fproduct_tag&post=9856"}],"curies":[{"name":"wp","href":"https:\/\/api.w.org\/{rel}","templated":true}]}}