{"id":9846,"date":"2025-07-03T08:14:12","date_gmt":"2025-07-03T06:14:12","guid":{"rendered":"https:\/\/www.bynaldis-shop.com\/?post_type=product&#038;p=9846"},"modified":"2025-08-11T18:49:24","modified_gmt":"2025-08-11T16:49:24","slug":"anhaenger-engelfluegel-bergkristall-demnaechst-lieferbar","status":"publish","type":"product","link":"https:\/\/www.bynaldis-shop.com\/?product=anhaenger-engelfluegel-bergkristall-demnaechst-lieferbar","title":{"rendered":"Zierlicher Engelsfl\u00fcgel-Anh\u00e4nger aus nat\u00fcrlichem Bergkristall"},"content":{"rendered":"<p data-start=\"137\" data-end=\"204\"><strong data-start=\"137\" data-end=\"202\">Zierlicher Engelsfl\u00fcgel-Anh\u00e4nger aus nat\u00fcrlichem Bergkristall<\/strong><\/p>\n<p data-start=\"206\" data-end=\"480\">Dieser filigrane Anh\u00e4nger in Engelsfl\u00fcgelform wurde aus klarem, nat\u00fcrlichem Bergkristall gefertigt. Dank der kleinen Metall\u00f6se l\u00e4sst er sich m\u00fchelos an einer Kette oder einem Schl\u00fcsselanh\u00e4nger befestigen \u2013 so kannst du deinen pers\u00f6nlichen Schutzengel immer bei dir tragen.<\/p>\n<p data-start=\"482\" data-end=\"717\">Der Bergkristall steht f\u00fcr Klarheit, Reinheit und Energie. In Verbindung mit Rosenquarz, dem Stein der Liebe und des Mitgef\u00fchls, unterst\u00fctzt er Selbstannahme, inneren Frieden und eine liebevolle Verbindung zu dir selbst und anderen.*<\/p>\n<p data-start=\"719\" data-end=\"837\">Mit einer Gr\u00f6\u00dfe von ca. 3 x 1,5 cm ist dieser Anh\u00e4nger ein zartes Schmuckst\u00fcck voller Bedeutung und positiver Kraft.<\/p>\n<p data-start=\"839\" data-end=\"1114\"><strong data-start=\"839\" data-end=\"851\">Hinweis:<\/strong> Die beschriebenen Wirkungen basieren auf Erfahrungen von Anwendern und Edelsteintherapeuten und sind wissenschaftlich nicht erwiesen. Sie ersetzen keine medizinische Diagnose oder Behandlung. Bitte konsultiere bei gesundheitlichen Beschwerden immer einen Arzt.<\/p>\n","protected":false},"excerpt":{"rendered":"<p>Zierlicher Engelsfl\u00fcgel-Anh\u00e4nger aus nat\u00fcrlichem Bergkristall Dieser filigrane Anh\u00e4nger in Engelsfl\u00fcgelform wurde aus klarem, nat\u00fcrlichem Bergkristall gefertigt. Dank der kleinen Metall\u00f6se l\u00e4sst er sich m\u00fchelos an einer Kette oder einem Schl\u00fcsselanh\u00e4nger befestigen \u2013 so kannst du deinen pers\u00f6nlichen Schutzengel immer bei dir tragen. Der Bergkristall steht f\u00fcr Klarheit, Reinheit und Energie. In Verbindung mit Rosenquarz, dem [&hellip;]<\/p>\n<p><a class=\"read-more\" href=\"https:\/\/www.bynaldis-shop.com\/?product=anhaenger-engelfluegel-bergkristall-demnaechst-lieferbar\">Mehr lesen<span class=\"meta-nav\">&rarr;<\/span><\/a><\/p>\n","protected":false},"featured_media":9847,"template":"","meta":[],"product_brand":[],"product_cat":[219,282],"product_tag":[],"class_list":{"0":"post-9846","1":"product","2":"type-product","3":"status-publish","4":"has-post-thumbnail","6":"product_cat-noch-mehr-engel","7":"product_cat-anhaenger-und-armbaender","9":"first","10":"instock","11":"taxable","12":"shipping-taxable","13":"purchasable","14":"product-type-simple"},"_links":{"self":[{"href":"https:\/\/www.bynaldis-shop.com\/index.php?rest_route=\/wp\/v2\/product\/9846","targetHints":{"allow":["GET"]}}],"collection":[{"href":"https:\/\/www.bynaldis-shop.com\/index.php?rest_route=\/wp\/v2\/product"}],"about":[{"href":"https:\/\/www.bynaldis-shop.com\/index.php?rest_route=\/wp\/v2\/types\/product"}],"wp:featuredmedia":[{"embeddable":true,"href":"https:\/\/www.bynaldis-shop.com\/index.php?rest_route=\/wp\/v2\/media\/9847"}],"wp:attachment":[{"href":"https:\/\/www.bynaldis-shop.com\/index.php?rest_route=%2Fwp%2Fv2%2Fmedia&parent=9846"}],"wp:term":[{"taxonomy":"product_brand","embeddable":true,"href":"https:\/\/www.bynaldis-shop.com\/index.php?rest_route=%2Fwp%2Fv2%2Fproduct_brand&post=9846"},{"taxonomy":"product_cat","embeddable":true,"href":"https:\/\/www.bynaldis-shop.com\/index.php?rest_route=%2Fwp%2Fv2%2Fproduct_cat&post=9846"},{"taxonomy":"product_tag","embeddable":true,"href":"https:\/\/www.bynaldis-shop.com\/index.php?rest_route=%2Fwp%2Fv2%2Fproduct_tag&post=9846"}],"curies":[{"name":"wp","href":"https:\/\/api.w.org\/{rel}","templated":true}]}}