{"id":9820,"date":"2025-06-22T19:52:11","date_gmt":"2025-06-22T17:52:11","guid":{"rendered":"https:\/\/www.bynaldis-shop.com\/?post_type=product&#038;p=9820"},"modified":"2026-01-01T12:37:37","modified_gmt":"2026-01-01T11:37:37","slug":"anhaenger-stern-hirsch-demnaechst-lieferbar","status":"publish","type":"product","link":"https:\/\/www.bynaldis-shop.com\/?product=anhaenger-stern-hirsch-demnaechst-lieferbar","title":{"rendered":"Sternf\u00f6rmiger Metallanh\u00e4nger mit Hirsch \u2013 Ein funkelnder Blickfang f\u00fcr deine Deko"},"content":{"rendered":"<p data-start=\"86\" data-end=\"173\"><strong data-start=\"86\" data-end=\"171\">Sternf\u00f6rmiger Metallanh\u00e4nger mit Hirsch \u2013 Ein funkelnder Blickfang f\u00fcr deine Deko<\/strong><\/p>\n<p data-start=\"175\" data-end=\"389\">Dieser bezaubernde Metallanh\u00e4nger in Sternform tr\u00e4gt einen filigranen Hirsch, der anmutig und stolz in der Mitte erstrahlt. Das Zusammenspiel aus Stern und Hirsch vereint festliche Eleganz mit der Ruhe der Natur.<\/p>\n<p data-start=\"391\" data-end=\"533\">Mit der praktischen Kordel l\u00e4sst sich der 9 x 9 cm gro\u00dfe Anh\u00e4nger ganz einfach aufh\u00e4ngen \u2013 ob am Fenster, an der T\u00fcr oder am Weihnachtsbaum.<\/p>\n<p data-start=\"535\" data-end=\"652\">Ein wundersch\u00f6nes Dekost\u00fcck und ein liebevolles Geschenk f\u00fcr alle, die die Magie von Wald und Sternenhimmel lieben.<\/p>\n","protected":false},"excerpt":{"rendered":"<p>Sternf\u00f6rmiger Metallanh\u00e4nger mit Hirsch \u2013 Ein funkelnder Blickfang f\u00fcr deine Deko Dieser bezaubernde Metallanh\u00e4nger in Sternform tr\u00e4gt einen filigranen Hirsch, der anmutig und stolz in der Mitte erstrahlt. Das Zusammenspiel aus Stern und Hirsch vereint festliche Eleganz mit der Ruhe der Natur. Mit der praktischen Kordel l\u00e4sst sich der 9 x 9 cm gro\u00dfe Anh\u00e4nger [&hellip;]<\/p>\n<p><a class=\"read-more\" href=\"https:\/\/www.bynaldis-shop.com\/?product=anhaenger-stern-hirsch-demnaechst-lieferbar\">Mehr lesen<span class=\"meta-nav\">&rarr;<\/span><\/a><\/p>\n","protected":false},"featured_media":9789,"template":"","meta":[],"product_brand":[],"product_cat":[281],"product_tag":[],"class_list":{"0":"post-9820","1":"product","2":"type-product","3":"status-publish","4":"has-post-thumbnail","6":"product_cat-anhaenger","8":"first","9":"instock","10":"taxable","11":"shipping-taxable","12":"purchasable","13":"product-type-simple"},"_links":{"self":[{"href":"https:\/\/www.bynaldis-shop.com\/index.php?rest_route=\/wp\/v2\/product\/9820","targetHints":{"allow":["GET"]}}],"collection":[{"href":"https:\/\/www.bynaldis-shop.com\/index.php?rest_route=\/wp\/v2\/product"}],"about":[{"href":"https:\/\/www.bynaldis-shop.com\/index.php?rest_route=\/wp\/v2\/types\/product"}],"wp:featuredmedia":[{"embeddable":true,"href":"https:\/\/www.bynaldis-shop.com\/index.php?rest_route=\/wp\/v2\/media\/9789"}],"wp:attachment":[{"href":"https:\/\/www.bynaldis-shop.com\/index.php?rest_route=%2Fwp%2Fv2%2Fmedia&parent=9820"}],"wp:term":[{"taxonomy":"product_brand","embeddable":true,"href":"https:\/\/www.bynaldis-shop.com\/index.php?rest_route=%2Fwp%2Fv2%2Fproduct_brand&post=9820"},{"taxonomy":"product_cat","embeddable":true,"href":"https:\/\/www.bynaldis-shop.com\/index.php?rest_route=%2Fwp%2Fv2%2Fproduct_cat&post=9820"},{"taxonomy":"product_tag","embeddable":true,"href":"https:\/\/www.bynaldis-shop.com\/index.php?rest_route=%2Fwp%2Fv2%2Fproduct_tag&post=9820"}],"curies":[{"name":"wp","href":"https:\/\/api.w.org\/{rel}","templated":true}]}}