{"id":9818,"date":"2025-06-22T19:49:54","date_gmt":"2025-06-22T17:49:54","guid":{"rendered":"https:\/\/www.bynaldis-shop.com\/?post_type=product&#038;p=9818"},"modified":"2026-01-01T12:38:14","modified_gmt":"2026-01-01T11:38:14","slug":"anhaenger-herz-hirsch-demnaechst-lieferbar","status":"publish","type":"product","link":"https:\/\/www.bynaldis-shop.com\/?product=anhaenger-herz-hirsch-demnaechst-lieferbar","title":{"rendered":"Herzf\u00f6rmiger Metallanh\u00e4nger mit Hirsch \u2013 Ein Symbol f\u00fcr Naturverbundenheit und Liebe"},"content":{"rendered":"<p data-start=\"81\" data-end=\"171\"><strong data-start=\"81\" data-end=\"169\">Herzf\u00f6rmiger Metallanh\u00e4nger mit Hirsch \u2013 Ein Symbol f\u00fcr Naturverbundenheit und Liebe<\/strong><\/p>\n<p data-start=\"173\" data-end=\"365\">Dieser wundersch\u00f6ne herzf\u00f6rmige Metallanh\u00e4nger tr\u00e4gt einen filigranen Hirsch, der stolz und elegant im Zentrum steht. Das Herz verbindet die W\u00e4rme der Liebe mit der Ruhe und Kraft der Natur.<\/p>\n<p data-start=\"367\" data-end=\"530\">Mit der praktischen Kordel l\u00e4sst sich der 9 x 9 cm gro\u00dfe Anh\u00e4nger ganz einfach aufh\u00e4ngen \u2013 ob am Fenster, an der T\u00fcr oder als liebevolles Dekoelement im Zuhause.<\/p>\n<p data-start=\"532\" data-end=\"635\">Ein zauberhaftes Geschenk f\u00fcr Naturfreunde und alle, die Herz und Wald miteinander verbinden m\u00f6chten.<\/p>\n<p data-start=\"532\" data-end=\"635\"><strong>Hinweis:<\/strong> Die beschriebenen Wirkungen basieren auf Erfahrungen von Anwendern und Edelsteintherapeuten und sind wissenschaftlich nicht erwiesen. Sie ersetzen keine medizinische Diagnose oder Behandlung. Bitte konsultiere bei gesundheitlichen Beschwerden immer einen Arzt.<\/p>\n","protected":false},"excerpt":{"rendered":"<p>Herzf\u00f6rmiger Metallanh\u00e4nger mit Hirsch \u2013 Ein Symbol f\u00fcr Naturverbundenheit und Liebe Dieser wundersch\u00f6ne herzf\u00f6rmige Metallanh\u00e4nger tr\u00e4gt einen filigranen Hirsch, der stolz und elegant im Zentrum steht. Das Herz verbindet die W\u00e4rme der Liebe mit der Ruhe und Kraft der Natur. Mit der praktischen Kordel l\u00e4sst sich der 9 x 9 cm gro\u00dfe Anh\u00e4nger ganz einfach [&hellip;]<\/p>\n<p><a class=\"read-more\" href=\"https:\/\/www.bynaldis-shop.com\/?product=anhaenger-herz-hirsch-demnaechst-lieferbar\">Mehr lesen<span class=\"meta-nav\">&rarr;<\/span><\/a><\/p>\n","protected":false},"featured_media":9788,"template":"","meta":[],"product_brand":[],"product_cat":[281],"product_tag":[],"class_list":{"0":"post-9818","1":"product","2":"type-product","3":"status-publish","4":"has-post-thumbnail","6":"product_cat-anhaenger","8":"first","9":"instock","10":"taxable","11":"shipping-taxable","12":"purchasable","13":"product-type-simple"},"_links":{"self":[{"href":"https:\/\/www.bynaldis-shop.com\/index.php?rest_route=\/wp\/v2\/product\/9818","targetHints":{"allow":["GET"]}}],"collection":[{"href":"https:\/\/www.bynaldis-shop.com\/index.php?rest_route=\/wp\/v2\/product"}],"about":[{"href":"https:\/\/www.bynaldis-shop.com\/index.php?rest_route=\/wp\/v2\/types\/product"}],"wp:featuredmedia":[{"embeddable":true,"href":"https:\/\/www.bynaldis-shop.com\/index.php?rest_route=\/wp\/v2\/media\/9788"}],"wp:attachment":[{"href":"https:\/\/www.bynaldis-shop.com\/index.php?rest_route=%2Fwp%2Fv2%2Fmedia&parent=9818"}],"wp:term":[{"taxonomy":"product_brand","embeddable":true,"href":"https:\/\/www.bynaldis-shop.com\/index.php?rest_route=%2Fwp%2Fv2%2Fproduct_brand&post=9818"},{"taxonomy":"product_cat","embeddable":true,"href":"https:\/\/www.bynaldis-shop.com\/index.php?rest_route=%2Fwp%2Fv2%2Fproduct_cat&post=9818"},{"taxonomy":"product_tag","embeddable":true,"href":"https:\/\/www.bynaldis-shop.com\/index.php?rest_route=%2Fwp%2Fv2%2Fproduct_tag&post=9818"}],"curies":[{"name":"wp","href":"https:\/\/api.w.org\/{rel}","templated":true}]}}