{"id":9810,"date":"2025-06-22T19:27:55","date_gmt":"2025-06-22T17:27:55","guid":{"rendered":"https:\/\/www.bynaldis-shop.com\/?post_type=product&#038;p=9810"},"modified":"2025-08-12T11:23:04","modified_gmt":"2025-08-12T09:23:04","slug":"windlicht-hase-klein-1","status":"publish","type":"product","link":"https:\/\/www.bynaldis-shop.com\/?product=windlicht-hase-klein-1","title":{"rendered":"Hasenwindlicht mit Roller \u2013 Spa\u00df und N\u00e4he zu Ostern"},"content":{"rendered":"<p data-start=\"91\" data-end=\"148\"><strong data-start=\"91\" data-end=\"146\">Hasenwindlicht mit Roller \u2013 Spa\u00df und N\u00e4he zu Ostern<\/strong><\/p>\n<p data-start=\"150\" data-end=\"390\">Dieses bezaubernde Windlicht zeigt einen Hasen, der fr\u00f6hlich Roller f\u00e4hrt, w\u00e4hrend ein kleines Hasenkind sicher auf seinem Kopf sitzt. Ein liebevolles Symbol f\u00fcr Zusammenhalt, Abenteuerlust und das Gl\u00fcck, gemeinsam durchs Leben zu rollen.<\/p>\n<p data-start=\"392\" data-end=\"575\">Das sanfte Licht durch das Milchglas schafft eine warme, fr\u00f6hliche Atmosph\u00e4re und bringt Spa\u00df und Freude in dein Zuhause \u2013 perfekt f\u00fcr die Osterzeit oder als ganzj\u00e4hriges Dekost\u00fcck.<\/p>\n<p data-start=\"577\" data-end=\"685\">Ein liebevolles Geschenk, das die besonderen Momente zwischen Eltern und Kindern liebevoll in Szene setzt.<\/p>\n<p data-start=\"577\" data-end=\"685\">Passend dazu findest du in unserem Shop liebevoll ausgew\u00e4hlte Bienenwachsteelichter und weitere Teelichter, die deinem Stern ein besonders warmes und nat\u00fcrliches Licht schenken. Entdecke deine Lieblingslichter und kreiere magische Momente.<\/p>\n","protected":false},"excerpt":{"rendered":"<p>Hasenwindlicht mit Roller \u2013 Spa\u00df und N\u00e4he zu Ostern Dieses bezaubernde Windlicht zeigt einen Hasen, der fr\u00f6hlich Roller f\u00e4hrt, w\u00e4hrend ein kleines Hasenkind sicher auf seinem Kopf sitzt. Ein liebevolles Symbol f\u00fcr Zusammenhalt, Abenteuerlust und das Gl\u00fcck, gemeinsam durchs Leben zu rollen. Das sanfte Licht durch das Milchglas schafft eine warme, fr\u00f6hliche Atmosph\u00e4re und bringt [&hellip;]<\/p>\n<p><a class=\"read-more\" href=\"https:\/\/www.bynaldis-shop.com\/?product=windlicht-hase-klein-1\">Mehr lesen<span class=\"meta-nav\">&rarr;<\/span><\/a><\/p>\n","protected":false},"featured_media":9760,"template":"","meta":[],"product_brand":[],"product_cat":[264,211],"product_tag":[],"class_list":{"0":"post-9810","1":"product","2":"type-product","3":"status-publish","4":"has-post-thumbnail","6":"product_cat-teelichter-und-halter","7":"product_cat-ostern","9":"first","10":"instock","11":"taxable","12":"shipping-taxable","13":"purchasable","14":"product-type-simple"},"_links":{"self":[{"href":"https:\/\/www.bynaldis-shop.com\/index.php?rest_route=\/wp\/v2\/product\/9810","targetHints":{"allow":["GET"]}}],"collection":[{"href":"https:\/\/www.bynaldis-shop.com\/index.php?rest_route=\/wp\/v2\/product"}],"about":[{"href":"https:\/\/www.bynaldis-shop.com\/index.php?rest_route=\/wp\/v2\/types\/product"}],"wp:featuredmedia":[{"embeddable":true,"href":"https:\/\/www.bynaldis-shop.com\/index.php?rest_route=\/wp\/v2\/media\/9760"}],"wp:attachment":[{"href":"https:\/\/www.bynaldis-shop.com\/index.php?rest_route=%2Fwp%2Fv2%2Fmedia&parent=9810"}],"wp:term":[{"taxonomy":"product_brand","embeddable":true,"href":"https:\/\/www.bynaldis-shop.com\/index.php?rest_route=%2Fwp%2Fv2%2Fproduct_brand&post=9810"},{"taxonomy":"product_cat","embeddable":true,"href":"https:\/\/www.bynaldis-shop.com\/index.php?rest_route=%2Fwp%2Fv2%2Fproduct_cat&post=9810"},{"taxonomy":"product_tag","embeddable":true,"href":"https:\/\/www.bynaldis-shop.com\/index.php?rest_route=%2Fwp%2Fv2%2Fproduct_tag&post=9810"}],"curies":[{"name":"wp","href":"https:\/\/api.w.org\/{rel}","templated":true}]}}