{"id":9806,"date":"2025-06-22T19:16:30","date_gmt":"2025-06-22T17:16:30","guid":{"rendered":"https:\/\/www.bynaldis-shop.com\/?post_type=product&#038;p=9806"},"modified":"2026-04-26T20:44:37","modified_gmt":"2026-04-26T18:44:37","slug":"jumbobecher-mit-goldenen-herzen-demnaechst-lieferbar","status":"publish","type":"product","link":"https:\/\/www.bynaldis-shop.com\/?product=jumbobecher-mit-goldenen-herzen-demnaechst-lieferbar","title":{"rendered":"Jumbo-Becher \u201eGoldherz\u201c \u2013 Dein Lieblingsmoment in XXL"},"content":{"rendered":"<p data-start=\"113\" data-end=\"172\"><strong data-start=\"113\" data-end=\"170\">Jumbo-Becher \u201eGoldherz\u201c \u2013 Dein Lieblingsmoment in XXL<\/strong><\/p>\n<p data-start=\"174\" data-end=\"537\">Dieser edle Jumbo-Becher aus hochwertiger Keramik verzaubert mit zarten, goldenen Herzen, die wie kleine Gl\u00fccksbotschafter rundum schimmern. Mit seinen gro\u00dfz\u00fcgigen Ma\u00dfen von 13,5 x 10,5 x 8,8 cm bietet er Platz f\u00fcr all die warmen Getr\u00e4nke, die Herz und Seele umarmen \u2013 vom cremigen Latte Macchiato \u00fcber aromatischen Tee bis hin zu samtigem Kakao mit Sahnehaube.<\/p>\n<p data-start=\"539\" data-end=\"816\">Sein strahlend wei\u00dfes Design in Kombination mit den feinen goldenen Akzenten macht ihn zu einem stilvollen Blickfang \u2013 ob am Fr\u00fchst\u00fcckstisch, im B\u00fcro oder beim gem\u00fctlichen Sofa-Abend. Hier passt nicht nur mehr hinein, sondern auch mehr Genuss, mehr W\u00e4rme, mehr Herzensfreude.<\/p>\n<p data-start=\"818\" data-end=\"905\">Perfekt zum Verschenken \u2013 oder um sich selbst jeden Tag ein bisschen Luxus zu g\u00f6nnen.<\/p>\n","protected":false},"excerpt":{"rendered":"<p>Jumbo-Becher \u201eGoldherz\u201c \u2013 Dein Lieblingsmoment in XXL Dieser edle Jumbo-Becher aus hochwertiger Keramik verzaubert mit zarten, goldenen Herzen, die wie kleine Gl\u00fccksbotschafter rundum schimmern. Mit seinen gro\u00dfz\u00fcgigen Ma\u00dfen von 13,5 x 10,5 x 8,8 cm bietet er Platz f\u00fcr all die warmen Getr\u00e4nke, die Herz und Seele umarmen \u2013 vom cremigen Latte Macchiato \u00fcber aromatischen [&hellip;]<\/p>\n<p><a class=\"read-more\" href=\"https:\/\/www.bynaldis-shop.com\/?product=jumbobecher-mit-goldenen-herzen-demnaechst-lieferbar\">Mehr lesen<span class=\"meta-nav\">&rarr;<\/span><\/a><\/p>\n","protected":false},"featured_media":9773,"template":"","meta":[],"product_brand":[],"product_cat":[358,221,271],"product_tag":[],"class_list":{"0":"post-9806","1":"product","2":"type-product","3":"status-publish","4":"has-post-thumbnail","6":"product_cat-wohl-fuehl-geschirr","7":"product_cat-herziges","8":"product_cat-zubehoer-tee-und-zubehoer","10":"first","11":"instock","12":"taxable","13":"shipping-taxable","14":"purchasable","15":"product-type-simple"},"_links":{"self":[{"href":"https:\/\/www.bynaldis-shop.com\/index.php?rest_route=\/wp\/v2\/product\/9806","targetHints":{"allow":["GET"]}}],"collection":[{"href":"https:\/\/www.bynaldis-shop.com\/index.php?rest_route=\/wp\/v2\/product"}],"about":[{"href":"https:\/\/www.bynaldis-shop.com\/index.php?rest_route=\/wp\/v2\/types\/product"}],"wp:featuredmedia":[{"embeddable":true,"href":"https:\/\/www.bynaldis-shop.com\/index.php?rest_route=\/wp\/v2\/media\/9773"}],"wp:attachment":[{"href":"https:\/\/www.bynaldis-shop.com\/index.php?rest_route=%2Fwp%2Fv2%2Fmedia&parent=9806"}],"wp:term":[{"taxonomy":"product_brand","embeddable":true,"href":"https:\/\/www.bynaldis-shop.com\/index.php?rest_route=%2Fwp%2Fv2%2Fproduct_brand&post=9806"},{"taxonomy":"product_cat","embeddable":true,"href":"https:\/\/www.bynaldis-shop.com\/index.php?rest_route=%2Fwp%2Fv2%2Fproduct_cat&post=9806"},{"taxonomy":"product_tag","embeddable":true,"href":"https:\/\/www.bynaldis-shop.com\/index.php?rest_route=%2Fwp%2Fv2%2Fproduct_tag&post=9806"}],"curies":[{"name":"wp","href":"https:\/\/api.w.org\/{rel}","templated":true}]}}