{"id":9805,"date":"2025-06-22T19:13:01","date_gmt":"2025-06-22T17:13:01","guid":{"rendered":"https:\/\/www.bynaldis-shop.com\/?post_type=product&#038;p=9805"},"modified":"2025-10-28T09:45:06","modified_gmt":"2025-10-28T08:45:06","slug":"wichtel-haengend-mit-herzen-demnaechst-lieferbar","status":"publish","type":"product","link":"https:\/\/www.bynaldis-shop.com\/?product=wichtel-haengend-mit-herzen-demnaechst-lieferbar","title":{"rendered":"Wichtel Hubert h\u00e4ngend mit Herzen"},"content":{"rendered":"<p><strong data-start=\"263\" data-end=\"329\">Handgefertigter Weihnachtsanh\u00e4nger \u201eFr\u00f6hlicher Wichtel\u201c<\/strong><\/p>\n<p><br data-start=\"329\" data-end=\"332\" \/>Mit seinem strahlenden L\u00e4cheln, der roten M\u00fctze und den kleinen wei\u00dfen Herzchen bringt dieser handgefertigte Weihnachtsmann sofort festliche W\u00e4rme in jedes Zuhause. Sorgf\u00e4ltig aus Keramik gearbeitet und mit einer feinen Kordel versehen, l\u00e4sst er sich wunderbar an den Weihnachtsbaum h\u00e4ngen, an Geschenke binden oder als liebevolles Detail in deiner Winterdekoration platzieren. Jedes St\u00fcck ist ein kleines Unikat, das mit viel Herz in Handarbeit gefertigt wurde. Ma\u00dfe: ca. 4 \u00d7 4 \u00d7 6 cm.<\/p>\n","protected":false},"excerpt":{"rendered":"<p>Handgefertigter Weihnachtsanh\u00e4nger \u201eFr\u00f6hlicher Wichtel\u201c Mit seinem strahlenden L\u00e4cheln, der roten M\u00fctze und den kleinen wei\u00dfen Herzchen bringt dieser handgefertigte Weihnachtsmann sofort festliche W\u00e4rme in jedes Zuhause. Sorgf\u00e4ltig aus Keramik gearbeitet und mit einer feinen Kordel versehen, l\u00e4sst er sich wunderbar an den Weihnachtsbaum h\u00e4ngen, an Geschenke binden oder als liebevolles Detail in deiner Winterdekoration platzieren. [&hellip;]<\/p>\n<p><a class=\"read-more\" href=\"https:\/\/www.bynaldis-shop.com\/?product=wichtel-haengend-mit-herzen-demnaechst-lieferbar\">Mehr lesen<span class=\"meta-nav\">&rarr;<\/span><\/a><\/p>\n","protected":false},"featured_media":9774,"template":"","meta":[],"product_brand":[],"product_cat":[281],"product_tag":[],"class_list":{"0":"post-9805","1":"product","2":"type-product","3":"status-publish","4":"has-post-thumbnail","6":"product_cat-anhaenger","8":"first","9":"instock","10":"taxable","11":"shipping-taxable","12":"purchasable","13":"product-type-simple"},"_links":{"self":[{"href":"https:\/\/www.bynaldis-shop.com\/index.php?rest_route=\/wp\/v2\/product\/9805","targetHints":{"allow":["GET"]}}],"collection":[{"href":"https:\/\/www.bynaldis-shop.com\/index.php?rest_route=\/wp\/v2\/product"}],"about":[{"href":"https:\/\/www.bynaldis-shop.com\/index.php?rest_route=\/wp\/v2\/types\/product"}],"wp:featuredmedia":[{"embeddable":true,"href":"https:\/\/www.bynaldis-shop.com\/index.php?rest_route=\/wp\/v2\/media\/9774"}],"wp:attachment":[{"href":"https:\/\/www.bynaldis-shop.com\/index.php?rest_route=%2Fwp%2Fv2%2Fmedia&parent=9805"}],"wp:term":[{"taxonomy":"product_brand","embeddable":true,"href":"https:\/\/www.bynaldis-shop.com\/index.php?rest_route=%2Fwp%2Fv2%2Fproduct_brand&post=9805"},{"taxonomy":"product_cat","embeddable":true,"href":"https:\/\/www.bynaldis-shop.com\/index.php?rest_route=%2Fwp%2Fv2%2Fproduct_cat&post=9805"},{"taxonomy":"product_tag","embeddable":true,"href":"https:\/\/www.bynaldis-shop.com\/index.php?rest_route=%2Fwp%2Fv2%2Fproduct_tag&post=9805"}],"curies":[{"name":"wp","href":"https:\/\/api.w.org\/{rel}","templated":true}]}}