{"id":9804,"date":"2025-06-22T19:11:44","date_gmt":"2025-06-22T17:11:44","guid":{"rendered":"https:\/\/www.bynaldis-shop.com\/?post_type=product&#038;p=9804"},"modified":"2025-08-27T11:52:06","modified_gmt":"2025-08-27T09:52:06","slug":"wichtel-haengend-mit-punkten-demnaechst-lieferbar","status":"publish","type":"product","link":"https:\/\/www.bynaldis-shop.com\/?product=wichtel-haengend-mit-punkten-demnaechst-lieferbar","title":{"rendered":"Weihnachtsanh\u00e4nger \u2013 Wichtel mit roter M\u00fctze und wei\u00dfen P\u00fcnktchen"},"content":{"rendered":"<p data-start=\"103\" data-end=\"181\"><strong data-start=\"103\" data-end=\"179\">Weihnachtsanh\u00e4nger \u2013 Wichtel mit roter M\u00fctze und wei\u00dfen P\u00fcnktchen<\/strong><\/p>\n<p data-start=\"183\" data-end=\"544\">Dieser handgefertigte Weihnachtsanh\u00e4nger bringt sofort ein L\u00e4cheln ins Herz. Mit seinem fr\u00f6hlich lachenden Gesicht und der leuchtend roten M\u00fctze, die mit feinen wei\u00dfen P\u00fcnktchen verziert ist, verspr\u00fcht er pure Weihnachtsfreude. Die liebevollen Details, von den sanft ger\u00f6teten Wangen bis hin zum strahlenden Ausdruck, machen ihn zu einem besonderen Blickfang.<\/p>\n<p data-start=\"546\" data-end=\"862\">Dank der kleinen Kordel l\u00e4sst sich der Weihnachtsmann m\u00fchelos am Weihnachtsbaum, an Zweigen, Geschenken oder auch an Fenstern aufh\u00e4ngen. Ob als charmantes Detail an einem festlich gedeckten Tisch oder als fr\u00f6hlicher Gru\u00df an der T\u00fcr. Er bringt W\u00e4rme, Heiterkeit und einen Hauch von Handwerkskunst in jedes Zuhause.<\/p>\n<p data-start=\"864\" data-end=\"918\"><strong data-start=\"864\" data-end=\"873\">Ma\u00dfe:<\/strong> 4 \u00d7 4 \u00d7 6 cm<br data-start=\"886\" data-end=\"889\" \/><strong data-start=\"889\" data-end=\"902\">Material:<\/strong> Handgefertigt<\/p>\n<p data-start=\"920\" data-end=\"994\">Ein kleiner Weihnachtsgru\u00df, der jedes Jahr aufs Neue Freude schenkt.<\/p>\n","protected":false},"excerpt":{"rendered":"<p>Weihnachtsanh\u00e4nger \u2013 Wichtel mit roter M\u00fctze und wei\u00dfen P\u00fcnktchen Dieser handgefertigte Weihnachtsanh\u00e4nger bringt sofort ein L\u00e4cheln ins Herz. Mit seinem fr\u00f6hlich lachenden Gesicht und der leuchtend roten M\u00fctze, die mit feinen wei\u00dfen P\u00fcnktchen verziert ist, verspr\u00fcht er pure Weihnachtsfreude. Die liebevollen Details, von den sanft ger\u00f6teten Wangen bis hin zum strahlenden Ausdruck, machen ihn zu [&hellip;]<\/p>\n<p><a class=\"read-more\" href=\"https:\/\/www.bynaldis-shop.com\/?product=wichtel-haengend-mit-punkten-demnaechst-lieferbar\">Mehr lesen<span class=\"meta-nav\">&rarr;<\/span><\/a><\/p>\n","protected":false},"featured_media":9775,"template":"","meta":[],"product_brand":[],"product_cat":[281],"product_tag":[],"class_list":{"0":"post-9804","1":"product","2":"type-product","3":"status-publish","4":"has-post-thumbnail","6":"product_cat-anhaenger","8":"first","9":"instock","10":"taxable","11":"shipping-taxable","12":"purchasable","13":"product-type-simple"},"_links":{"self":[{"href":"https:\/\/www.bynaldis-shop.com\/index.php?rest_route=\/wp\/v2\/product\/9804","targetHints":{"allow":["GET"]}}],"collection":[{"href":"https:\/\/www.bynaldis-shop.com\/index.php?rest_route=\/wp\/v2\/product"}],"about":[{"href":"https:\/\/www.bynaldis-shop.com\/index.php?rest_route=\/wp\/v2\/types\/product"}],"wp:featuredmedia":[{"embeddable":true,"href":"https:\/\/www.bynaldis-shop.com\/index.php?rest_route=\/wp\/v2\/media\/9775"}],"wp:attachment":[{"href":"https:\/\/www.bynaldis-shop.com\/index.php?rest_route=%2Fwp%2Fv2%2Fmedia&parent=9804"}],"wp:term":[{"taxonomy":"product_brand","embeddable":true,"href":"https:\/\/www.bynaldis-shop.com\/index.php?rest_route=%2Fwp%2Fv2%2Fproduct_brand&post=9804"},{"taxonomy":"product_cat","embeddable":true,"href":"https:\/\/www.bynaldis-shop.com\/index.php?rest_route=%2Fwp%2Fv2%2Fproduct_cat&post=9804"},{"taxonomy":"product_tag","embeddable":true,"href":"https:\/\/www.bynaldis-shop.com\/index.php?rest_route=%2Fwp%2Fv2%2Fproduct_tag&post=9804"}],"curies":[{"name":"wp","href":"https:\/\/api.w.org\/{rel}","templated":true}]}}