{"id":9747,"date":"2025-06-22T17:03:32","date_gmt":"2025-06-22T15:03:32","guid":{"rendered":"https:\/\/www.bynaldis-shop.com\/?post_type=product&#038;p=9747"},"modified":"2025-10-28T10:22:06","modified_gmt":"2025-10-28T09:22:06","slug":"wichtel-mit-sack-zum-befuellen","status":"publish","type":"product","link":"https:\/\/www.bynaldis-shop.com\/?product=wichtel-mit-sack-zum-befuellen","title":{"rendered":"Ein Herzenswunsch f\u00fcr die sch\u00f6nste Zeit des Jahres"},"content":{"rendered":"<p data-start=\"140\" data-end=\"194\"><strong data-start=\"140\" data-end=\"194\">Ein Herzenswunsch f\u00fcr die sch\u00f6nste Zeit des Jahres<\/strong><\/p>\n<p data-start=\"196\" data-end=\"529\">Weihnachten ist die Zeit, in der kleine Gesten gro\u00dfe Freude schenken und Herzen miteinander verbunden werden. Unser liebevoll gestalteter Nikolauswichtel mit seiner roten M\u00fctze, dem langen Bart und seinem gem\u00fctlichen grauen Mantel ist mehr als nur eine Dekoration \u2013 er ist ein Symbol der Geborgenheit, der Liebe und des Miteinanders.<\/p>\n<p data-start=\"531\" data-end=\"816\">Sein kleiner, bef\u00fcllbarer Sack ist wie ein Schatz, der Jahr f\u00fcr Jahr mit liebevollen \u00dcberraschungen gef\u00fcllt werden darf. Ob N\u00fcsse, Schokolade, kleine Botschaften oder Geschenke. All das zaubert ein L\u00e4cheln auf die Gesichter deiner Liebsten und macht die Weihnachtszeit noch magischer.<\/p>\n<p data-start=\"818\" data-end=\"1120\">Der Nikolauswichtel ist perfekt f\u00fcr die ganze Familie und noch viel mehr: ein liebevolles Geschenk f\u00fcr Tanten, Onkels, Gro\u00dfeltern, Eltern, Geschwister, Freunde, Lehrer, Erzieherinnen und Erzieher oder als zauberhafte \u00dcberraschung f\u00fcr Kita-Gruppen. So wird das Schenken noch pers\u00f6nlicher und herzlicher.<\/p>\n<p data-start=\"1122\" data-end=\"1292\">Er begleitet dich durch die Adventszeit, bringt W\u00e4rme in dein Zuhause und erinnert daran, wie sch\u00f6n es ist, Freude zu schenken und gemeinsam besondere Momente zu erleben.<\/p>\n<p data-start=\"1294\" data-end=\"1399\">Ein treuer Begleiter f\u00fcr unz\u00e4hlige Weihnachtsfeste und immer wieder neu bef\u00fcllt, immer wieder voller Liebe.<\/p>\n","protected":false},"excerpt":{"rendered":"<p>Ein Herzenswunsch f\u00fcr die sch\u00f6nste Zeit des Jahres Weihnachten ist die Zeit, in der kleine Gesten gro\u00dfe Freude schenken und Herzen miteinander verbunden werden. Unser liebevoll gestalteter Nikolauswichtel mit seiner roten M\u00fctze, dem langen Bart und seinem gem\u00fctlichen grauen Mantel ist mehr als nur eine Dekoration \u2013 er ist ein Symbol der Geborgenheit, der Liebe [&hellip;]<\/p>\n<p><a class=\"read-more\" href=\"https:\/\/www.bynaldis-shop.com\/?product=wichtel-mit-sack-zum-befuellen\">Mehr lesen<span class=\"meta-nav\">&rarr;<\/span><\/a><\/p>\n","protected":false},"featured_media":9720,"template":"","meta":[],"product_brand":[],"product_cat":[290,276],"product_tag":[],"class_list":{"0":"post-9747","1":"product","2":"type-product","3":"status-publish","4":"has-post-thumbnail","6":"product_cat-weihnachtszauber-fuer-kleine-herzen","7":"product_cat-weihnachtsmaenner-und-wichtel","9":"first","10":"instock","11":"taxable","12":"shipping-taxable","13":"purchasable","14":"product-type-simple"},"_links":{"self":[{"href":"https:\/\/www.bynaldis-shop.com\/index.php?rest_route=\/wp\/v2\/product\/9747","targetHints":{"allow":["GET"]}}],"collection":[{"href":"https:\/\/www.bynaldis-shop.com\/index.php?rest_route=\/wp\/v2\/product"}],"about":[{"href":"https:\/\/www.bynaldis-shop.com\/index.php?rest_route=\/wp\/v2\/types\/product"}],"wp:featuredmedia":[{"embeddable":true,"href":"https:\/\/www.bynaldis-shop.com\/index.php?rest_route=\/wp\/v2\/media\/9720"}],"wp:attachment":[{"href":"https:\/\/www.bynaldis-shop.com\/index.php?rest_route=%2Fwp%2Fv2%2Fmedia&parent=9747"}],"wp:term":[{"taxonomy":"product_brand","embeddable":true,"href":"https:\/\/www.bynaldis-shop.com\/index.php?rest_route=%2Fwp%2Fv2%2Fproduct_brand&post=9747"},{"taxonomy":"product_cat","embeddable":true,"href":"https:\/\/www.bynaldis-shop.com\/index.php?rest_route=%2Fwp%2Fv2%2Fproduct_cat&post=9747"},{"taxonomy":"product_tag","embeddable":true,"href":"https:\/\/www.bynaldis-shop.com\/index.php?rest_route=%2Fwp%2Fv2%2Fproduct_tag&post=9747"}],"curies":[{"name":"wp","href":"https:\/\/api.w.org\/{rel}","templated":true}]}}