{"id":9742,"date":"2025-06-22T17:00:16","date_gmt":"2025-06-22T15:00:16","guid":{"rendered":"https:\/\/www.bynaldis-shop.com\/?post_type=product&#038;p=9742"},"modified":"2026-04-26T20:58:40","modified_gmt":"2026-04-26T18:58:40","slug":"wichtelbeutel-junge","status":"publish","type":"product","link":"https:\/\/www.bynaldis-shop.com\/?product=wichtelbeutel-junge","title":{"rendered":"Fr\u00f6hlicher Wichtelbeutel f\u00fcr kleine Weihnachtsfreuden"},"content":{"rendered":"<p data-start=\"101\" data-end=\"158\"><strong data-start=\"101\" data-end=\"158\">Fr\u00f6hlicher Wichtelbeutel f\u00fcr kleine Weihnachtsfreuden<\/strong><\/p>\n<p data-start=\"160\" data-end=\"518\">Unser bezaubernder Wichtelbeutel mit einem kleinen Wichteljungen ist das perfekte Accessoire f\u00fcr die festliche Jahreszeit. Der nat\u00fcrliche Jutesack mit roter Kordel zum Zuziehen zeigt einen fr\u00f6hlichen Wichtel, der ein kleines Geschenk in den H\u00e4nden h\u00e4lt, umgeben von zwei niedlichen Weihnachtsb\u00e4umchen, ein Symbol f\u00fcr Freude und Zauber in der Weihnachtszeit.<\/p>\n<p data-start=\"520\" data-end=\"694\">Ob gef\u00fcllt mit N\u00fcssen, kleinen Spielsachen, S\u00fc\u00dfigkeiten oder besonderen \u00dcberraschungen von Oma und Opa. Dieser Beutel bewahrt all die sch\u00f6nen Geschenke auf liebevolle Weise.<\/p>\n<p data-start=\"696\" data-end=\"921\">Handgefertigt und praktisch l\u00e4dt er Kinder und Erwachsene ein, die festliche Stimmung zu genie\u00dfen und das Schenken zu einem liebevollen Moment zu machen. Ein kleiner Begleiter, der das Herz w\u00e4rmt und Weihnachtsfreude schenkt.<\/p>\n","protected":false},"excerpt":{"rendered":"<p>Fr\u00f6hlicher Wichtelbeutel f\u00fcr kleine Weihnachtsfreuden Unser bezaubernder Wichtelbeutel mit einem kleinen Wichteljungen ist das perfekte Accessoire f\u00fcr die festliche Jahreszeit. Der nat\u00fcrliche Jutesack mit roter Kordel zum Zuziehen zeigt einen fr\u00f6hlichen Wichtel, der ein kleines Geschenk in den H\u00e4nden h\u00e4lt, umgeben von zwei niedlichen Weihnachtsb\u00e4umchen, ein Symbol f\u00fcr Freude und Zauber in der Weihnachtszeit. Ob [&hellip;]<\/p>\n<p><a class=\"read-more\" href=\"https:\/\/www.bynaldis-shop.com\/?product=wichtelbeutel-junge\">Mehr lesen<span class=\"meta-nav\">&rarr;<\/span><\/a><\/p>\n","protected":false},"featured_media":9715,"template":"","meta":[],"product_brand":[],"product_cat":[290,276,280],"product_tag":[],"class_list":{"0":"post-9742","1":"product","2":"type-product","3":"status-publish","4":"has-post-thumbnail","6":"product_cat-weihnachtszauber-fuer-kleine-herzen","7":"product_cat-weihnachtsmaenner-und-wichtel","8":"product_cat-noch-mehr-weihnachten","10":"first","11":"instock","12":"taxable","13":"shipping-taxable","14":"purchasable","15":"product-type-simple"},"_links":{"self":[{"href":"https:\/\/www.bynaldis-shop.com\/index.php?rest_route=\/wp\/v2\/product\/9742","targetHints":{"allow":["GET"]}}],"collection":[{"href":"https:\/\/www.bynaldis-shop.com\/index.php?rest_route=\/wp\/v2\/product"}],"about":[{"href":"https:\/\/www.bynaldis-shop.com\/index.php?rest_route=\/wp\/v2\/types\/product"}],"wp:featuredmedia":[{"embeddable":true,"href":"https:\/\/www.bynaldis-shop.com\/index.php?rest_route=\/wp\/v2\/media\/9715"}],"wp:attachment":[{"href":"https:\/\/www.bynaldis-shop.com\/index.php?rest_route=%2Fwp%2Fv2%2Fmedia&parent=9742"}],"wp:term":[{"taxonomy":"product_brand","embeddable":true,"href":"https:\/\/www.bynaldis-shop.com\/index.php?rest_route=%2Fwp%2Fv2%2Fproduct_brand&post=9742"},{"taxonomy":"product_cat","embeddable":true,"href":"https:\/\/www.bynaldis-shop.com\/index.php?rest_route=%2Fwp%2Fv2%2Fproduct_cat&post=9742"},{"taxonomy":"product_tag","embeddable":true,"href":"https:\/\/www.bynaldis-shop.com\/index.php?rest_route=%2Fwp%2Fv2%2Fproduct_tag&post=9742"}],"curies":[{"name":"wp","href":"https:\/\/api.w.org\/{rel}","templated":true}]}}