{"id":9732,"date":"2025-06-22T16:52:40","date_gmt":"2025-06-22T14:52:40","guid":{"rendered":"https:\/\/www.bynaldis-shop.com\/?post_type=product&#038;p=9732"},"modified":"2025-08-12T12:01:54","modified_gmt":"2025-08-12T10:01:54","slug":"gipsteelicht-im-glas-mit-postkartenhalter","status":"publish","type":"product","link":"https:\/\/www.bynaldis-shop.com\/?product=gipsteelicht-im-glas-mit-postkartenhalter","title":{"rendered":"Gro\u00dfes Weckglas mit Schutzengel \u2013 Ein Licht der Liebe und Leichtigkeit zu Weihnachten"},"content":{"rendered":"<p data-start=\"0\" data-end=\"89\"><strong data-start=\"0\" data-end=\"89\">Gro\u00dfes Weckglas mit Schutzengel \u2013 Ein Licht der Liebe und Leichtigkeit zu Weihnachten<\/strong><\/p>\n<p data-start=\"91\" data-end=\"382\">Dieses wundersch\u00f6ne gro\u00dfe Weckglas schenkt dir eine besondere Portion W\u00e4rme und Geborgenheit in der festlichen Zeit. Im Inneren funkelt ein handgefertigtes Gipsteelicht mit einem zarten Schutzengel, umgeben von weichem Moos und feinem Engelshaar \u2013 ein kleines Wunder voller Liebe und Schutz.<\/p>\n<p data-start=\"384\" data-end=\"763\">Der Deckel wird von wei\u00dfen F\u00e4den umrahmt, die Leichtigkeit und Sanftheit symbolisieren und die Magie von Weihnachten einfangen. Obenauf liegt eine nat\u00fcrliche Birkenscheibe, die mit einem wei\u00dfen Herz als Postkartenhalter verziert ist. Hier kannst du liebevolle Erinnerungen, Gl\u00fcckw\u00fcnsche oder kleine Botschaften anbringen und so deine ganz pers\u00f6nliche Weihnachtsstimmung schaffen.<\/p>\n<p data-start=\"765\" data-end=\"1010\" data-is-last-node=\"\" data-is-only-node=\"\">Dieses besondere Weckglas ist mehr als eine Dekoration \u2013 es ist ein liebevolles Zeichen, das Herz und Seele ber\u00fchrt und deinen Alltag mit himmlischem Licht erf\u00fcllt. Perfekt als Geschenk oder um dir selbst ein St\u00fcck Schutzengelzauber zu schenken.<\/p>\n<p data-start=\"59\" data-end=\"479\">Passend zu unseren liebevoll gefertigten Teelichthaltern findest du in unserem Shop auch eine bezaubernde Auswahl an nat\u00fcrlichen Bienenwachsteelichtern. Diese besonderen Teelichter bringen mit ihrem warmen, sanften Licht und dem nat\u00fcrlichen Duft noch mehr Wohlgef\u00fchl und Gem\u00fctlichkeit in dein Zuhause. Entdecke die perfekte Kombination aus Handwerkskunst und Natur \u2013 f\u00fcr strahlende Momente voller W\u00e4rme und Herzlichkeit.<\/p>\n","protected":false},"excerpt":{"rendered":"<p>Gro\u00dfes Weckglas mit Schutzengel \u2013 Ein Licht der Liebe und Leichtigkeit zu Weihnachten Dieses wundersch\u00f6ne gro\u00dfe Weckglas schenkt dir eine besondere Portion W\u00e4rme und Geborgenheit in der festlichen Zeit. Im Inneren funkelt ein handgefertigtes Gipsteelicht mit einem zarten Schutzengel, umgeben von weichem Moos und feinem Engelshaar \u2013 ein kleines Wunder voller Liebe und Schutz. Der [&hellip;]<\/p>\n<p><a class=\"read-more\" href=\"https:\/\/www.bynaldis-shop.com\/?product=gipsteelicht-im-glas-mit-postkartenhalter\">Mehr lesen<span class=\"meta-nav\">&rarr;<\/span><\/a><\/p>\n","protected":false},"featured_media":9705,"template":"","meta":[],"product_brand":[],"product_cat":[265],"product_tag":[],"class_list":{"0":"post-9732","1":"product","2":"type-product","3":"status-publish","4":"has-post-thumbnail","6":"product_cat-kerzen-im-glas","8":"first","9":"instock","10":"taxable","11":"shipping-taxable","12":"purchasable","13":"product-type-simple"},"_links":{"self":[{"href":"https:\/\/www.bynaldis-shop.com\/index.php?rest_route=\/wp\/v2\/product\/9732","targetHints":{"allow":["GET"]}}],"collection":[{"href":"https:\/\/www.bynaldis-shop.com\/index.php?rest_route=\/wp\/v2\/product"}],"about":[{"href":"https:\/\/www.bynaldis-shop.com\/index.php?rest_route=\/wp\/v2\/types\/product"}],"wp:featuredmedia":[{"embeddable":true,"href":"https:\/\/www.bynaldis-shop.com\/index.php?rest_route=\/wp\/v2\/media\/9705"}],"wp:attachment":[{"href":"https:\/\/www.bynaldis-shop.com\/index.php?rest_route=%2Fwp%2Fv2%2Fmedia&parent=9732"}],"wp:term":[{"taxonomy":"product_brand","embeddable":true,"href":"https:\/\/www.bynaldis-shop.com\/index.php?rest_route=%2Fwp%2Fv2%2Fproduct_brand&post=9732"},{"taxonomy":"product_cat","embeddable":true,"href":"https:\/\/www.bynaldis-shop.com\/index.php?rest_route=%2Fwp%2Fv2%2Fproduct_cat&post=9732"},{"taxonomy":"product_tag","embeddable":true,"href":"https:\/\/www.bynaldis-shop.com\/index.php?rest_route=%2Fwp%2Fv2%2Fproduct_tag&post=9732"}],"curies":[{"name":"wp","href":"https:\/\/api.w.org\/{rel}","templated":true}]}}