{"id":9730,"date":"2025-06-22T16:50:44","date_gmt":"2025-06-22T14:50:44","guid":{"rendered":"https:\/\/www.bynaldis-shop.com\/?post_type=product&#038;p=9730"},"modified":"2025-08-11T19:41:51","modified_gmt":"2025-08-11T17:41:51","slug":"holz-engel-mit-goldenen-fluegel","status":"publish","type":"product","link":"https:\/\/www.bynaldis-shop.com\/?product=holz-engel-mit-goldenen-fluegel","title":{"rendered":"Holzengel aus Manganoholz mit Blattgold-Fl\u00fcgeln \u2013 Ein himmlischer Begleiter f\u00fcr die Weihnachtszeit"},"content":{"rendered":"<article class=\"text-token-text-primary w-full focus:outline-none scroll-mt-[calc(var(--header-height)+min(200px,max(70px,20svh)))]\" dir=\"auto\" tabindex=\"-1\" data-turn-id=\"request-WEB:ee95594d-d694-410b-b9c2-490cc6bdb922-119\" data-testid=\"conversation-turn-240\" data-scroll-anchor=\"true\" data-turn=\"assistant\">\n<div class=\"text-base my-auto mx-auto pb-10 [--thread-content-margin:--spacing(4)] @[37rem]:[--thread-content-margin:--spacing(6)] @[72rem]:[--thread-content-margin:--spacing(16)] px-(--thread-content-margin)\">\n<div class=\"[--thread-content-max-width:32rem] @[34rem]:[--thread-content-max-width:40rem] @[64rem]:[--thread-content-max-width:48rem] mx-auto max-w-(--thread-content-max-width) flex-1 group\/turn-messages focus-visible:outline-hidden relative flex w-full min-w-0 flex-col agent-turn\" tabindex=\"-1\">\n<div class=\"flex max-w-full flex-col grow\">\n<div class=\"min-h-8 text-message relative flex w-full flex-col items-end gap-2 text-start break-words whitespace-normal [.text-message+&amp;]:mt-5\" dir=\"auto\" data-message-author-role=\"assistant\" data-message-id=\"485b1578-d311-4458-8c12-7319369c8dea\" data-message-model-slug=\"gpt-4-1-mini\">\n<div class=\"flex w-full flex-col gap-1 empty:hidden first:pt-[3px]\">\n<div class=\"markdown prose dark:prose-invert w-full break-words light markdown-new-styling\">\n<p data-start=\"0\" data-end=\"100\"><strong data-start=\"0\" data-end=\"100\">Holzengel aus Manganoholz mit Blattgold-Fl\u00fcgeln \u2013 Ein himmlischer Begleiter f\u00fcr die Weihnachtszeit<\/strong><\/p>\n<p data-start=\"102\" data-end=\"358\">Dieser wundersch\u00f6ne, handgefertigte Holzengel aus unbehandeltem Manganoholz bringt eine besondere W\u00e4rme und Ruhe in dein Zuhause. Mit seinen zarten Fl\u00fcgeln, die liebevoll mit echtem Blattgold verziert sind, strahlt er himmlische Eleganz und zarte Magie aus.<\/p>\n<p data-start=\"360\" data-end=\"628\">Der stehende Engel ist ein Symbol f\u00fcr Schutz, Liebe und Licht \u2013 eine liebevolle Botschaft aus der Engelwelt, die dich durch die festliche Weihnachtszeit begleitet. Seine nat\u00fcrliche Holzstruktur verleiht ihm Authentizit\u00e4t und verbindet dich mit der Sch\u00f6nheit der Natur.<\/p>\n<p data-start=\"630\" data-end=\"907\" data-is-last-node=\"\" data-is-only-node=\"\">Ob als Geschenk oder als liebevolle Dekoration f\u00fcr dein Zuhause \u2013 dieser Engel schenkt dir ein Gef\u00fchl von Geborgenheit und himmlischem Frieden. Lass dich von seiner sanften Pr\u00e4senz verzaubern und sp\u00fcre die N\u00e4he der Engel, die in dieser besonderen Jahreszeit besonders nah sind.<\/p>\n<\/div>\n<\/div>\n<\/div>\n<\/div>\n<div class=\"flex min-h-[46px] justify-start\">\n<div class=\"touch:-me-2 touch:-ms-3.5 -ms-2.5 -me-1 flex flex-wrap items-center gap-y-4 p-1 select-none touch:w-[calc(100%+--spacing(3.5))] -mt-1 w-[calc(100%+--spacing(2.5))] duration-[1.5s] focus-within:transition-none hover:transition-none pointer-events-none [mask-image:linear-gradient(to_right,black_33%,transparent_66%)] [mask-size:300%_100%] [mask-position:100%_0%] motion-safe:transition-[mask-position] group-hover\/turn-messages:pointer-events-auto group-hover\/turn-messages:[mask-position:0_0] group-focus-within\/turn-messages:pointer-events-auto group-focus-within\/turn-messages:[mask-position:0_0] has-data-[state=open]:pointer-events-auto has-data-[state=open]:[mask-position:0_0]\">\n<p>&nbsp;<\/p>\n<div class=\"flex items-center\"><\/div>\n<div class=\"grow\"><\/div>\n<\/div>\n<\/div>\n<div class=\"aria-live=polite absolute select-none\">\n<div class=\"flex items-center justify-center\"><\/div>\n<\/div>\n<\/div>\n<\/div>\n<\/article>\n<div class=\"pointer-events-none h-px w-px\" aria-hidden=\"true\" data-edge=\"true\"><\/div>\n","protected":false},"excerpt":{"rendered":"<p>Holzengel aus Manganoholz mit Blattgold-Fl\u00fcgeln \u2013 Ein himmlischer Begleiter f\u00fcr die Weihnachtszeit Dieser wundersch\u00f6ne, handgefertigte Holzengel aus unbehandeltem Manganoholz bringt eine besondere W\u00e4rme und Ruhe in dein Zuhause. Mit seinen zarten Fl\u00fcgeln, die liebevoll mit echtem Blattgold verziert sind, strahlt er himmlische Eleganz und zarte Magie aus. Der stehende Engel ist ein Symbol f\u00fcr Schutz, [&hellip;]<\/p>\n<p><a class=\"read-more\" href=\"https:\/\/www.bynaldis-shop.com\/?product=holz-engel-mit-goldenen-fluegel\">Mehr lesen<span class=\"meta-nav\">&rarr;<\/span><\/a><\/p>\n","protected":false},"featured_media":9703,"template":"","meta":[],"product_brand":[],"product_cat":[219,279],"product_tag":[],"class_list":{"0":"post-9730","1":"product","2":"type-product","3":"status-publish","4":"has-post-thumbnail","6":"product_cat-noch-mehr-engel","7":"product_cat-weihnachtsengel","9":"first","10":"instock","11":"taxable","12":"shipping-taxable","13":"purchasable","14":"product-type-simple"},"_links":{"self":[{"href":"https:\/\/www.bynaldis-shop.com\/index.php?rest_route=\/wp\/v2\/product\/9730","targetHints":{"allow":["GET"]}}],"collection":[{"href":"https:\/\/www.bynaldis-shop.com\/index.php?rest_route=\/wp\/v2\/product"}],"about":[{"href":"https:\/\/www.bynaldis-shop.com\/index.php?rest_route=\/wp\/v2\/types\/product"}],"wp:featuredmedia":[{"embeddable":true,"href":"https:\/\/www.bynaldis-shop.com\/index.php?rest_route=\/wp\/v2\/media\/9703"}],"wp:attachment":[{"href":"https:\/\/www.bynaldis-shop.com\/index.php?rest_route=%2Fwp%2Fv2%2Fmedia&parent=9730"}],"wp:term":[{"taxonomy":"product_brand","embeddable":true,"href":"https:\/\/www.bynaldis-shop.com\/index.php?rest_route=%2Fwp%2Fv2%2Fproduct_brand&post=9730"},{"taxonomy":"product_cat","embeddable":true,"href":"https:\/\/www.bynaldis-shop.com\/index.php?rest_route=%2Fwp%2Fv2%2Fproduct_cat&post=9730"},{"taxonomy":"product_tag","embeddable":true,"href":"https:\/\/www.bynaldis-shop.com\/index.php?rest_route=%2Fwp%2Fv2%2Fproduct_tag&post=9730"}],"curies":[{"name":"wp","href":"https:\/\/api.w.org\/{rel}","templated":true}]}}