{"id":9726,"date":"2025-06-22T16:45:59","date_gmt":"2025-06-22T14:45:59","guid":{"rendered":"https:\/\/www.bynaldis-shop.com\/?post_type=product&#038;p=9726"},"modified":"2025-10-19T13:32:04","modified_gmt":"2025-10-19T11:32:04","slug":"engelkreis-aus-gips","status":"publish","type":"product","link":"https:\/\/www.bynaldis-shop.com\/?product=engelkreis-aus-gips","title":{"rendered":"Gipsteelicht Wei\u00df mit Engeln \u2013 Lichtvoller Schutz und liebevolle Begleitung"},"content":{"rendered":"<article class=\"text-token-text-primary w-full focus:outline-none scroll-mt-[calc(var(--header-height)+min(200px,max(70px,20svh)))]\" dir=\"auto\" tabindex=\"-1\" data-turn-id=\"request-WEB:ee95594d-d694-410b-b9c2-490cc6bdb922-124\" data-testid=\"conversation-turn-250\" data-scroll-anchor=\"true\" data-turn=\"assistant\">\n<div class=\"text-base my-auto mx-auto pb-10 [--thread-content-margin:--spacing(4)] @[37rem]:[--thread-content-margin:--spacing(6)] @[72rem]:[--thread-content-margin:--spacing(16)] px-(--thread-content-margin)\">\n<div class=\"[--thread-content-max-width:32rem] @[34rem]:[--thread-content-max-width:40rem] @[64rem]:[--thread-content-max-width:48rem] mx-auto max-w-(--thread-content-max-width) flex-1 group\/turn-messages focus-visible:outline-hidden relative flex w-full min-w-0 flex-col agent-turn\" tabindex=\"-1\">\n<div class=\"flex max-w-full flex-col grow\">\n<div class=\"min-h-8 text-message relative flex w-full flex-col items-end gap-2 text-start break-words whitespace-normal [.text-message+&amp;]:mt-5\" dir=\"auto\" data-message-author-role=\"assistant\" data-message-id=\"6b95f42a-f800-419a-a1fd-696f46f7c545\" data-message-model-slug=\"gpt-4-1-mini\">\n<div class=\"flex w-full flex-col gap-1 empty:hidden first:pt-[3px]\">\n<div class=\"markdown prose dark:prose-invert w-full break-words light markdown-new-styling\">\n<p data-start=\"0\" data-end=\"76\"><strong>Gipsteelicht Wei\u00df mit Engeln \u2013 Lichtvoller Schutz und liebevolle Begleitung<\/strong><\/p>\n<p data-start=\"78\" data-end=\"291\">Dieses zarte wei\u00dfe Gipsteelicht mit feinen Engelsmotiven ist ein sanfter Begleiter durch alle Jahreszeiten. Es erinnert uns daran, dass Engel uns stets beh\u00fcten und besch\u00fctzen \u2013 mit Licht, Liebe, Kraft und St\u00e4rke.<\/p>\n<p data-start=\"293\" data-end=\"594\">Besonders tr\u00f6stlich ist es f\u00fcr Menschen in Trauer, schenkt Trost und Hoffnung in schweren Momenten. Doch auch f\u00fcr Kinder, Geschwister oder jeden Herzensmenschen ist es ein symbolischer Lichtspender, der zeigt: Engel sind jederzeit bei uns, begleiten uns durchs Leben und schenken Zuversicht und W\u00e4rme.<\/p>\n<p data-start=\"596\" data-end=\"822\" data-is-last-node=\"\" data-is-only-node=\"\">Dieses Teelicht ist mehr als nur ein Lichtspender \u2013 es ist ein liebevolles Zeichen des Schutzes und der Geborgenheit, das uns das ganze Jahr \u00fcber begleitet und unser Zuhause mit einer besonderen, heilsamen Atmosph\u00e4re erf\u00fcllt.<\/p>\n<\/div>\n<\/div>\n<\/div>\n<\/div>\n<div class=\"flex min-h-[46px] justify-start\"><\/div>\n<div class=\"aria-live=polite absolute select-none\">\n<div class=\"flex items-center justify-center\"><\/div>\n<\/div>\n<\/div>\n<\/div>\n<\/article>\n<div class=\"pointer-events-none h-px w-px\" aria-hidden=\"true\" data-edge=\"true\"><\/div>\n","protected":false},"excerpt":{"rendered":"<p>Gipsteelicht Wei\u00df mit Engeln \u2013 Lichtvoller Schutz und liebevolle Begleitung Dieses zarte wei\u00dfe Gipsteelicht mit feinen Engelsmotiven ist ein sanfter Begleiter durch alle Jahreszeiten. Es erinnert uns daran, dass Engel uns stets beh\u00fcten und besch\u00fctzen \u2013 mit Licht, Liebe, Kraft und St\u00e4rke. Besonders tr\u00f6stlich ist es f\u00fcr Menschen in Trauer, schenkt Trost und Hoffnung in [&hellip;]<\/p>\n<p><a class=\"read-more\" href=\"https:\/\/www.bynaldis-shop.com\/?product=engelkreis-aus-gips\">Mehr lesen<span class=\"meta-nav\">&rarr;<\/span><\/a><\/p>\n","protected":false},"featured_media":9699,"template":"","meta":[],"product_brand":[],"product_cat":[291,219],"product_tag":[],"class_list":{"0":"post-9726","1":"product","2":"type-product","3":"status-publish","4":"has-post-thumbnail","6":"product_cat-engel-fuer-kleine-herzen","7":"product_cat-noch-mehr-engel","9":"first","10":"instock","11":"taxable","12":"shipping-taxable","13":"purchasable","14":"product-type-simple"},"_links":{"self":[{"href":"https:\/\/www.bynaldis-shop.com\/index.php?rest_route=\/wp\/v2\/product\/9726","targetHints":{"allow":["GET"]}}],"collection":[{"href":"https:\/\/www.bynaldis-shop.com\/index.php?rest_route=\/wp\/v2\/product"}],"about":[{"href":"https:\/\/www.bynaldis-shop.com\/index.php?rest_route=\/wp\/v2\/types\/product"}],"wp:featuredmedia":[{"embeddable":true,"href":"https:\/\/www.bynaldis-shop.com\/index.php?rest_route=\/wp\/v2\/media\/9699"}],"wp:attachment":[{"href":"https:\/\/www.bynaldis-shop.com\/index.php?rest_route=%2Fwp%2Fv2%2Fmedia&parent=9726"}],"wp:term":[{"taxonomy":"product_brand","embeddable":true,"href":"https:\/\/www.bynaldis-shop.com\/index.php?rest_route=%2Fwp%2Fv2%2Fproduct_brand&post=9726"},{"taxonomy":"product_cat","embeddable":true,"href":"https:\/\/www.bynaldis-shop.com\/index.php?rest_route=%2Fwp%2Fv2%2Fproduct_cat&post=9726"},{"taxonomy":"product_tag","embeddable":true,"href":"https:\/\/www.bynaldis-shop.com\/index.php?rest_route=%2Fwp%2Fv2%2Fproduct_tag&post=9726"}],"curies":[{"name":"wp","href":"https:\/\/api.w.org\/{rel}","templated":true}]}}