{"id":9600,"date":"2025-06-22T10:34:32","date_gmt":"2025-06-22T08:34:32","guid":{"rendered":"https:\/\/www.bynaldis-shop.com\/?post_type=product&#038;p=9600"},"modified":"2026-04-26T20:51:27","modified_gmt":"2026-04-26T18:51:27","slug":"herzhaus-2-demnaechst-lieferbar","status":"publish","type":"product","link":"https:\/\/www.bynaldis-shop.com\/?product=herzhaus-2-demnaechst-lieferbar","title":{"rendered":"Herzhaus D\u00fcnn Duo LED-Lichter \u2013 Gemeinsam strahlt das Zuhause heller"},"content":{"rendered":"<p data-start=\"89\" data-end=\"156\"><strong data-start=\"89\" data-end=\"156\">Herzhaus Duo LED-Lichter \u2013 Gemeinsam strahlt das Zuhause heller<\/strong><\/p>\n<p data-start=\"158\" data-end=\"461\">Diese beiden entz\u00fcckenden Herzh\u00e4user stehen Seite an Seite, verbunden durch ihre liebevolle Gestaltung und das warme Licht, das sie schenken. Mit ihren wei\u00dfen Fassaden, den weihnachtlich roten D\u00e4chern und Schornsteinen sowie den zwei roten Herzen verbreiten sie doppelte W\u00e4rme und doppelte Geborgenheit.<\/p>\n<p data-start=\"463\" data-end=\"772\">Durch die ge\u00f6ffneten Fenster und den Schornstein schimmert das sanfte LED-Licht und erf\u00fcllt jeden Raum mit einer heimeligen Atmosph\u00e4re voller Liebe und Harmonie. Mit einer H\u00f6he von 16,7 cm sind die beiden H\u00e4uschen ein wundersch\u00f6nes Symbol daf\u00fcr, dass das Leben zusammen einfach heller, w\u00e4rmer und sch\u00f6ner ist.<\/p>\n<p data-start=\"774\" data-end=\"947\">Verschenke dieses liebevolle Duo an dich selbst oder deine Herzensmenschen \u2013 als Zeichen f\u00fcr Verbundenheit, W\u00e4rme und das Leuchten, das nur ein echtes Zuhause schenken kann.<\/p>\n","protected":false},"excerpt":{"rendered":"<p>Herzhaus Duo LED-Lichter \u2013 Gemeinsam strahlt das Zuhause heller Diese beiden entz\u00fcckenden Herzh\u00e4user stehen Seite an Seite, verbunden durch ihre liebevolle Gestaltung und das warme Licht, das sie schenken. Mit ihren wei\u00dfen Fassaden, den weihnachtlich roten D\u00e4chern und Schornsteinen sowie den zwei roten Herzen verbreiten sie doppelte W\u00e4rme und doppelte Geborgenheit. Durch die ge\u00f6ffneten Fenster [&hellip;]<\/p>\n<p><a class=\"read-more\" href=\"https:\/\/www.bynaldis-shop.com\/?product=herzhaus-2-demnaechst-lieferbar\">Mehr lesen<span class=\"meta-nav\">&rarr;<\/span><\/a><\/p>\n","protected":false},"featured_media":9601,"template":"","meta":[],"product_brand":[],"product_cat":[221,267,273,274],"product_tag":[],"class_list":{"0":"post-9600","1":"product","2":"type-product","3":"status-publish","4":"has-post-thumbnail","6":"product_cat-herziges","7":"product_cat-led","8":"product_cat-haeuser","9":"product_cat-lichter","11":"first","12":"instock","13":"taxable","14":"shipping-taxable","15":"purchasable","16":"product-type-simple"},"_links":{"self":[{"href":"https:\/\/www.bynaldis-shop.com\/index.php?rest_route=\/wp\/v2\/product\/9600","targetHints":{"allow":["GET"]}}],"collection":[{"href":"https:\/\/www.bynaldis-shop.com\/index.php?rest_route=\/wp\/v2\/product"}],"about":[{"href":"https:\/\/www.bynaldis-shop.com\/index.php?rest_route=\/wp\/v2\/types\/product"}],"wp:featuredmedia":[{"embeddable":true,"href":"https:\/\/www.bynaldis-shop.com\/index.php?rest_route=\/wp\/v2\/media\/9601"}],"wp:attachment":[{"href":"https:\/\/www.bynaldis-shop.com\/index.php?rest_route=%2Fwp%2Fv2%2Fmedia&parent=9600"}],"wp:term":[{"taxonomy":"product_brand","embeddable":true,"href":"https:\/\/www.bynaldis-shop.com\/index.php?rest_route=%2Fwp%2Fv2%2Fproduct_brand&post=9600"},{"taxonomy":"product_cat","embeddable":true,"href":"https:\/\/www.bynaldis-shop.com\/index.php?rest_route=%2Fwp%2Fv2%2Fproduct_cat&post=9600"},{"taxonomy":"product_tag","embeddable":true,"href":"https:\/\/www.bynaldis-shop.com\/index.php?rest_route=%2Fwp%2Fv2%2Fproduct_tag&post=9600"}],"curies":[{"name":"wp","href":"https:\/\/api.w.org\/{rel}","templated":true}]}}