{"id":9587,"date":"2025-06-22T10:20:31","date_gmt":"2025-06-22T08:20:31","guid":{"rendered":"https:\/\/www.bynaldis-shop.com\/?post_type=product&#038;p=9587"},"modified":"2025-10-28T10:09:24","modified_gmt":"2025-10-28T09:09:24","slug":"weihnachtsmann-3-demnaechst-lieferbar","status":"publish","type":"product","link":"https:\/\/www.bynaldis-shop.com\/?product=weihnachtsmann-3-demnaechst-lieferbar","title":{"rendered":"Nostalgischer Weihnachtsmann mit kugeligem Bauch und offenen Armen \u2013 Ein herzliches Willkommen zur Weihnachtszeit"},"content":{"rendered":"<p data-start=\"154\" data-end=\"271\"><strong data-start=\"154\" data-end=\"271\">Nostalgischer Weihnachtsmann mit kugeligem Bauch und offenen Armen \u2013 Ein herzliches Willkommen zur Weihnachtszeit<\/strong><\/p>\n<p data-start=\"273\" data-end=\"503\">Weihnachten ist die Zeit, in der kleine Gesten und liebevolle Geschenke besondere Bedeutung bekommen. Es sind die Momente des Miteinanders und der Herzlichkeit, die unser Zuhause mit W\u00e4rme erf\u00fcllen und f\u00fcr strahlende Augen sorgen.<\/p>\n<p data-start=\"505\" data-end=\"811\">Unser kleiner Weihnachtsmann ist liebevoll gestaltet, nur 5 cm gro\u00df, mit klassischer roter Kutte, roter M\u00fctze und wei\u00dfem Bart. Mit weit ausgebreiteten Armen l\u00e4dt er dich ein, die Weihnachtszeit willkommen zu hei\u00dfen \u2013 als ob er sagt: \u201eHallo, sch\u00f6n, dass du da bist! Komm herein, die festliche Zeit beginnt.\u201c<\/p>\n<p data-start=\"813\" data-end=\"1118\">Dieser Weihnachtsmann ist das perfekte kleine Mitbringsel und eine liebevolle Dekoration f\u00fcr Nachbarn, Freunde, Kollegen oder alle, die du in dieser besonderen Zeit herzlich empfangen m\u00f6chtest. Mit seinem offenen, freundlichen Blick bringt er Freude, W\u00e4rme und ein Gef\u00fchl von Geborgenheit in dein Zuhause.<\/p>\n","protected":false},"excerpt":{"rendered":"<p>Nostalgischer Weihnachtsmann mit kugeligem Bauch und offenen Armen \u2013 Ein herzliches Willkommen zur Weihnachtszeit Weihnachten ist die Zeit, in der kleine Gesten und liebevolle Geschenke besondere Bedeutung bekommen. Es sind die Momente des Miteinanders und der Herzlichkeit, die unser Zuhause mit W\u00e4rme erf\u00fcllen und f\u00fcr strahlende Augen sorgen. Unser kleiner Weihnachtsmann ist liebevoll gestaltet, nur [&hellip;]<\/p>\n<p><a class=\"read-more\" href=\"https:\/\/www.bynaldis-shop.com\/?product=weihnachtsmann-3-demnaechst-lieferbar\">Mehr lesen<span class=\"meta-nav\">&rarr;<\/span><\/a><\/p>\n","protected":false},"featured_media":9588,"template":"","meta":[],"product_brand":[],"product_cat":[276],"product_tag":[],"class_list":{"0":"post-9587","1":"product","2":"type-product","3":"status-publish","4":"has-post-thumbnail","6":"product_cat-weihnachtsmaenner-und-wichtel","8":"first","9":"instock","10":"taxable","11":"shipping-taxable","12":"purchasable","13":"product-type-simple"},"_links":{"self":[{"href":"https:\/\/www.bynaldis-shop.com\/index.php?rest_route=\/wp\/v2\/product\/9587","targetHints":{"allow":["GET"]}}],"collection":[{"href":"https:\/\/www.bynaldis-shop.com\/index.php?rest_route=\/wp\/v2\/product"}],"about":[{"href":"https:\/\/www.bynaldis-shop.com\/index.php?rest_route=\/wp\/v2\/types\/product"}],"wp:featuredmedia":[{"embeddable":true,"href":"https:\/\/www.bynaldis-shop.com\/index.php?rest_route=\/wp\/v2\/media\/9588"}],"wp:attachment":[{"href":"https:\/\/www.bynaldis-shop.com\/index.php?rest_route=%2Fwp%2Fv2%2Fmedia&parent=9587"}],"wp:term":[{"taxonomy":"product_brand","embeddable":true,"href":"https:\/\/www.bynaldis-shop.com\/index.php?rest_route=%2Fwp%2Fv2%2Fproduct_brand&post=9587"},{"taxonomy":"product_cat","embeddable":true,"href":"https:\/\/www.bynaldis-shop.com\/index.php?rest_route=%2Fwp%2Fv2%2Fproduct_cat&post=9587"},{"taxonomy":"product_tag","embeddable":true,"href":"https:\/\/www.bynaldis-shop.com\/index.php?rest_route=%2Fwp%2Fv2%2Fproduct_tag&post=9587"}],"curies":[{"name":"wp","href":"https:\/\/api.w.org\/{rel}","templated":true}]}}