{"id":9581,"date":"2025-06-22T10:06:29","date_gmt":"2025-06-22T08:06:29","guid":{"rendered":"https:\/\/www.bynaldis-shop.com\/?post_type=product&#038;p=9581"},"modified":"2025-10-28T08:47:59","modified_gmt":"2025-10-28T07:47:59","slug":"elch-knut-demnaechst-lieferbar","status":"publish","type":"product","link":"https:\/\/www.bynaldis-shop.com\/?product=elch-knut-demnaechst-lieferbar","title":{"rendered":"Kleiner Elch Knut \u2013 Ein fr\u00f6hlicher Freund f\u00fcr deine Weihnachtszeit"},"content":{"rendered":"<p data-start=\"121\" data-end=\"191\"><strong data-start=\"121\" data-end=\"191\">Kleiner Elch Knut \u2013 Ein fr\u00f6hlicher Freund f\u00fcr deine Weihnachtszeit<\/strong><\/p>\n<p data-start=\"193\" data-end=\"391\">Weihnachten ist die Zeit, in der Freundschaft, W\u00e4rme und Freude unser Zuhause erf\u00fcllen. Es sind die liebevollen Gesten und besonderen Details, die diese festliche Jahreszeit so unvergesslich machen.<\/p>\n<p data-start=\"393\" data-end=\"830\">Unser kleiner Elch Knut ist mit 10,5 cm ein charmantes Highlight deiner Weihnachtsdeko. Sein wei\u00dfes Fell strahlt Reinheit und Ruhe aus, w\u00e4hrend sein Geweih in feiner Goldlasur gl\u00e4nzt \u2013 ein edler Akzent, der ihm einen besonderen Zauber verleiht. Auf der Nase sitzt eine goldene Brille, die ihm einen sympathischen, wissenden Blick verleiht. Dazu tr\u00e4gt er einen roten Schal mit wei\u00dfen P\u00fcnktchen, der ihn warm und herzlich erscheinen l\u00e4sst.<\/p>\n<p data-start=\"832\" data-end=\"1076\">Knut bringt mit seinem freundlichen L\u00e4cheln und seinem festlichen Look Freude in jedes Zuhause. Er ist das perfekte Geschenk oder liebevolle Mitbringsel f\u00fcr alle, die die Weihnachtszeit mit einem Hauch von Magie und Herzlichkeit feiern m\u00f6chten.<\/p>\n","protected":false},"excerpt":{"rendered":"<p>Kleiner Elch Knut \u2013 Ein fr\u00f6hlicher Freund f\u00fcr deine Weihnachtszeit Weihnachten ist die Zeit, in der Freundschaft, W\u00e4rme und Freude unser Zuhause erf\u00fcllen. Es sind die liebevollen Gesten und besonderen Details, die diese festliche Jahreszeit so unvergesslich machen. Unser kleiner Elch Knut ist mit 10,5 cm ein charmantes Highlight deiner Weihnachtsdeko. Sein wei\u00dfes Fell strahlt [&hellip;]<\/p>\n<p><a class=\"read-more\" href=\"https:\/\/www.bynaldis-shop.com\/?product=elch-knut-demnaechst-lieferbar\">Mehr lesen<span class=\"meta-nav\">&rarr;<\/span><\/a><\/p>\n","protected":false},"featured_media":9582,"template":"","meta":[],"product_brand":[],"product_cat":[290,280],"product_tag":[],"class_list":{"0":"post-9581","1":"product","2":"type-product","3":"status-publish","4":"has-post-thumbnail","6":"product_cat-weihnachtszauber-fuer-kleine-herzen","7":"product_cat-noch-mehr-weihnachten","9":"first","10":"instock","11":"taxable","12":"shipping-taxable","13":"purchasable","14":"product-type-simple"},"_links":{"self":[{"href":"https:\/\/www.bynaldis-shop.com\/index.php?rest_route=\/wp\/v2\/product\/9581","targetHints":{"allow":["GET"]}}],"collection":[{"href":"https:\/\/www.bynaldis-shop.com\/index.php?rest_route=\/wp\/v2\/product"}],"about":[{"href":"https:\/\/www.bynaldis-shop.com\/index.php?rest_route=\/wp\/v2\/types\/product"}],"wp:featuredmedia":[{"embeddable":true,"href":"https:\/\/www.bynaldis-shop.com\/index.php?rest_route=\/wp\/v2\/media\/9582"}],"wp:attachment":[{"href":"https:\/\/www.bynaldis-shop.com\/index.php?rest_route=%2Fwp%2Fv2%2Fmedia&parent=9581"}],"wp:term":[{"taxonomy":"product_brand","embeddable":true,"href":"https:\/\/www.bynaldis-shop.com\/index.php?rest_route=%2Fwp%2Fv2%2Fproduct_brand&post=9581"},{"taxonomy":"product_cat","embeddable":true,"href":"https:\/\/www.bynaldis-shop.com\/index.php?rest_route=%2Fwp%2Fv2%2Fproduct_cat&post=9581"},{"taxonomy":"product_tag","embeddable":true,"href":"https:\/\/www.bynaldis-shop.com\/index.php?rest_route=%2Fwp%2Fv2%2Fproduct_tag&post=9581"}],"curies":[{"name":"wp","href":"https:\/\/api.w.org\/{rel}","templated":true}]}}