{"id":9579,"date":"2025-06-22T10:06:18","date_gmt":"2025-06-22T08:06:18","guid":{"rendered":"https:\/\/www.bynaldis-shop.com\/?post_type=product&#038;p=9579"},"modified":"2025-10-28T10:27:33","modified_gmt":"2025-10-28T09:27:33","slug":"schneemann-carlo-demnaechst-lieferbar","status":"publish","type":"product","link":"https:\/\/www.bynaldis-shop.com\/?product=schneemann-carlo-demnaechst-lieferbar","title":{"rendered":"Lustiger Schneemann Carlo \u2013 Der fr\u00f6hliche Begleiter f\u00fcr deine Weihnachtszeit"},"content":{"rendered":"<p data-start=\"131\" data-end=\"211\"><strong data-start=\"131\" data-end=\"211\">Lustiger Schneemann Carlo \u2013 Der fr\u00f6hliche Begleiter f\u00fcr deine Weihnachtszeit<\/strong><\/p>\n<p data-start=\"213\" data-end=\"441\">Weihnachten ist die Zeit, in der Freude, Lachen und herzliche Momente unser Zuhause erf\u00fcllen. Es sind die kleinen Dinge, die diese festliche Jahreszeit besonders machen \u2013 ein L\u00e4cheln, ein frohes Herz und liebevolle Dekorationen.<\/p>\n<p data-start=\"443\" data-end=\"772\">Unser Schneemann Carlo ist mit 12 cm ein echter Spa\u00dfvogel unter den Weihnachtsfiguren. Mit seinem schwarzen Hut, den symbolischen Armen aus St\u00f6cken und den drei schwarzen Kn\u00f6pfen auf seinem Bauch bringt er gute Laune in jeden Raum. Seine rote Stupsnase zaubert jedem ein L\u00e4cheln ins Gesicht und macht ihn einfach unwiderstehlich.<\/p>\n<p data-start=\"774\" data-end=\"1033\">Carlo darf auf gar keinen Fall auf deinem Weihnachtstisch fehlen! Er f\u00fchlt sich auf jeder Fensterbank wohl und ist das perfekte kleine Highlight f\u00fcr jedes Weihnachtszuhause. Hol dir den lustigen Schneemann Carlo und lass die fr\u00f6hliche Weihnachtszeit beginnen!<\/p>\n","protected":false},"excerpt":{"rendered":"<p>Lustiger Schneemann Carlo \u2013 Der fr\u00f6hliche Begleiter f\u00fcr deine Weihnachtszeit Weihnachten ist die Zeit, in der Freude, Lachen und herzliche Momente unser Zuhause erf\u00fcllen. Es sind die kleinen Dinge, die diese festliche Jahreszeit besonders machen \u2013 ein L\u00e4cheln, ein frohes Herz und liebevolle Dekorationen. Unser Schneemann Carlo ist mit 12 cm ein echter Spa\u00dfvogel unter [&hellip;]<\/p>\n<p><a class=\"read-more\" href=\"https:\/\/www.bynaldis-shop.com\/?product=schneemann-carlo-demnaechst-lieferbar\">Mehr lesen<span class=\"meta-nav\">&rarr;<\/span><\/a><\/p>\n","protected":false},"featured_media":9580,"template":"","meta":[],"product_brand":[],"product_cat":[278],"product_tag":[],"class_list":{"0":"post-9579","1":"product","2":"type-product","3":"status-publish","4":"has-post-thumbnail","6":"product_cat-schneemaenner","8":"first","9":"instock","10":"taxable","11":"shipping-taxable","12":"purchasable","13":"product-type-simple"},"_links":{"self":[{"href":"https:\/\/www.bynaldis-shop.com\/index.php?rest_route=\/wp\/v2\/product\/9579","targetHints":{"allow":["GET"]}}],"collection":[{"href":"https:\/\/www.bynaldis-shop.com\/index.php?rest_route=\/wp\/v2\/product"}],"about":[{"href":"https:\/\/www.bynaldis-shop.com\/index.php?rest_route=\/wp\/v2\/types\/product"}],"wp:featuredmedia":[{"embeddable":true,"href":"https:\/\/www.bynaldis-shop.com\/index.php?rest_route=\/wp\/v2\/media\/9580"}],"wp:attachment":[{"href":"https:\/\/www.bynaldis-shop.com\/index.php?rest_route=%2Fwp%2Fv2%2Fmedia&parent=9579"}],"wp:term":[{"taxonomy":"product_brand","embeddable":true,"href":"https:\/\/www.bynaldis-shop.com\/index.php?rest_route=%2Fwp%2Fv2%2Fproduct_brand&post=9579"},{"taxonomy":"product_cat","embeddable":true,"href":"https:\/\/www.bynaldis-shop.com\/index.php?rest_route=%2Fwp%2Fv2%2Fproduct_cat&post=9579"},{"taxonomy":"product_tag","embeddable":true,"href":"https:\/\/www.bynaldis-shop.com\/index.php?rest_route=%2Fwp%2Fv2%2Fproduct_tag&post=9579"}],"curies":[{"name":"wp","href":"https:\/\/api.w.org\/{rel}","templated":true}]}}