{"id":9576,"date":"2025-06-19T15:32:09","date_gmt":"2025-06-19T13:32:09","guid":{"rendered":"https:\/\/www.bynaldis-shop.com\/?post_type=product&#038;p=9576"},"modified":"2025-10-28T10:35:07","modified_gmt":"2025-10-28T09:35:07","slug":"teelichthalter-schneemann-2","status":"publish","type":"product","link":"https:\/\/www.bynaldis-shop.com\/?product=teelichthalter-schneemann-2","title":{"rendered":"Teelichthalter Schneemann Friedel \u2013 W\u00e4rme und Gem\u00fctlichkeit im festlichen Glanz"},"content":{"rendered":"<p data-start=\"100\" data-end=\"175\"><strong data-start=\"100\" data-end=\"175\">Teelichthalter Schneemann \u2013 W\u00e4rme und Gem\u00fctlichkeit im festlichen Glanz<\/strong><\/p>\n<p data-start=\"177\" data-end=\"394\">Unser fr\u00f6hlicher Schneemann-Teelichthalter ist 8 cm hoch und bringt mit seinem strahlenden L\u00e4cheln, der typischen M\u00f6hrennase, dem schwarzen Hut und dem roten Schal eine zauberhafte Weihnachtsstimmung in dein Zuhause.<\/p>\n<p data-start=\"396\" data-end=\"693\">Das Teelicht kannst du symbolisch vor seinem Bauch platzieren, sodass der Schneemann im warmen Kerzenschein besonders freundlich erstrahlt. Bitte beachte: Ein Teelicht ist nicht im Lieferumfang enthalten, aber in unserem Shop findest du passend dazu liebevoll handgefertigte Bienenwachsteelichter.<\/p>\n<p data-start=\"695\" data-end=\"877\">Dieser Teelichthalter ist das perfekte Geschenk oder die gem\u00fctliche Dekoration f\u00fcr jede Fensterbank, den Weihnachtstisch oder das Regal \u2013 ein kleiner Zauber f\u00fcr die kalte Jahreszeit.<\/p>\n<p data-start=\"695\" data-end=\"877\">Passend dazu findest du in unserem Shop liebevoll ausgew\u00e4hlte Bienenwachsteelichter und weitere Teelichter, die deinem Stern ein besonders warmes und nat\u00fcrliches Licht schenken. Entdecke deine Lieblingslichter und kreiere magische Momente.<\/p>\n","protected":false},"excerpt":{"rendered":"<p>Teelichthalter Schneemann \u2013 W\u00e4rme und Gem\u00fctlichkeit im festlichen Glanz Unser fr\u00f6hlicher Schneemann-Teelichthalter ist 8 cm hoch und bringt mit seinem strahlenden L\u00e4cheln, der typischen M\u00f6hrennase, dem schwarzen Hut und dem roten Schal eine zauberhafte Weihnachtsstimmung in dein Zuhause. Das Teelicht kannst du symbolisch vor seinem Bauch platzieren, sodass der Schneemann im warmen Kerzenschein besonders freundlich [&hellip;]<\/p>\n<p><a class=\"read-more\" href=\"https:\/\/www.bynaldis-shop.com\/?product=teelichthalter-schneemann-2\">Mehr lesen<span class=\"meta-nav\">&rarr;<\/span><\/a><\/p>\n","protected":false},"featured_media":9556,"template":"","meta":[],"product_brand":[],"product_cat":[264,278,274],"product_tag":[],"class_list":{"0":"post-9576","1":"product","2":"type-product","3":"status-publish","4":"has-post-thumbnail","6":"product_cat-teelichter-und-halter","7":"product_cat-schneemaenner","8":"product_cat-lichter","10":"first","11":"instock","12":"taxable","13":"shipping-taxable","14":"purchasable","15":"product-type-simple"},"_links":{"self":[{"href":"https:\/\/www.bynaldis-shop.com\/index.php?rest_route=\/wp\/v2\/product\/9576","targetHints":{"allow":["GET"]}}],"collection":[{"href":"https:\/\/www.bynaldis-shop.com\/index.php?rest_route=\/wp\/v2\/product"}],"about":[{"href":"https:\/\/www.bynaldis-shop.com\/index.php?rest_route=\/wp\/v2\/types\/product"}],"wp:featuredmedia":[{"embeddable":true,"href":"https:\/\/www.bynaldis-shop.com\/index.php?rest_route=\/wp\/v2\/media\/9556"}],"wp:attachment":[{"href":"https:\/\/www.bynaldis-shop.com\/index.php?rest_route=%2Fwp%2Fv2%2Fmedia&parent=9576"}],"wp:term":[{"taxonomy":"product_brand","embeddable":true,"href":"https:\/\/www.bynaldis-shop.com\/index.php?rest_route=%2Fwp%2Fv2%2Fproduct_brand&post=9576"},{"taxonomy":"product_cat","embeddable":true,"href":"https:\/\/www.bynaldis-shop.com\/index.php?rest_route=%2Fwp%2Fv2%2Fproduct_cat&post=9576"},{"taxonomy":"product_tag","embeddable":true,"href":"https:\/\/www.bynaldis-shop.com\/index.php?rest_route=%2Fwp%2Fv2%2Fproduct_tag&post=9576"}],"curies":[{"name":"wp","href":"https:\/\/api.w.org\/{rel}","templated":true}]}}