{"id":9573,"date":"2025-06-19T15:29:03","date_gmt":"2025-06-19T13:29:03","guid":{"rendered":"https:\/\/www.bynaldis-shop.com\/?post_type=product&#038;p=9573"},"modified":"2026-01-01T12:45:01","modified_gmt":"2026-01-01T11:45:01","slug":"teelichthalter-pilzhaus","status":"publish","type":"product","link":"https:\/\/www.bynaldis-shop.com\/?product=teelichthalter-pilzhaus","title":{"rendered":"Teelichthalter Pilzhaus \u2013 Ein kleines Licht der Gem\u00fctlichkeit"},"content":{"rendered":"<p data-start=\"114\" data-end=\"179\"><strong data-start=\"114\" data-end=\"179\">Teelichthalter Pilzhaus \u2013 Ein kleines Licht der Gem\u00fctlichkeit<\/strong><\/p>\n<p data-start=\"181\" data-end=\"448\">Wenn die Tage k\u00fcrzer und die Abende k\u00fchler werden, l\u00e4dt uns die Natur ein, es sich drinnen besonders gem\u00fctlich zu machen. Unser Teelichthalter in Form eines roten, wei\u00dfgepunkteten Pilzhauses mit kleiner T\u00fcr und Schornstein bringt diesen Zauber direkt in dein Zuhause.<\/p>\n<p data-start=\"450\" data-end=\"727\">Mit einer H\u00f6he von 11 cm ist dieses liebevoll gestaltete Pilzhaus ein bezaubernder Blickfang, der sanftes Licht und wohlige W\u00e4rme schenkt. Das Teelicht kannst du sicher im Inneren platzieren \u2013 f\u00fcr ein stimmungsvolles Flackern, das an Herbstspazierg\u00e4nge im bunten Wald erinnert.\u00a0Hol dir mit diesem Pilzhaus ein kleines St\u00fcck Natur, Licht und Geborgenheit in dein Zuhause \u2013 perfekt f\u00fcr gem\u00fctliche Stunden in der goldenen Jahreszeit.<\/p>\n<p data-start=\"450\" data-end=\"727\">Passend dazu findest du in unserem Shop liebevoll ausgew\u00e4hlte Bienenwachsteelichter und weitere Teelichter, die deinem Stern ein besonders warmes und nat\u00fcrliches Licht schenken. Entdecke deine Lieblingslichter und kreiere magische Momente.<\/p>\n","protected":false},"excerpt":{"rendered":"<p>Teelichthalter Pilzhaus \u2013 Ein kleines Licht der Gem\u00fctlichkeit Wenn die Tage k\u00fcrzer und die Abende k\u00fchler werden, l\u00e4dt uns die Natur ein, es sich drinnen besonders gem\u00fctlich zu machen. Unser Teelichthalter in Form eines roten, wei\u00dfgepunkteten Pilzhauses mit kleiner T\u00fcr und Schornstein bringt diesen Zauber direkt in dein Zuhause. Mit einer H\u00f6he von 11 cm [&hellip;]<\/p>\n<p><a class=\"read-more\" href=\"https:\/\/www.bynaldis-shop.com\/?product=teelichthalter-pilzhaus\">Mehr lesen<span class=\"meta-nav\">&rarr;<\/span><\/a><\/p>\n","protected":false},"featured_media":9574,"template":"","meta":[],"product_brand":[],"product_cat":[264],"product_tag":[],"class_list":{"0":"post-9573","1":"product","2":"type-product","3":"status-publish","4":"has-post-thumbnail","6":"product_cat-teelichter-und-halter","8":"first","9":"instock","10":"taxable","11":"shipping-taxable","12":"purchasable","13":"product-type-simple"},"_links":{"self":[{"href":"https:\/\/www.bynaldis-shop.com\/index.php?rest_route=\/wp\/v2\/product\/9573","targetHints":{"allow":["GET"]}}],"collection":[{"href":"https:\/\/www.bynaldis-shop.com\/index.php?rest_route=\/wp\/v2\/product"}],"about":[{"href":"https:\/\/www.bynaldis-shop.com\/index.php?rest_route=\/wp\/v2\/types\/product"}],"wp:featuredmedia":[{"embeddable":true,"href":"https:\/\/www.bynaldis-shop.com\/index.php?rest_route=\/wp\/v2\/media\/9574"}],"wp:attachment":[{"href":"https:\/\/www.bynaldis-shop.com\/index.php?rest_route=%2Fwp%2Fv2%2Fmedia&parent=9573"}],"wp:term":[{"taxonomy":"product_brand","embeddable":true,"href":"https:\/\/www.bynaldis-shop.com\/index.php?rest_route=%2Fwp%2Fv2%2Fproduct_brand&post=9573"},{"taxonomy":"product_cat","embeddable":true,"href":"https:\/\/www.bynaldis-shop.com\/index.php?rest_route=%2Fwp%2Fv2%2Fproduct_cat&post=9573"},{"taxonomy":"product_tag","embeddable":true,"href":"https:\/\/www.bynaldis-shop.com\/index.php?rest_route=%2Fwp%2Fv2%2Fproduct_tag&post=9573"}],"curies":[{"name":"wp","href":"https:\/\/api.w.org\/{rel}","templated":true}]}}