{"id":9568,"date":"2025-06-19T15:22:10","date_gmt":"2025-06-19T13:22:10","guid":{"rendered":"https:\/\/www.bynaldis-shop.com\/?post_type=product&#038;p=9568"},"modified":"2025-10-28T10:43:04","modified_gmt":"2025-10-28T09:43:04","slug":"plueschengel-mathilde","status":"publish","type":"product","link":"https:\/\/www.bynaldis-shop.com\/?product=plueschengel-mathilde","title":{"rendered":"Pl\u00fcschengel Mathilde sitzend"},"content":{"rendered":"<p data-start=\"95\" data-end=\"166\"><strong data-start=\"95\" data-end=\"166\">Pl\u00fcsch-Engel Mathilde \u2013 Ein Hauch von Leichtigkeit, Liebe und Schutz<\/strong><\/p>\n<p data-start=\"168\" data-end=\"457\">In der stillen, zauberhaften Zeit der Weihnacht sind Engel die sanften Begleiter, die uns Geborgenheit, Liebe und Schutz schenken. Unser Pl\u00fcsch-Engel Pauline ist 6,5 cm gro\u00df und verzaubert mit ihrem freundlichen Gesicht, den braunen Z\u00f6pfen und dem flauschigen Federpuschel, der sie umgibt.<\/p>\n<p data-start=\"459\" data-end=\"691\">In den Farben Gold und Wei\u00df strahlt sie W\u00e4rme und Leichtigkeit aus \u2013 ein Symbol f\u00fcr die liebevollen Kr\u00e4fte, die uns in der Weihnachtszeit umh\u00fcllen. Pauline bringt das Gef\u00fchl von sanfter N\u00e4he und himmlischem Frieden in jedes Zuhause.<\/p>\n<p data-start=\"693\" data-end=\"848\">Ob als liebevolles Geschenk oder als zauberhafte Dekoration, dieser Engel erinnert uns daran, dass wir inmitten des Trubels immer beh\u00fctet und geliebt sind.<\/p>\n","protected":false},"excerpt":{"rendered":"<p>Pl\u00fcsch-Engel Mathilde \u2013 Ein Hauch von Leichtigkeit, Liebe und Schutz In der stillen, zauberhaften Zeit der Weihnacht sind Engel die sanften Begleiter, die uns Geborgenheit, Liebe und Schutz schenken. Unser Pl\u00fcsch-Engel Pauline ist 6,5 cm gro\u00df und verzaubert mit ihrem freundlichen Gesicht, den braunen Z\u00f6pfen und dem flauschigen Federpuschel, der sie umgibt. In den Farben [&hellip;]<\/p>\n<p><a class=\"read-more\" href=\"https:\/\/www.bynaldis-shop.com\/?product=plueschengel-mathilde\">Mehr lesen<span class=\"meta-nav\">&rarr;<\/span><\/a><\/p>\n","protected":false},"featured_media":9546,"template":"","meta":[],"product_brand":[],"product_cat":[291,219,279],"product_tag":[],"class_list":{"0":"post-9568","1":"product","2":"type-product","3":"status-publish","4":"has-post-thumbnail","6":"product_cat-engel-fuer-kleine-herzen","7":"product_cat-noch-mehr-engel","8":"product_cat-weihnachtsengel","10":"first","11":"instock","12":"taxable","13":"shipping-taxable","14":"purchasable","15":"product-type-simple"},"_links":{"self":[{"href":"https:\/\/www.bynaldis-shop.com\/index.php?rest_route=\/wp\/v2\/product\/9568","targetHints":{"allow":["GET"]}}],"collection":[{"href":"https:\/\/www.bynaldis-shop.com\/index.php?rest_route=\/wp\/v2\/product"}],"about":[{"href":"https:\/\/www.bynaldis-shop.com\/index.php?rest_route=\/wp\/v2\/types\/product"}],"wp:featuredmedia":[{"embeddable":true,"href":"https:\/\/www.bynaldis-shop.com\/index.php?rest_route=\/wp\/v2\/media\/9546"}],"wp:attachment":[{"href":"https:\/\/www.bynaldis-shop.com\/index.php?rest_route=%2Fwp%2Fv2%2Fmedia&parent=9568"}],"wp:term":[{"taxonomy":"product_brand","embeddable":true,"href":"https:\/\/www.bynaldis-shop.com\/index.php?rest_route=%2Fwp%2Fv2%2Fproduct_brand&post=9568"},{"taxonomy":"product_cat","embeddable":true,"href":"https:\/\/www.bynaldis-shop.com\/index.php?rest_route=%2Fwp%2Fv2%2Fproduct_cat&post=9568"},{"taxonomy":"product_tag","embeddable":true,"href":"https:\/\/www.bynaldis-shop.com\/index.php?rest_route=%2Fwp%2Fv2%2Fproduct_tag&post=9568"}],"curies":[{"name":"wp","href":"https:\/\/api.w.org\/{rel}","templated":true}]}}