{"id":9567,"date":"2025-06-19T15:20:32","date_gmt":"2025-06-19T13:20:32","guid":{"rendered":"https:\/\/www.bynaldis-shop.com\/?post_type=product&#038;p=9567"},"modified":"2025-10-28T10:20:46","modified_gmt":"2025-10-28T09:20:46","slug":"rauschebart-6","status":"publish","type":"product","link":"https:\/\/www.bynaldis-shop.com\/?product=rauschebart-6","title":{"rendered":"Rauschebart 2 \u2013 Der zauberhafte Weihnachtswichtel Rauschebart"},"content":{"rendered":"<p data-start=\"107\" data-end=\"178\"><strong data-start=\"107\" data-end=\"178\">Rauschebart \u2013 Der zauberhafte Weihnachtswichtel Rauschebart<\/strong><\/p>\n<p data-start=\"180\" data-end=\"476\">Weihnachten ist die Zeit der kleinen Wunder, der Herzlichkeit und der liebevollen Begleiter, die unser Zuhause verzaubern. Unser Weihnachtswichtel \u201eRauschebart\u201c bringt mit seiner fr\u00f6hlichen Erscheinung und seinem langen, bis zum Boden reichenden Hut ein St\u00fcck Magie in deine festliche Dekoration.<\/p>\n<p data-start=\"478\" data-end=\"846\">Mit einer Gr\u00f6\u00dfe von 9 cm tr\u00e4gt er eine M\u00fctze mit wei\u00dfer Bommel und einem zarten wei\u00dfen Herz, das f\u00fcr W\u00e4rme und Liebe steht. Sein freundliches Gesicht, der lange wei\u00dfe Bart und die langen Schuhe machen ihn zu einem charmanten Botschafter der Weihnachtsfreude. In seinen H\u00e4nden h\u00e4lt er einen roten und goldenen Weihnachtskranz \u2013 ein Symbol f\u00fcr Ewigkeit und Festlichkeit.<\/p>\n<p data-start=\"848\" data-end=\"991\">Rauschebart ist das perfekte kleine Geschenk oder eine bezaubernde Dekoration, die Geborgenheit und fr\u00f6hliche Stimmung in jedes Zuhause bringt.<\/p>\n","protected":false},"excerpt":{"rendered":"<p>Rauschebart \u2013 Der zauberhafte Weihnachtswichtel Rauschebart Weihnachten ist die Zeit der kleinen Wunder, der Herzlichkeit und der liebevollen Begleiter, die unser Zuhause verzaubern. Unser Weihnachtswichtel \u201eRauschebart\u201c bringt mit seiner fr\u00f6hlichen Erscheinung und seinem langen, bis zum Boden reichenden Hut ein St\u00fcck Magie in deine festliche Dekoration. Mit einer Gr\u00f6\u00dfe von 9 cm tr\u00e4gt er eine [&hellip;]<\/p>\n<p><a class=\"read-more\" href=\"https:\/\/www.bynaldis-shop.com\/?product=rauschebart-6\">Mehr lesen<span class=\"meta-nav\">&rarr;<\/span><\/a><\/p>\n","protected":false},"featured_media":9545,"template":"","meta":[],"product_brand":[],"product_cat":[276],"product_tag":[],"class_list":{"0":"post-9567","1":"product","2":"type-product","3":"status-publish","4":"has-post-thumbnail","6":"product_cat-weihnachtsmaenner-und-wichtel","8":"first","9":"instock","10":"taxable","11":"shipping-taxable","12":"purchasable","13":"product-type-simple"},"_links":{"self":[{"href":"https:\/\/www.bynaldis-shop.com\/index.php?rest_route=\/wp\/v2\/product\/9567","targetHints":{"allow":["GET"]}}],"collection":[{"href":"https:\/\/www.bynaldis-shop.com\/index.php?rest_route=\/wp\/v2\/product"}],"about":[{"href":"https:\/\/www.bynaldis-shop.com\/index.php?rest_route=\/wp\/v2\/types\/product"}],"wp:featuredmedia":[{"embeddable":true,"href":"https:\/\/www.bynaldis-shop.com\/index.php?rest_route=\/wp\/v2\/media\/9545"}],"wp:attachment":[{"href":"https:\/\/www.bynaldis-shop.com\/index.php?rest_route=%2Fwp%2Fv2%2Fmedia&parent=9567"}],"wp:term":[{"taxonomy":"product_brand","embeddable":true,"href":"https:\/\/www.bynaldis-shop.com\/index.php?rest_route=%2Fwp%2Fv2%2Fproduct_brand&post=9567"},{"taxonomy":"product_cat","embeddable":true,"href":"https:\/\/www.bynaldis-shop.com\/index.php?rest_route=%2Fwp%2Fv2%2Fproduct_cat&post=9567"},{"taxonomy":"product_tag","embeddable":true,"href":"https:\/\/www.bynaldis-shop.com\/index.php?rest_route=%2Fwp%2Fv2%2Fproduct_tag&post=9567"}],"curies":[{"name":"wp","href":"https:\/\/api.w.org\/{rel}","templated":true}]}}