{"id":9566,"date":"2025-06-19T15:19:26","date_gmt":"2025-06-19T13:19:26","guid":{"rendered":"https:\/\/www.bynaldis-shop.com\/?post_type=product&#038;p=9566"},"modified":"2025-10-28T10:19:29","modified_gmt":"2025-10-28T09:19:29","slug":"rauschebart-5","status":"publish","type":"product","link":"https:\/\/www.bynaldis-shop.com\/?product=rauschebart-5","title":{"rendered":"Rauschebart 1"},"content":{"rendered":"<p data-start=\"90\" data-end=\"152\"><strong data-start=\"90\" data-end=\"152\">Rauschebart \u2013 Der herzliche Weihnachtswichtel mit Geschenk<\/strong><\/p>\n<p data-start=\"154\" data-end=\"452\">Weihnachten ist die Zeit, in der kleine Gaben und gro\u00dfe Herzensfreuden unser Zuhause erf\u00fcllen. Unser Weihnachtswichtel \u201eRauschebart\u201c bringt mit seiner langen, bis zum Boden reichenden M\u00fctze, dem freundlichen Gesicht und dem wei\u00dfen Bart einen Hauch von Magie und W\u00e4rme in deine festliche Dekoration.<\/p>\n<p data-start=\"454\" data-end=\"742\">Mit einer Gr\u00f6\u00dfe von 9 cm h\u00e4lt er liebevoll ein kleines Geschenk mit Schleife in der Hand \u2013 ein Symbol f\u00fcr Freude, \u00dcberraschung und liebevolle Aufmerksamkeit. Die M\u00fctze mit wei\u00dfer Bommel und dem zarten wei\u00dfen Herz macht ihn zu einem besonders charmanten Begleiter durch die Weihnachtszeit.<\/p>\n<p data-start=\"744\" data-end=\"887\">Rauschebart ist das perfekte kleine Geschenk oder eine bezaubernde Dekoration, die festliche Stimmung und Geborgenheit in jedes Zuhause bringt.<\/p>\n","protected":false},"excerpt":{"rendered":"<p>Rauschebart \u2013 Der herzliche Weihnachtswichtel mit Geschenk Weihnachten ist die Zeit, in der kleine Gaben und gro\u00dfe Herzensfreuden unser Zuhause erf\u00fcllen. Unser Weihnachtswichtel \u201eRauschebart\u201c bringt mit seiner langen, bis zum Boden reichenden M\u00fctze, dem freundlichen Gesicht und dem wei\u00dfen Bart einen Hauch von Magie und W\u00e4rme in deine festliche Dekoration. Mit einer Gr\u00f6\u00dfe von 9 [&hellip;]<\/p>\n<p><a class=\"read-more\" href=\"https:\/\/www.bynaldis-shop.com\/?product=rauschebart-5\">Mehr lesen<span class=\"meta-nav\">&rarr;<\/span><\/a><\/p>\n","protected":false},"featured_media":9544,"template":"","meta":[],"product_brand":[],"product_cat":[276],"product_tag":[],"class_list":{"0":"post-9566","1":"product","2":"type-product","3":"status-publish","4":"has-post-thumbnail","6":"product_cat-weihnachtsmaenner-und-wichtel","8":"first","9":"instock","10":"taxable","11":"shipping-taxable","12":"purchasable","13":"product-type-simple"},"_links":{"self":[{"href":"https:\/\/www.bynaldis-shop.com\/index.php?rest_route=\/wp\/v2\/product\/9566","targetHints":{"allow":["GET"]}}],"collection":[{"href":"https:\/\/www.bynaldis-shop.com\/index.php?rest_route=\/wp\/v2\/product"}],"about":[{"href":"https:\/\/www.bynaldis-shop.com\/index.php?rest_route=\/wp\/v2\/types\/product"}],"wp:featuredmedia":[{"embeddable":true,"href":"https:\/\/www.bynaldis-shop.com\/index.php?rest_route=\/wp\/v2\/media\/9544"}],"wp:attachment":[{"href":"https:\/\/www.bynaldis-shop.com\/index.php?rest_route=%2Fwp%2Fv2%2Fmedia&parent=9566"}],"wp:term":[{"taxonomy":"product_brand","embeddable":true,"href":"https:\/\/www.bynaldis-shop.com\/index.php?rest_route=%2Fwp%2Fv2%2Fproduct_brand&post=9566"},{"taxonomy":"product_cat","embeddable":true,"href":"https:\/\/www.bynaldis-shop.com\/index.php?rest_route=%2Fwp%2Fv2%2Fproduct_cat&post=9566"},{"taxonomy":"product_tag","embeddable":true,"href":"https:\/\/www.bynaldis-shop.com\/index.php?rest_route=%2Fwp%2Fv2%2Fproduct_tag&post=9566"}],"curies":[{"name":"wp","href":"https:\/\/api.w.org\/{rel}","templated":true}]}}