{"id":9565,"date":"2025-06-19T15:17:29","date_gmt":"2025-06-19T13:17:29","guid":{"rendered":"https:\/\/www.bynaldis-shop.com\/?post_type=product&#038;p=9565"},"modified":"2025-10-22T16:23:48","modified_gmt":"2025-10-22T14:23:48","slug":"rauschebart-4","status":"publish","type":"product","link":"https:\/\/www.bynaldis-shop.com\/?product=rauschebart-4","title":{"rendered":"Rauschebart \u2013 Der festliche Weihnachtswichtel mit goldenem Gl\u00f6ckchen"},"content":{"rendered":"<p data-start=\"109\" data-end=\"181\"><strong data-start=\"109\" data-end=\"181\">Rauschebart \u2013 Der festliche Weihnachtswichtel mit goldenem Gl\u00f6ckchen<\/strong><\/p>\n<p data-start=\"183\" data-end=\"477\">Weihnachten ist die Zeit der besonderen Kl\u00e4nge, liebevollen Gesten und zauberhaften Momente. Unser gro\u00dfer Weihnachtswichtel \u201eRauschebart\u201c mit 14 cm H\u00f6he bringt mit seiner langen, bis zum Boden reichenden M\u00fctze, dem wei\u00dfen Bart und seinem freundlichen Gesicht festliche Stimmung in dein Zuhause.<\/p>\n<p data-start=\"479\" data-end=\"742\">In seiner Hand h\u00e4lt er ein goldenes Gl\u00f6ckchen \u2013 ein Symbol f\u00fcr Freude, Besinnlichkeit und den Zauber der Weihnachtszeit. Die M\u00fctze mit wei\u00dfer Bommel und dem zarten wei\u00dfen Herz macht ihn zu einem liebevollen Begleiter, der Geborgenheit und Fr\u00f6hlichkeit ausstrahlt.<\/p>\n<p data-start=\"744\" data-end=\"890\">Rauschebart ist das perfekte Highlight f\u00fcr deine Weihnachtsdeko oder ein besonders herzliches Geschenk, das W\u00e4rme und festlichen Glanz verbreitet.<\/p>\n","protected":false},"excerpt":{"rendered":"<p>Rauschebart \u2013 Der festliche Weihnachtswichtel mit goldenem Gl\u00f6ckchen Weihnachten ist die Zeit der besonderen Kl\u00e4nge, liebevollen Gesten und zauberhaften Momente. Unser gro\u00dfer Weihnachtswichtel \u201eRauschebart\u201c mit 14 cm H\u00f6he bringt mit seiner langen, bis zum Boden reichenden M\u00fctze, dem wei\u00dfen Bart und seinem freundlichen Gesicht festliche Stimmung in dein Zuhause. In seiner Hand h\u00e4lt er ein [&hellip;]<\/p>\n<p><a class=\"read-more\" href=\"https:\/\/www.bynaldis-shop.com\/?product=rauschebart-4\">Mehr lesen<span class=\"meta-nav\">&rarr;<\/span><\/a><\/p>\n","protected":false},"featured_media":9543,"template":"","meta":[],"product_brand":[],"product_cat":[276],"product_tag":[],"class_list":{"0":"post-9565","1":"product","2":"type-product","3":"status-publish","4":"has-post-thumbnail","6":"product_cat-weihnachtsmaenner-und-wichtel","8":"first","9":"instock","10":"taxable","11":"shipping-taxable","12":"purchasable","13":"product-type-simple"},"_links":{"self":[{"href":"https:\/\/www.bynaldis-shop.com\/index.php?rest_route=\/wp\/v2\/product\/9565","targetHints":{"allow":["GET"]}}],"collection":[{"href":"https:\/\/www.bynaldis-shop.com\/index.php?rest_route=\/wp\/v2\/product"}],"about":[{"href":"https:\/\/www.bynaldis-shop.com\/index.php?rest_route=\/wp\/v2\/types\/product"}],"wp:featuredmedia":[{"embeddable":true,"href":"https:\/\/www.bynaldis-shop.com\/index.php?rest_route=\/wp\/v2\/media\/9543"}],"wp:attachment":[{"href":"https:\/\/www.bynaldis-shop.com\/index.php?rest_route=%2Fwp%2Fv2%2Fmedia&parent=9565"}],"wp:term":[{"taxonomy":"product_brand","embeddable":true,"href":"https:\/\/www.bynaldis-shop.com\/index.php?rest_route=%2Fwp%2Fv2%2Fproduct_brand&post=9565"},{"taxonomy":"product_cat","embeddable":true,"href":"https:\/\/www.bynaldis-shop.com\/index.php?rest_route=%2Fwp%2Fv2%2Fproduct_cat&post=9565"},{"taxonomy":"product_tag","embeddable":true,"href":"https:\/\/www.bynaldis-shop.com\/index.php?rest_route=%2Fwp%2Fv2%2Fproduct_tag&post=9565"}],"curies":[{"name":"wp","href":"https:\/\/api.w.org\/{rel}","templated":true}]}}