{"id":9541,"date":"2025-06-18T14:13:35","date_gmt":"2025-06-18T12:13:35","guid":{"rendered":"https:\/\/www.bynaldis-shop.com\/?post_type=product&#038;p=9541"},"modified":"2026-05-05T11:05:34","modified_gmt":"2026-05-05T09:05:34","slug":"blumenkind-louis","status":"publish","type":"product","link":"https:\/\/www.bynaldis-shop.com\/?product=blumenkind-louis","title":{"rendered":"Blumenkind Louis \u2013 Ein liebevoller Bote der Natur f\u00fcr dein Zuhause"},"content":{"rendered":"<p data-start=\"83\" data-end=\"153\"><strong data-start=\"83\" data-end=\"153\">Blumenkind Louis \u2013 Ein liebevoller Bote der Natur f\u00fcr dein Zuhause<\/strong><\/p>\n<p data-start=\"155\" data-end=\"445\">In jedem von uns wohnt ein kleines St\u00fcck Natur \u2013 und in jeder Blume verbirgt sich ein zartes Blumenkind, das darauf wartet, unsere Herzen zu ber\u00fchren. Unser Blumenkind Louis bringt mit seiner liebevollen Ausstrahlung und seinem fr\u00f6hlichen Lachen genau diese besondere Magie in dein Zuhause.<\/p>\n<p data-start=\"447\" data-end=\"735\">Mit einer H\u00f6he von 10 cm steht Louis auf einem gr\u00fcnen Rasenst\u00fcck, tr\u00e4gt eine zarte violette Bl\u00fcte auf dem Kopf und eine kleine silberne Schaufel in der Hand. Seine violette Hose und sein strahlendes L\u00e4cheln spiegeln Lebensfreude, Leichtigkeit und die unendliche Sch\u00f6nheit der Natur wider.<\/p>\n<p data-start=\"737\" data-end=\"926\">Louis erinnert uns daran, mit offenen Augen und offenem Herzen die Wunder um uns herum zu sehen und zu bewahren \u2013 denn in jeder Blume wohnt ein kleiner Zauber, der unser Leben heller macht.<\/p>\n<p data-start=\"928\" data-end=\"1050\">Lass dich von Louis\u2018 liebevoller Energie verzaubern und sp\u00fcre die Verbindung zu der nat\u00fcrlichen Welt, die uns alle umgibt.<\/p>\n<p data-start=\"1052\" data-end=\"1175\">Zu Blumenkind Louis geh\u00f6rt auch Blumenkind Laura, die ebenfalls liebevoll gestaltet ist und in unserem Shop erh\u00e4ltlich ist.<\/p>\n","protected":false},"excerpt":{"rendered":"<p>Blumenkind Louis \u2013 Ein liebevoller Bote der Natur f\u00fcr dein Zuhause In jedem von uns wohnt ein kleines St\u00fcck Natur \u2013 und in jeder Blume verbirgt sich ein zartes Blumenkind, das darauf wartet, unsere Herzen zu ber\u00fchren. Unser Blumenkind Louis bringt mit seiner liebevollen Ausstrahlung und seinem fr\u00f6hlichen Lachen genau diese besondere Magie in dein [&hellip;]<\/p>\n<p><a class=\"read-more\" href=\"https:\/\/www.bynaldis-shop.com\/?product=blumenkind-louis\">Mehr lesen<span class=\"meta-nav\">&rarr;<\/span><\/a><\/p>\n","protected":false},"featured_media":9540,"template":"","meta":[],"product_brand":[],"product_cat":[288,262],"product_tag":[],"class_list":{"0":"post-9541","1":"product","2":"type-product","3":"status-publish","4":"has-post-thumbnail","6":"product_cat-alles-fuer-das-kinderherz","7":"product_cat-garten","9":"first","10":"instock","11":"taxable","12":"shipping-taxable","13":"purchasable","14":"product-type-simple"},"_links":{"self":[{"href":"https:\/\/www.bynaldis-shop.com\/index.php?rest_route=\/wp\/v2\/product\/9541","targetHints":{"allow":["GET"]}}],"collection":[{"href":"https:\/\/www.bynaldis-shop.com\/index.php?rest_route=\/wp\/v2\/product"}],"about":[{"href":"https:\/\/www.bynaldis-shop.com\/index.php?rest_route=\/wp\/v2\/types\/product"}],"wp:featuredmedia":[{"embeddable":true,"href":"https:\/\/www.bynaldis-shop.com\/index.php?rest_route=\/wp\/v2\/media\/9540"}],"wp:attachment":[{"href":"https:\/\/www.bynaldis-shop.com\/index.php?rest_route=%2Fwp%2Fv2%2Fmedia&parent=9541"}],"wp:term":[{"taxonomy":"product_brand","embeddable":true,"href":"https:\/\/www.bynaldis-shop.com\/index.php?rest_route=%2Fwp%2Fv2%2Fproduct_brand&post=9541"},{"taxonomy":"product_cat","embeddable":true,"href":"https:\/\/www.bynaldis-shop.com\/index.php?rest_route=%2Fwp%2Fv2%2Fproduct_cat&post=9541"},{"taxonomy":"product_tag","embeddable":true,"href":"https:\/\/www.bynaldis-shop.com\/index.php?rest_route=%2Fwp%2Fv2%2Fproduct_tag&post=9541"}],"curies":[{"name":"wp","href":"https:\/\/api.w.org\/{rel}","templated":true}]}}