{"id":9538,"date":"2025-06-18T14:12:24","date_gmt":"2025-06-18T12:12:24","guid":{"rendered":"https:\/\/www.bynaldis-shop.com\/?post_type=product&#038;p=9538"},"modified":"2026-05-05T11:05:53","modified_gmt":"2026-05-05T09:05:53","slug":"blumenkind-laura","status":"publish","type":"product","link":"https:\/\/www.bynaldis-shop.com\/?product=blumenkind-laura","title":{"rendered":"Blumenkind Laura \u2013 Ein zarte Botin der Natur und des Lichts"},"content":{"rendered":"<p data-start=\"132\" data-end=\"195\"><strong data-start=\"132\" data-end=\"195\">Blumenkind Laura \u2013 Ein zarte Botin der Natur und des Lichts<\/strong><\/p>\n<p data-start=\"197\" data-end=\"489\">In jedem von uns wohnt ein kleines St\u00fcck Natur \u2013 und in jeder Blume verbirgt sich ein sanftes Blumenkind, das darauf wartet, unsere Herzen zu ber\u00fchren. Unser Blumenkind Laura bringt mit ihrem freundlichen L\u00e4cheln und ihrer liebevollen Ausstrahlung genau diese besondere Magie in dein Zuhause.<\/p>\n<p data-start=\"491\" data-end=\"751\">Mit einer H\u00f6he von 10 cm tr\u00e4gt Laura eine zarte Bl\u00fcte auf dem Kopf, ihre langen braunen Haare sind zu einem Zopf gebunden. Ihr wei\u00dfes Kleidchen ist verziert mit zarten Lavendel- und Fliederbl\u00fcten und strahlt Leichtigkeit, Reinheit und nat\u00fcrliche Sch\u00f6nheit aus.<\/p>\n<p data-start=\"753\" data-end=\"942\">Laura erinnert uns daran, mit offenem Herzen und wachen Augen die Wunder der Natur zu entdecken und zu bewahren \u2013 denn in jeder Blume wohnt ein kleiner Zauber, der unser Leben heller macht.<\/p>\n<p data-start=\"944\" data-end=\"1072\">Lass dich von Lauras liebevoller Energie verzaubern und sp\u00fcre die tiefe Verbindung zu der nat\u00fcrlichen Welt, die uns alle umgibt.<\/p>\n<p data-start=\"1074\" data-end=\"1197\">Zu Blumenkind Laura geh\u00f6rt auch Blumenkind Louis, der ebenfalls liebevoll gestaltet ist und in unserem Shop erh\u00e4ltlich ist.<\/p>\n","protected":false},"excerpt":{"rendered":"<p>Blumenkind Laura \u2013 Ein zarte Botin der Natur und des Lichts In jedem von uns wohnt ein kleines St\u00fcck Natur \u2013 und in jeder Blume verbirgt sich ein sanftes Blumenkind, das darauf wartet, unsere Herzen zu ber\u00fchren. Unser Blumenkind Laura bringt mit ihrem freundlichen L\u00e4cheln und ihrer liebevollen Ausstrahlung genau diese besondere Magie in dein [&hellip;]<\/p>\n<p><a class=\"read-more\" href=\"https:\/\/www.bynaldis-shop.com\/?product=blumenkind-laura\">Mehr lesen<span class=\"meta-nav\">&rarr;<\/span><\/a><\/p>\n","protected":false},"featured_media":9539,"template":"","meta":[],"product_brand":[],"product_cat":[288,262],"product_tag":[],"class_list":{"0":"post-9538","1":"product","2":"type-product","3":"status-publish","4":"has-post-thumbnail","6":"product_cat-alles-fuer-das-kinderherz","7":"product_cat-garten","9":"first","10":"instock","11":"taxable","12":"shipping-taxable","13":"purchasable","14":"product-type-simple"},"_links":{"self":[{"href":"https:\/\/www.bynaldis-shop.com\/index.php?rest_route=\/wp\/v2\/product\/9538","targetHints":{"allow":["GET"]}}],"collection":[{"href":"https:\/\/www.bynaldis-shop.com\/index.php?rest_route=\/wp\/v2\/product"}],"about":[{"href":"https:\/\/www.bynaldis-shop.com\/index.php?rest_route=\/wp\/v2\/types\/product"}],"wp:featuredmedia":[{"embeddable":true,"href":"https:\/\/www.bynaldis-shop.com\/index.php?rest_route=\/wp\/v2\/media\/9539"}],"wp:attachment":[{"href":"https:\/\/www.bynaldis-shop.com\/index.php?rest_route=%2Fwp%2Fv2%2Fmedia&parent=9538"}],"wp:term":[{"taxonomy":"product_brand","embeddable":true,"href":"https:\/\/www.bynaldis-shop.com\/index.php?rest_route=%2Fwp%2Fv2%2Fproduct_brand&post=9538"},{"taxonomy":"product_cat","embeddable":true,"href":"https:\/\/www.bynaldis-shop.com\/index.php?rest_route=%2Fwp%2Fv2%2Fproduct_cat&post=9538"},{"taxonomy":"product_tag","embeddable":true,"href":"https:\/\/www.bynaldis-shop.com\/index.php?rest_route=%2Fwp%2Fv2%2Fproduct_tag&post=9538"}],"curies":[{"name":"wp","href":"https:\/\/api.w.org\/{rel}","templated":true}]}}