{"id":9529,"date":"2025-06-18T14:02:15","date_gmt":"2025-06-18T12:02:15","guid":{"rendered":"https:\/\/www.bynaldis-shop.com\/?post_type=product&#038;p=9529"},"modified":"2025-10-22T16:17:22","modified_gmt":"2025-10-22T14:17:22","slug":"rauschebart-1","status":"publish","type":"product","link":"https:\/\/www.bynaldis-shop.com\/?product=rauschebart-1","title":{"rendered":"Rauschebart \u2013 Der festliche Weihnachtswichtel mit s\u00fc\u00dfer \u00dcberraschung"},"content":{"rendered":"<p data-start=\"115\" data-end=\"187\"><strong data-start=\"115\" data-end=\"187\">Rauschebart \u2013 Der festliche Weihnachtswichtel mit s\u00fc\u00dfer \u00dcberraschung<\/strong><\/p>\n<p data-start=\"189\" data-end=\"489\">Zur Weihnachtszeit sind es die kleinen Wunder und liebevollen Begleiter, die unser Herz erw\u00e4rmen und unser Zuhause in eine magische Welt voller Freude und Geborgenheit verwandeln. Unser gro\u00dfer Rauschebart mit einer H\u00f6he von 14 cm bringt genau diese zauberhafte Stimmung in deine festliche Dekoration.<\/p>\n<p data-start=\"491\" data-end=\"804\">Mit seiner langen, bis zum Boden reichenden M\u00fctze, verziert mit einem wei\u00dfen Herzchen, seinen roten Schuhen und dem freundlichen Gesicht strahlt er W\u00e4rme und Herzlichkeit aus. In seiner Hand h\u00e4lt er eine s\u00fc\u00dfe Zuckerstange \u2013 ein Symbol f\u00fcr die s\u00fc\u00dfen Momente der Weihnachtszeit, die wir mit unseren Liebsten teilen.<\/p>\n<p data-start=\"806\" data-end=\"1014\">Rauschebart ist das perfekte Geschenk oder eine liebevolle Dekoration, die in jedem Raum f\u00fcr festliche Stimmung sorgt. Er l\u00e4dt dich ein, die Magie der Weihnacht zu sp\u00fcren und die Freude im Herzen zu bewahren.<\/p>\n<p data-start=\"1016\" data-end=\"1138\">Hol dir diesen zauberhaften Wichtel und schenke dir und deinen Liebsten ein St\u00fcck Weihnachtszauber voller Liebe und W\u00e4rme.<\/p>\n","protected":false},"excerpt":{"rendered":"<p>Rauschebart \u2013 Der festliche Weihnachtswichtel mit s\u00fc\u00dfer \u00dcberraschung Zur Weihnachtszeit sind es die kleinen Wunder und liebevollen Begleiter, die unser Herz erw\u00e4rmen und unser Zuhause in eine magische Welt voller Freude und Geborgenheit verwandeln. Unser gro\u00dfer Rauschebart mit einer H\u00f6he von 14 cm bringt genau diese zauberhafte Stimmung in deine festliche Dekoration. Mit seiner langen, [&hellip;]<\/p>\n<p><a class=\"read-more\" href=\"https:\/\/www.bynaldis-shop.com\/?product=rauschebart-1\">Mehr lesen<span class=\"meta-nav\">&rarr;<\/span><\/a><\/p>\n","protected":false},"featured_media":9542,"template":"","meta":[],"product_brand":[],"product_cat":[276],"product_tag":[],"class_list":{"0":"post-9529","1":"product","2":"type-product","3":"status-publish","4":"has-post-thumbnail","6":"product_cat-weihnachtsmaenner-und-wichtel","8":"first","9":"instock","10":"taxable","11":"shipping-taxable","12":"purchasable","13":"product-type-simple"},"_links":{"self":[{"href":"https:\/\/www.bynaldis-shop.com\/index.php?rest_route=\/wp\/v2\/product\/9529","targetHints":{"allow":["GET"]}}],"collection":[{"href":"https:\/\/www.bynaldis-shop.com\/index.php?rest_route=\/wp\/v2\/product"}],"about":[{"href":"https:\/\/www.bynaldis-shop.com\/index.php?rest_route=\/wp\/v2\/types\/product"}],"wp:featuredmedia":[{"embeddable":true,"href":"https:\/\/www.bynaldis-shop.com\/index.php?rest_route=\/wp\/v2\/media\/9542"}],"wp:attachment":[{"href":"https:\/\/www.bynaldis-shop.com\/index.php?rest_route=%2Fwp%2Fv2%2Fmedia&parent=9529"}],"wp:term":[{"taxonomy":"product_brand","embeddable":true,"href":"https:\/\/www.bynaldis-shop.com\/index.php?rest_route=%2Fwp%2Fv2%2Fproduct_brand&post=9529"},{"taxonomy":"product_cat","embeddable":true,"href":"https:\/\/www.bynaldis-shop.com\/index.php?rest_route=%2Fwp%2Fv2%2Fproduct_cat&post=9529"},{"taxonomy":"product_tag","embeddable":true,"href":"https:\/\/www.bynaldis-shop.com\/index.php?rest_route=%2Fwp%2Fv2%2Fproduct_tag&post=9529"}],"curies":[{"name":"wp","href":"https:\/\/api.w.org\/{rel}","templated":true}]}}