{"id":9527,"date":"2025-06-18T13:58:45","date_gmt":"2025-06-18T11:58:45","guid":{"rendered":"https:\/\/www.bynaldis-shop.com\/?post_type=product&#038;p=9527"},"modified":"2025-10-28T10:24:11","modified_gmt":"2025-10-28T09:24:11","slug":"teelichthalter-weihnachtsmann","status":"publish","type":"product","link":"https:\/\/www.bynaldis-shop.com\/?product=teelichthalter-weihnachtsmann","title":{"rendered":"Weihnachtlicher Teelichthalter Weihnachtsmann \u2013 W\u00e4rme und Liebe im festlichen Glanz"},"content":{"rendered":"<p data-start=\"116\" data-end=\"203\"><strong data-start=\"116\" data-end=\"203\">Weihnachtlicher Teelichthalter Weihnachtsmann \u2013 W\u00e4rme und Liebe im festlichen Glanz<\/strong><\/p>\n<p data-start=\"205\" data-end=\"440\">Wenn die Tage k\u00fcrzer werden und die Abende gem\u00fctlicher, ist es die Zeit, in der Licht und Liebe unser Zuhause erf\u00fcllen. Unser kleiner Teelichthalter in Form eines Weihnachtsmanns bringt genau diese zauberhafte Stimmung in dein Zuhause.<\/p>\n<p data-start=\"442\" data-end=\"750\">Mit einer H\u00f6he von 7,5 cm ist dieser liebevoll gestaltete Weihnachtsmann in den traditionellen Farben Rot und Wei\u00df gehalten, tr\u00e4gt eine kleine Zipfelm\u00fctze und einen langen Bart. In seinen H\u00e4nden h\u00e4lt er ein strahlendes rotes Herz \u2013 ein Symbol f\u00fcr die W\u00e4rme und Herzlichkeit, die die Weihnachtszeit ausmachen.\u00a0Das Teelicht kannst du sicher im Inneren platzieren und so sanftes, stimmungsvolles Licht genie\u00dfen.\u00a0Hol dir diesen bezaubernden Teelichthalter und lass dein Zuhause in einem warmen, liebevollen Licht erstrahlen \u2013 ein Geschenk des Herzens f\u00fcr dich und deine Liebsten.<\/p>\n<p data-start=\"442\" data-end=\"750\">Passend dazu findest du in unserem Shop liebevoll ausgew\u00e4hlte Bienenwachsteelichter und weitere Teelichter, die deinem Stern ein besonders warmes und nat\u00fcrliches Licht schenken. Entdecke deine Lieblingslichter und kreiere magische Momente.<\/p>\n","protected":false},"excerpt":{"rendered":"<p>Weihnachtlicher Teelichthalter Weihnachtsmann \u2013 W\u00e4rme und Liebe im festlichen Glanz Wenn die Tage k\u00fcrzer werden und die Abende gem\u00fctlicher, ist es die Zeit, in der Licht und Liebe unser Zuhause erf\u00fcllen. Unser kleiner Teelichthalter in Form eines Weihnachtsmanns bringt genau diese zauberhafte Stimmung in dein Zuhause. Mit einer H\u00f6he von 7,5 cm ist dieser liebevoll [&hellip;]<\/p>\n<p><a class=\"read-more\" href=\"https:\/\/www.bynaldis-shop.com\/?product=teelichthalter-weihnachtsmann\">Mehr lesen<span class=\"meta-nav\">&rarr;<\/span><\/a><\/p>\n","protected":false},"featured_media":9526,"template":"","meta":[],"product_brand":[],"product_cat":[264,276,274],"product_tag":[],"class_list":{"0":"post-9527","1":"product","2":"type-product","3":"status-publish","4":"has-post-thumbnail","6":"product_cat-teelichter-und-halter","7":"product_cat-weihnachtsmaenner-und-wichtel","8":"product_cat-lichter","10":"first","11":"instock","12":"taxable","13":"shipping-taxable","14":"purchasable","15":"product-type-simple"},"_links":{"self":[{"href":"https:\/\/www.bynaldis-shop.com\/index.php?rest_route=\/wp\/v2\/product\/9527","targetHints":{"allow":["GET"]}}],"collection":[{"href":"https:\/\/www.bynaldis-shop.com\/index.php?rest_route=\/wp\/v2\/product"}],"about":[{"href":"https:\/\/www.bynaldis-shop.com\/index.php?rest_route=\/wp\/v2\/types\/product"}],"wp:featuredmedia":[{"embeddable":true,"href":"https:\/\/www.bynaldis-shop.com\/index.php?rest_route=\/wp\/v2\/media\/9526"}],"wp:attachment":[{"href":"https:\/\/www.bynaldis-shop.com\/index.php?rest_route=%2Fwp%2Fv2%2Fmedia&parent=9527"}],"wp:term":[{"taxonomy":"product_brand","embeddable":true,"href":"https:\/\/www.bynaldis-shop.com\/index.php?rest_route=%2Fwp%2Fv2%2Fproduct_brand&post=9527"},{"taxonomy":"product_cat","embeddable":true,"href":"https:\/\/www.bynaldis-shop.com\/index.php?rest_route=%2Fwp%2Fv2%2Fproduct_cat&post=9527"},{"taxonomy":"product_tag","embeddable":true,"href":"https:\/\/www.bynaldis-shop.com\/index.php?rest_route=%2Fwp%2Fv2%2Fproduct_tag&post=9527"}],"curies":[{"name":"wp","href":"https:\/\/api.w.org\/{rel}","templated":true}]}}