{"id":9524,"date":"2025-06-18T13:52:27","date_gmt":"2025-06-18T11:52:27","guid":{"rendered":"https:\/\/www.bynaldis-shop.com\/?post_type=product&#038;p=9524"},"modified":"2025-10-28T10:29:48","modified_gmt":"2025-10-28T09:29:48","slug":"teelichthalter-schneemann","status":"publish","type":"product","link":"https:\/\/www.bynaldis-shop.com\/?product=teelichthalter-schneemann","title":{"rendered":"Weihnachtliche Gem\u00fctlichkeit mit unserem Teelichthalter Schneemann Heinz"},"content":{"rendered":"<p data-start=\"125\" data-end=\"195\"><strong data-start=\"125\" data-end=\"195\">Weihnachtliche Gem\u00fctlichkeit mit unserem Teelichthalter Schneemann<\/strong><\/p>\n<p data-start=\"197\" data-end=\"629\">Wenn die Abende l\u00e4nger werden und die Herzen sich nach W\u00e4rme sehnen, bringt unser kleiner Schneemann mit seiner fr\u00f6hlichen Ausstrahlung genau das richtige Licht in dein Zuhause. Mit seiner wei\u00dfen, glatten Figur, der knallroten M\u00fctze und dem passenden roten Schal ist er ein bezaubernder Begleiter f\u00fcr die festliche Jahreszeit. Ganz freundlich und ein bisschen l\u00e4chelnd l\u00e4dt er dich ein, die stille Magie von Weihnachten zu genie\u00dfen.<\/p>\n<p data-start=\"631\" data-end=\"811\">Der Teelichthalter ist 7 cm hoch \u2013 genau richtig, um auf deinem Fensterbrett, dem Sideboard oder dem festlich gedeckten Tisch zu leuchten und eine heimelige Atmosph\u00e4re zu schaffen. Lass den Schneemann dein Herz erw\u00e4rmen und die dunklen Wintertage mit einem sanften Schein erf\u00fcllen!<\/p>\n<p data-start=\"631\" data-end=\"811\">Passend dazu findest du in unserem Shop liebevoll ausgew\u00e4hlte Bienenwachsteelichter und weitere Teelichter, die deinem Stern ein besonders warmes und nat\u00fcrliches Licht schenken. Entdecke deine Lieblingslichter und kreiere magische Momente.<\/p>\n","protected":false},"excerpt":{"rendered":"<p>Weihnachtliche Gem\u00fctlichkeit mit unserem Teelichthalter Schneemann Wenn die Abende l\u00e4nger werden und die Herzen sich nach W\u00e4rme sehnen, bringt unser kleiner Schneemann mit seiner fr\u00f6hlichen Ausstrahlung genau das richtige Licht in dein Zuhause. Mit seiner wei\u00dfen, glatten Figur, der knallroten M\u00fctze und dem passenden roten Schal ist er ein bezaubernder Begleiter f\u00fcr die festliche Jahreszeit. [&hellip;]<\/p>\n<p><a class=\"read-more\" href=\"https:\/\/www.bynaldis-shop.com\/?product=teelichthalter-schneemann\">Mehr lesen<span class=\"meta-nav\">&rarr;<\/span><\/a><\/p>\n","protected":false},"featured_media":9525,"template":"","meta":[],"product_brand":[],"product_cat":[264,278,274],"product_tag":[],"class_list":{"0":"post-9524","1":"product","2":"type-product","3":"status-publish","4":"has-post-thumbnail","6":"product_cat-teelichter-und-halter","7":"product_cat-schneemaenner","8":"product_cat-lichter","10":"first","11":"instock","12":"taxable","13":"shipping-taxable","14":"purchasable","15":"product-type-simple"},"_links":{"self":[{"href":"https:\/\/www.bynaldis-shop.com\/index.php?rest_route=\/wp\/v2\/product\/9524","targetHints":{"allow":["GET"]}}],"collection":[{"href":"https:\/\/www.bynaldis-shop.com\/index.php?rest_route=\/wp\/v2\/product"}],"about":[{"href":"https:\/\/www.bynaldis-shop.com\/index.php?rest_route=\/wp\/v2\/types\/product"}],"wp:featuredmedia":[{"embeddable":true,"href":"https:\/\/www.bynaldis-shop.com\/index.php?rest_route=\/wp\/v2\/media\/9525"}],"wp:attachment":[{"href":"https:\/\/www.bynaldis-shop.com\/index.php?rest_route=%2Fwp%2Fv2%2Fmedia&parent=9524"}],"wp:term":[{"taxonomy":"product_brand","embeddable":true,"href":"https:\/\/www.bynaldis-shop.com\/index.php?rest_route=%2Fwp%2Fv2%2Fproduct_brand&post=9524"},{"taxonomy":"product_cat","embeddable":true,"href":"https:\/\/www.bynaldis-shop.com\/index.php?rest_route=%2Fwp%2Fv2%2Fproduct_cat&post=9524"},{"taxonomy":"product_tag","embeddable":true,"href":"https:\/\/www.bynaldis-shop.com\/index.php?rest_route=%2Fwp%2Fv2%2Fproduct_tag&post=9524"}],"curies":[{"name":"wp","href":"https:\/\/api.w.org\/{rel}","templated":true}]}}