{"id":9521,"date":"2025-06-18T13:45:44","date_gmt":"2025-06-18T11:45:44","guid":{"rendered":"https:\/\/www.bynaldis-shop.com\/?post_type=product&#038;p=9521"},"modified":"2026-01-01T12:44:45","modified_gmt":"2026-01-01T11:44:45","slug":"pilz-mit-wichtel","status":"publish","type":"product","link":"https:\/\/www.bynaldis-shop.com\/?product=pilz-mit-wichtel","title":{"rendered":"Pilzhaus mit Wichtel \u2013 Ein zauberhafter Gru\u00df der Naturgeister"},"content":{"rendered":"<p data-start=\"92\" data-end=\"157\"><strong data-start=\"92\" data-end=\"157\">Pilzhaus mit Wichtel \u2013 Ein zauberhafter Gru\u00df der Naturgeister<\/strong><\/p>\n<p data-start=\"159\" data-end=\"417\">Unser liebevoll gestalteter Pilz als kleines H\u00e4uschen mit einer H\u00f6he von 12,6 cm verzaubert dein Zuhause mit seinem roten, wei\u00df- und grau lasierten Charme. Mit einem s\u00fc\u00dfen Fensterchen und wei\u00dfen P\u00fcnktchen auf dem Pilzkopf l\u00e4dt er zum Tr\u00e4umen und Staunen ein.<\/p>\n<p data-start=\"419\" data-end=\"755\">Auf dem Pilzkopf klettert ein kleiner Wichtel, der uns daran erinnert, dass wir jederzeit verbunden sind mit den geheimnisvollen Naturgeistern \u2013 Zwergen, Feen, Elfen und eben den kleinen Wichteln. Sie sind \u00fcberall um uns herum, schenken uns Frieden, Liebe und Tatkraft und erf\u00fcllen unser Zuhause und unseren Garten mit Freude und Gl\u00fcck.<\/p>\n<p data-start=\"757\" data-end=\"909\">Dieses zauberhafte Dekost\u00fcck ist nicht nur ein Blickfang, sondern auch ein Symbol f\u00fcr die magische Verbindung zur Natur und all ihren wunderbaren Wesen.<\/p>\n","protected":false},"excerpt":{"rendered":"<p>Pilzhaus mit Wichtel \u2013 Ein zauberhafter Gru\u00df der Naturgeister Unser liebevoll gestalteter Pilz als kleines H\u00e4uschen mit einer H\u00f6he von 12,6 cm verzaubert dein Zuhause mit seinem roten, wei\u00df- und grau lasierten Charme. Mit einem s\u00fc\u00dfen Fensterchen und wei\u00dfen P\u00fcnktchen auf dem Pilzkopf l\u00e4dt er zum Tr\u00e4umen und Staunen ein. Auf dem Pilzkopf klettert ein [&hellip;]<\/p>\n<p><a class=\"read-more\" href=\"https:\/\/www.bynaldis-shop.com\/?product=pilz-mit-wichtel\">Mehr lesen<span class=\"meta-nav\">&rarr;<\/span><\/a><\/p>\n","protected":false},"featured_media":9520,"template":"","meta":[],"product_brand":[],"product_cat":[290],"product_tag":[],"class_list":{"0":"post-9521","1":"product","2":"type-product","3":"status-publish","4":"has-post-thumbnail","6":"product_cat-weihnachtszauber-fuer-kleine-herzen","8":"first","9":"instock","10":"taxable","11":"shipping-taxable","12":"purchasable","13":"product-type-simple"},"_links":{"self":[{"href":"https:\/\/www.bynaldis-shop.com\/index.php?rest_route=\/wp\/v2\/product\/9521","targetHints":{"allow":["GET"]}}],"collection":[{"href":"https:\/\/www.bynaldis-shop.com\/index.php?rest_route=\/wp\/v2\/product"}],"about":[{"href":"https:\/\/www.bynaldis-shop.com\/index.php?rest_route=\/wp\/v2\/types\/product"}],"wp:featuredmedia":[{"embeddable":true,"href":"https:\/\/www.bynaldis-shop.com\/index.php?rest_route=\/wp\/v2\/media\/9520"}],"wp:attachment":[{"href":"https:\/\/www.bynaldis-shop.com\/index.php?rest_route=%2Fwp%2Fv2%2Fmedia&parent=9521"}],"wp:term":[{"taxonomy":"product_brand","embeddable":true,"href":"https:\/\/www.bynaldis-shop.com\/index.php?rest_route=%2Fwp%2Fv2%2Fproduct_brand&post=9521"},{"taxonomy":"product_cat","embeddable":true,"href":"https:\/\/www.bynaldis-shop.com\/index.php?rest_route=%2Fwp%2Fv2%2Fproduct_cat&post=9521"},{"taxonomy":"product_tag","embeddable":true,"href":"https:\/\/www.bynaldis-shop.com\/index.php?rest_route=%2Fwp%2Fv2%2Fproduct_tag&post=9521"}],"curies":[{"name":"wp","href":"https:\/\/api.w.org\/{rel}","templated":true}]}}