{"id":9518,"date":"2025-06-18T13:43:56","date_gmt":"2025-06-18T11:43:56","guid":{"rendered":"https:\/\/www.bynaldis-shop.com\/?post_type=product&#038;p=9518"},"modified":"2026-05-06T11:20:41","modified_gmt":"2026-05-06T09:20:41","slug":"blumenkind-frederike","status":"publish","type":"product","link":"https:\/\/www.bynaldis-shop.com\/?product=blumenkind-frederike","title":{"rendered":"Blumenkind Friederike \u2013 Ein zarter Gru\u00df aus der Blumenwelt"},"content":{"rendered":"<p data-start=\"105\" data-end=\"167\"><strong data-start=\"105\" data-end=\"167\">Blumenkind Friederike \u2013 Ein zarter Gru\u00df aus der Blumenwelt<\/strong><\/p>\n<p data-start=\"169\" data-end=\"441\">Mit einer H\u00f6he von 10,5 cm bringt Blumenkind Friederike frischen, lieblichen Charme in dein Zuhause. Nur f\u00fcr den Innenbereich geeignet, tr\u00e4gt sie einen gr\u00fcnen Blumenkelch auf dem Kopf, ein sonnig gelbes Kleidchen und eine zarte wei\u00dfe Sch\u00fcrze, die ihre Anmut unterstreicht.<\/p>\n<p data-start=\"443\" data-end=\"739\">In ihrer kleinen Hand h\u00e4lt Friederike einen wundersch\u00f6nen Blumenstrau\u00df in Violett \u2013 ein Symbol f\u00fcr Sch\u00f6nheit, Freude und die bunte Vielfalt der Natur. Mit ihrem sanften Blick und ihrer liebevollen Ausstrahlung erinnert sie uns daran, wie kostbar und lebendig die Welt der Blumen und Pflanzen ist.<\/p>\n<p data-start=\"741\" data-end=\"992\">Passend zu Friederike gibt es auch das Blumenkind Lisa, das ebenfalls liebevoll gestaltet ist und in unserem Shop erh\u00e4ltlich ist. Gemeinsam bringen die beiden Blumenkinder zauberhafte Momente voller Leichtigkeit und Naturverbundenheit in dein Zuhause.<\/p>\n","protected":false},"excerpt":{"rendered":"<p>Blumenkind Friederike \u2013 Ein zarter Gru\u00df aus der Blumenwelt Mit einer H\u00f6he von 10,5 cm bringt Blumenkind Friederike frischen, lieblichen Charme in dein Zuhause. Nur f\u00fcr den Innenbereich geeignet, tr\u00e4gt sie einen gr\u00fcnen Blumenkelch auf dem Kopf, ein sonnig gelbes Kleidchen und eine zarte wei\u00dfe Sch\u00fcrze, die ihre Anmut unterstreicht. In ihrer kleinen Hand h\u00e4lt [&hellip;]<\/p>\n<p><a class=\"read-more\" href=\"https:\/\/www.bynaldis-shop.com\/?product=blumenkind-frederike\">Mehr lesen<span class=\"meta-nav\">&rarr;<\/span><\/a><\/p>\n","protected":false},"featured_media":9519,"template":"","meta":[],"product_brand":[],"product_cat":[288,359,262],"product_tag":[],"class_list":{"0":"post-9518","1":"product","2":"type-product","3":"status-publish","4":"has-post-thumbnail","6":"product_cat-alles-fuer-das-kinderherz","7":"product_cat-deko","8":"product_cat-garten","10":"first","11":"instock","12":"taxable","13":"shipping-taxable","14":"purchasable","15":"product-type-simple"},"_links":{"self":[{"href":"https:\/\/www.bynaldis-shop.com\/index.php?rest_route=\/wp\/v2\/product\/9518","targetHints":{"allow":["GET"]}}],"collection":[{"href":"https:\/\/www.bynaldis-shop.com\/index.php?rest_route=\/wp\/v2\/product"}],"about":[{"href":"https:\/\/www.bynaldis-shop.com\/index.php?rest_route=\/wp\/v2\/types\/product"}],"wp:featuredmedia":[{"embeddable":true,"href":"https:\/\/www.bynaldis-shop.com\/index.php?rest_route=\/wp\/v2\/media\/9519"}],"wp:attachment":[{"href":"https:\/\/www.bynaldis-shop.com\/index.php?rest_route=%2Fwp%2Fv2%2Fmedia&parent=9518"}],"wp:term":[{"taxonomy":"product_brand","embeddable":true,"href":"https:\/\/www.bynaldis-shop.com\/index.php?rest_route=%2Fwp%2Fv2%2Fproduct_brand&post=9518"},{"taxonomy":"product_cat","embeddable":true,"href":"https:\/\/www.bynaldis-shop.com\/index.php?rest_route=%2Fwp%2Fv2%2Fproduct_cat&post=9518"},{"taxonomy":"product_tag","embeddable":true,"href":"https:\/\/www.bynaldis-shop.com\/index.php?rest_route=%2Fwp%2Fv2%2Fproduct_tag&post=9518"}],"curies":[{"name":"wp","href":"https:\/\/api.w.org\/{rel}","templated":true}]}}