{"id":9517,"date":"2025-06-18T13:41:48","date_gmt":"2025-06-18T11:41:48","guid":{"rendered":"https:\/\/www.bynaldis-shop.com\/?post_type=product&#038;p=9517"},"modified":"2026-05-06T11:20:53","modified_gmt":"2026-05-06T09:20:53","slug":"blumenkind-lisa","status":"publish","type":"product","link":"https:\/\/www.bynaldis-shop.com\/?product=blumenkind-lisa","title":{"rendered":"Blumenkind Lisa \u2013 Ein sanfter Hauch von Sommer und Natur"},"content":{"rendered":"<p data-start=\"98\" data-end=\"158\"><strong data-start=\"98\" data-end=\"158\">Blumenkind Lisa \u2013 Ein sanfter Hauch von Sommer und Natur<\/strong><\/p>\n<p data-start=\"160\" data-end=\"466\">Mit einer H\u00f6he von 10,5 cm ist Blumenkind Lisa eine bezaubernde Dekoration f\u00fcr den Innenbereich, die mit ihrer liebevollen Ausstrahlung W\u00e4rme in dein Zuhause bringt. Lisa sitzt gem\u00fctlich auf dem Boden, ihre braunen Haare fallen sanft und sie tr\u00e4gt ein wei\u00dfes Kleidchen, geschm\u00fcckt mit zarten gelben Bl\u00fcten.<\/p>\n<p data-start=\"468\" data-end=\"666\">Ein h\u00fcbscher grauer Sommerhut rundet ihr fr\u00f6hliches Erscheinungsbild ab und erinnert an die Leichtigkeit und Sch\u00f6nheit sonniger Tage. Lisa strahlt Ruhe, Geborgenheit und die Freude an der Natur aus.<\/p>\n<p data-start=\"668\" data-end=\"919\">Passend zu Lisa gibt es auch das Blumenkind Friederike, das ebenfalls liebevoll gestaltet ist und in unserem Shop erh\u00e4ltlich ist. Gemeinsam bringen die beiden Blumenkinder zauberhafte Momente voller Leichtigkeit und Naturverbundenheit in dein Zuhause.<\/p>\n","protected":false},"excerpt":{"rendered":"<p>Blumenkind Lisa \u2013 Ein sanfter Hauch von Sommer und Natur Mit einer H\u00f6he von 10,5 cm ist Blumenkind Lisa eine bezaubernde Dekoration f\u00fcr den Innenbereich, die mit ihrer liebevollen Ausstrahlung W\u00e4rme in dein Zuhause bringt. Lisa sitzt gem\u00fctlich auf dem Boden, ihre braunen Haare fallen sanft und sie tr\u00e4gt ein wei\u00dfes Kleidchen, geschm\u00fcckt mit zarten [&hellip;]<\/p>\n<p><a class=\"read-more\" href=\"https:\/\/www.bynaldis-shop.com\/?product=blumenkind-lisa\">Mehr lesen<span class=\"meta-nav\">&rarr;<\/span><\/a><\/p>\n","protected":false},"featured_media":9516,"template":"","meta":[],"product_brand":[],"product_cat":[288,359,262],"product_tag":[],"class_list":{"0":"post-9517","1":"product","2":"type-product","3":"status-publish","4":"has-post-thumbnail","6":"product_cat-alles-fuer-das-kinderherz","7":"product_cat-deko","8":"product_cat-garten","10":"first","11":"instock","12":"taxable","13":"shipping-taxable","14":"purchasable","15":"product-type-simple"},"_links":{"self":[{"href":"https:\/\/www.bynaldis-shop.com\/index.php?rest_route=\/wp\/v2\/product\/9517","targetHints":{"allow":["GET"]}}],"collection":[{"href":"https:\/\/www.bynaldis-shop.com\/index.php?rest_route=\/wp\/v2\/product"}],"about":[{"href":"https:\/\/www.bynaldis-shop.com\/index.php?rest_route=\/wp\/v2\/types\/product"}],"wp:featuredmedia":[{"embeddable":true,"href":"https:\/\/www.bynaldis-shop.com\/index.php?rest_route=\/wp\/v2\/media\/9516"}],"wp:attachment":[{"href":"https:\/\/www.bynaldis-shop.com\/index.php?rest_route=%2Fwp%2Fv2%2Fmedia&parent=9517"}],"wp:term":[{"taxonomy":"product_brand","embeddable":true,"href":"https:\/\/www.bynaldis-shop.com\/index.php?rest_route=%2Fwp%2Fv2%2Fproduct_brand&post=9517"},{"taxonomy":"product_cat","embeddable":true,"href":"https:\/\/www.bynaldis-shop.com\/index.php?rest_route=%2Fwp%2Fv2%2Fproduct_cat&post=9517"},{"taxonomy":"product_tag","embeddable":true,"href":"https:\/\/www.bynaldis-shop.com\/index.php?rest_route=%2Fwp%2Fv2%2Fproduct_tag&post=9517"}],"curies":[{"name":"wp","href":"https:\/\/api.w.org\/{rel}","templated":true}]}}