{"id":9509,"date":"2025-06-18T13:30:44","date_gmt":"2025-06-18T11:30:44","guid":{"rendered":"https:\/\/www.bynaldis-shop.com\/?post_type=product&#038;p=9509"},"modified":"2025-10-22T15:57:40","modified_gmt":"2025-10-22T13:57:40","slug":"raeucheresel-1","status":"publish","type":"product","link":"https:\/\/www.bynaldis-shop.com\/?product=raeucheresel-1","title":{"rendered":"R\u00e4ucheresel schwarz \u2013 Dein charmanter Begleiter f\u00fcr das traditionelle R\u00e4ucherritual"},"content":{"rendered":"<p data-start=\"106\" data-end=\"185\"><strong data-start=\"106\" data-end=\"185\">R\u00e4ucheresel schwarz \u2013 Dein charmanter Begleiter f\u00fcr das traditionelle R\u00e4ucherritual<\/strong><\/p>\n<p data-start=\"187\" data-end=\"591\">R\u00e4uchern ist ein uraltes Ritual, das seit Jahrhunderten genutzt wird, um R\u00e4ume mit wohltuenden D\u00fcften zu erf\u00fcllen, alte Energien zu kl\u00e4ren und eine Atmosph\u00e4re von Frieden und Geborgenheit zu schaffen. Mit unserem liebevoll handgefertigten R\u00e4ucheresel holst du dir nicht nur ein dekoratives Highlight ins Haus, sondern auch einen kraftvollen Begleiter, der das R\u00e4uchern zu einem besonderen Erlebnis macht.<\/p>\n<p data-start=\"593\" data-end=\"979\">Der R\u00e4ucheresel ist ca. 14 cm hoch, tr\u00e4gt eine schwarze Jacke und ist in einem sanften Grau lasiert. Durch seinen Mund entweicht der zarte Rauch der R\u00e4ucherkegel, die du in unserem Shop findest und die speziell daf\u00fcr gemacht sind, in unserem R\u00e4ucheresel verr\u00e4uchert zu werden. Mit seinem lustigen und freundlichen Aussehen bringt der Esel Freude und Leichtigkeit in dein Zuhause.<\/p>\n<p data-start=\"981\" data-end=\"1311\">Die Kombination aus dem R\u00e4ucheresel und den traditionellen R\u00e4ucherkegeln erm\u00f6glicht es dir, altes loszulassen, Raum f\u00fcr neue Energien zu schaffen und eine harmonische, entspannte Atmosph\u00e4re zu erschaffen. Jedes St\u00fcck ist handgefertigt und mit viel Liebe zum Detail gestaltet, sodass du lange Freude an deinem R\u00e4uchererlebnis hast.<\/p>\n<p data-start=\"1313\" data-end=\"1455\">Lass dich von der wohltuenden Kraft des R\u00e4ucherns verzaubern und genie\u00dfe die besondere Stimmung, die unser R\u00e4ucheresel in dein Zuhause bringt.<\/p>\n<p data-start=\"1457\" data-end=\"1589\"><strong data-start=\"1457\" data-end=\"1469\">Hinweis:<\/strong> Unsere hochwertigen R\u00e4ucherkegel sind ebenfalls in unserem Shop erh\u00e4ltlich \u2013 perfekt abgestimmt auf deinen R\u00e4ucheresel.<\/p>\n","protected":false},"excerpt":{"rendered":"<p>R\u00e4ucheresel schwarz \u2013 Dein charmanter Begleiter f\u00fcr das traditionelle R\u00e4ucherritual R\u00e4uchern ist ein uraltes Ritual, das seit Jahrhunderten genutzt wird, um R\u00e4ume mit wohltuenden D\u00fcften zu erf\u00fcllen, alte Energien zu kl\u00e4ren und eine Atmosph\u00e4re von Frieden und Geborgenheit zu schaffen. Mit unserem liebevoll handgefertigten R\u00e4ucheresel holst du dir nicht nur ein dekoratives Highlight ins Haus, [&hellip;]<\/p>\n<p><a class=\"read-more\" href=\"https:\/\/www.bynaldis-shop.com\/?product=raeucheresel-1\">Mehr lesen<span class=\"meta-nav\">&rarr;<\/span><\/a><\/p>\n","protected":false},"featured_media":9510,"template":"","meta":[],"product_brand":[],"product_cat":[288,247],"product_tag":[],"class_list":{"0":"post-9509","1":"product","2":"type-product","3":"status-publish","4":"has-post-thumbnail","6":"product_cat-alles-fuer-das-kinderherz","7":"product_cat-raeucherkegel-zubehoer","9":"first","10":"instock","11":"taxable","12":"shipping-taxable","13":"purchasable","14":"product-type-simple"},"_links":{"self":[{"href":"https:\/\/www.bynaldis-shop.com\/index.php?rest_route=\/wp\/v2\/product\/9509","targetHints":{"allow":["GET"]}}],"collection":[{"href":"https:\/\/www.bynaldis-shop.com\/index.php?rest_route=\/wp\/v2\/product"}],"about":[{"href":"https:\/\/www.bynaldis-shop.com\/index.php?rest_route=\/wp\/v2\/types\/product"}],"wp:featuredmedia":[{"embeddable":true,"href":"https:\/\/www.bynaldis-shop.com\/index.php?rest_route=\/wp\/v2\/media\/9510"}],"wp:attachment":[{"href":"https:\/\/www.bynaldis-shop.com\/index.php?rest_route=%2Fwp%2Fv2%2Fmedia&parent=9509"}],"wp:term":[{"taxonomy":"product_brand","embeddable":true,"href":"https:\/\/www.bynaldis-shop.com\/index.php?rest_route=%2Fwp%2Fv2%2Fproduct_brand&post=9509"},{"taxonomy":"product_cat","embeddable":true,"href":"https:\/\/www.bynaldis-shop.com\/index.php?rest_route=%2Fwp%2Fv2%2Fproduct_cat&post=9509"},{"taxonomy":"product_tag","embeddable":true,"href":"https:\/\/www.bynaldis-shop.com\/index.php?rest_route=%2Fwp%2Fv2%2Fproduct_tag&post=9509"}],"curies":[{"name":"wp","href":"https:\/\/api.w.org\/{rel}","templated":true}]}}