{"id":9502,"date":"2025-06-18T13:23:26","date_gmt":"2025-06-18T11:23:26","guid":{"rendered":"https:\/\/www.bynaldis-shop.com\/?post_type=product&#038;p=9502"},"modified":"2025-10-22T15:55:29","modified_gmt":"2025-10-22T13:55:29","slug":"raeucherelch-1","status":"publish","type":"product","link":"https:\/\/www.bynaldis-shop.com\/?product=raeucherelch-1","title":{"rendered":"R\u00e4ucherelch schwarz \u2013 Ein zauberhafter Begleiter f\u00fcr dein R\u00e4ucherritual"},"content":{"rendered":"<p data-start=\"124\" data-end=\"191\"><strong data-start=\"124\" data-end=\"191\">R\u00e4ucherelch schwarz \u2013 Ein zauberhafter Begleiter f\u00fcr dein R\u00e4ucherritual<\/strong><\/p>\n<p data-start=\"193\" data-end=\"474\">Das R\u00e4uchern ist eine kraftvolle Tradition, die R\u00e4ume mit wohltuenden D\u00fcften erf\u00fcllt, alte Energien l\u00f6st und f\u00fcr Frieden und Harmonie sorgt. Unser liebevoll handgefertigter R\u00e4ucherelch bringt diese besondere Magie direkt in dein Zuhause \u2013 mit Charme, W\u00e4rme und einem Augenzwinkern.<\/p>\n<p data-start=\"476\" data-end=\"857\">Der R\u00e4ucherelch tr\u00e4gt eine schwarze Jacke und zeigt sein braunes Fell in nat\u00fcrlicher Sch\u00f6nheit. Durch seinen Mund entweicht der zarte Rauch der R\u00e4ucherkegel, die du in unserem Shop findest und die speziell daf\u00fcr hergestellt sind, in unserem R\u00e4ucherelch verr\u00e4uchert zu werden. Sein freundliches und zugleich lustiges Aussehen macht ihn zu einem liebevollen Blickfang in jedem Raum.<\/p>\n<p data-start=\"859\" data-end=\"1165\">Gemeinsam mit den traditionellen R\u00e4ucherkegeln schenkt dir der R\u00e4ucherelch die M\u00f6glichkeit, Altes loszulassen, neue Energie zu empfangen und eine gem\u00fctliche, harmonische Atmosph\u00e4re zu schaffen. Jedes St\u00fcck ist mit viel Liebe und Sorgfalt handgefertigt, damit du lange Freude an deinem R\u00e4uchererlebnis hast.<\/p>\n<p data-start=\"1167\" data-end=\"1309\">Lass dich verzaubern von der wohltuenden Kraft des R\u00e4ucherns und genie\u00dfe die besondere Stimmung, die unser R\u00e4ucherelch in dein Zuhause bringt.<\/p>\n<p data-start=\"1311\" data-end=\"1443\"><strong data-start=\"1311\" data-end=\"1323\">Hinweis:<\/strong> Unsere hochwertigen R\u00e4ucherkegel sind ebenfalls in unserem Shop erh\u00e4ltlich \u2013 perfekt abgestimmt auf deinen R\u00e4ucherelch.<\/p>\n","protected":false},"excerpt":{"rendered":"<p>R\u00e4ucherelch schwarz \u2013 Ein zauberhafter Begleiter f\u00fcr dein R\u00e4ucherritual Das R\u00e4uchern ist eine kraftvolle Tradition, die R\u00e4ume mit wohltuenden D\u00fcften erf\u00fcllt, alte Energien l\u00f6st und f\u00fcr Frieden und Harmonie sorgt. Unser liebevoll handgefertigter R\u00e4ucherelch bringt diese besondere Magie direkt in dein Zuhause \u2013 mit Charme, W\u00e4rme und einem Augenzwinkern. Der R\u00e4ucherelch tr\u00e4gt eine schwarze Jacke [&hellip;]<\/p>\n<p><a class=\"read-more\" href=\"https:\/\/www.bynaldis-shop.com\/?product=raeucherelch-1\">Mehr lesen<span class=\"meta-nav\">&rarr;<\/span><\/a><\/p>\n","protected":false},"featured_media":9503,"template":"","meta":[],"product_brand":[],"product_cat":[288,247],"product_tag":[],"class_list":{"0":"post-9502","1":"product","2":"type-product","3":"status-publish","4":"has-post-thumbnail","6":"product_cat-alles-fuer-das-kinderherz","7":"product_cat-raeucherkegel-zubehoer","9":"first","10":"instock","11":"taxable","12":"shipping-taxable","13":"purchasable","14":"product-type-simple"},"_links":{"self":[{"href":"https:\/\/www.bynaldis-shop.com\/index.php?rest_route=\/wp\/v2\/product\/9502","targetHints":{"allow":["GET"]}}],"collection":[{"href":"https:\/\/www.bynaldis-shop.com\/index.php?rest_route=\/wp\/v2\/product"}],"about":[{"href":"https:\/\/www.bynaldis-shop.com\/index.php?rest_route=\/wp\/v2\/types\/product"}],"wp:featuredmedia":[{"embeddable":true,"href":"https:\/\/www.bynaldis-shop.com\/index.php?rest_route=\/wp\/v2\/media\/9503"}],"wp:attachment":[{"href":"https:\/\/www.bynaldis-shop.com\/index.php?rest_route=%2Fwp%2Fv2%2Fmedia&parent=9502"}],"wp:term":[{"taxonomy":"product_brand","embeddable":true,"href":"https:\/\/www.bynaldis-shop.com\/index.php?rest_route=%2Fwp%2Fv2%2Fproduct_brand&post=9502"},{"taxonomy":"product_cat","embeddable":true,"href":"https:\/\/www.bynaldis-shop.com\/index.php?rest_route=%2Fwp%2Fv2%2Fproduct_cat&post=9502"},{"taxonomy":"product_tag","embeddable":true,"href":"https:\/\/www.bynaldis-shop.com\/index.php?rest_route=%2Fwp%2Fv2%2Fproduct_tag&post=9502"}],"curies":[{"name":"wp","href":"https:\/\/api.w.org\/{rel}","templated":true}]}}