{"id":9492,"date":"2025-06-18T13:06:25","date_gmt":"2025-06-18T11:06:25","guid":{"rendered":"https:\/\/www.bynaldis-shop.com\/?post_type=product&#038;p=9492"},"modified":"2025-10-22T15:53:21","modified_gmt":"2025-10-22T13:53:21","slug":"raeucherdrache-2","status":"publish","type":"product","link":"https:\/\/www.bynaldis-shop.com\/?product=raeucherdrache-2","title":{"rendered":"R\u00e4ucherdrache \u2013 Dein flei\u00dfiger Handwerker f\u00fcr das traditionelle R\u00e4ucherritual"},"content":{"rendered":"<p data-start=\"144\" data-end=\"225\"><strong data-start=\"144\" data-end=\"225\">R\u00e4ucherdrache \u2013 Dein flei\u00dfiger Handwerker f\u00fcr das traditionelle R\u00e4ucherritual<\/strong><\/p>\n<p data-start=\"227\" data-end=\"498\">R\u00e4uchern ist eine uralte Tradition, die R\u00e4ume mit wohltuenden D\u00fcften erf\u00fcllt, alte Energien l\u00f6st und eine Atmosph\u00e4re von Frieden und Geborgenheit schafft. Unser handgefertigter R\u00e4ucherdrache bringt diese besondere Magie auf charmante und kraftvolle Weise in dein Zuhause.<\/p>\n<p data-start=\"500\" data-end=\"952\">Der sitzende R\u00e4ucherdrache ist ca. 14 cm hoch, tr\u00e4gt ein praktisches K\u00e4ppi und h\u00e4lt einen Schraubenschl\u00fcssel in der Hand \u2013 ein Symbol f\u00fcr Tatkraft, Geschick und Zuverl\u00e4ssigkeit. Durch seinen Mund entweicht der zarte Rauch der R\u00e4ucherkegel, die du in unserem Shop findest und die speziell daf\u00fcr gemacht sind, in unserem R\u00e4ucherdrache verr\u00e4uchert zu werden. Mit seinem freundlichen und tatkr\u00e4ftigen Aussehen ist er ein besonderer Blickfang in jedem Raum.<\/p>\n<p data-start=\"954\" data-end=\"1274\">Gemeinsam mit den traditionellen R\u00e4ucherkegeln schenkt dir der R\u00e4ucherdrache die M\u00f6glichkeit, Altes loszulassen, neue Energie zu empfangen und eine harmonische, gem\u00fctliche Atmosph\u00e4re zu schaffen. Jedes St\u00fcck ist handgefertigt und mit viel Liebe zum Detail gestaltet, damit du lange Freude an deinem R\u00e4uchererlebnis hast.<\/p>\n<p data-start=\"1276\" data-end=\"1430\">Lass dich verzaubern von der wohltuenden Kraft des R\u00e4ucherns und genie\u00dfe die besondere Stimmung, die unser flei\u00dfiger R\u00e4ucherdrache in dein Zuhause bringt.<\/p>\n<p data-start=\"1432\" data-end=\"1566\"><strong data-start=\"1432\" data-end=\"1444\">Hinweis:<\/strong> Unsere hochwertigen R\u00e4ucherkegel sind ebenfalls in unserem Shop erh\u00e4ltlich \u2013 perfekt abgestimmt auf deinen R\u00e4ucherdrache.<\/p>\n","protected":false},"excerpt":{"rendered":"<p>R\u00e4ucherdrache \u2013 Dein flei\u00dfiger Handwerker f\u00fcr das traditionelle R\u00e4ucherritual R\u00e4uchern ist eine uralte Tradition, die R\u00e4ume mit wohltuenden D\u00fcften erf\u00fcllt, alte Energien l\u00f6st und eine Atmosph\u00e4re von Frieden und Geborgenheit schafft. Unser handgefertigter R\u00e4ucherdrache bringt diese besondere Magie auf charmante und kraftvolle Weise in dein Zuhause. Der sitzende R\u00e4ucherdrache ist ca. 14 cm hoch, tr\u00e4gt [&hellip;]<\/p>\n<p><a class=\"read-more\" href=\"https:\/\/www.bynaldis-shop.com\/?product=raeucherdrache-2\">Mehr lesen<span class=\"meta-nav\">&rarr;<\/span><\/a><\/p>\n","protected":false},"featured_media":9493,"template":"","meta":[],"product_brand":[],"product_cat":[288,247],"product_tag":[],"class_list":{"0":"post-9492","1":"product","2":"type-product","3":"status-publish","4":"has-post-thumbnail","6":"product_cat-alles-fuer-das-kinderherz","7":"product_cat-raeucherkegel-zubehoer","9":"first","10":"instock","11":"taxable","12":"shipping-taxable","13":"purchasable","14":"product-type-simple"},"_links":{"self":[{"href":"https:\/\/www.bynaldis-shop.com\/index.php?rest_route=\/wp\/v2\/product\/9492","targetHints":{"allow":["GET"]}}],"collection":[{"href":"https:\/\/www.bynaldis-shop.com\/index.php?rest_route=\/wp\/v2\/product"}],"about":[{"href":"https:\/\/www.bynaldis-shop.com\/index.php?rest_route=\/wp\/v2\/types\/product"}],"wp:featuredmedia":[{"embeddable":true,"href":"https:\/\/www.bynaldis-shop.com\/index.php?rest_route=\/wp\/v2\/media\/9493"}],"wp:attachment":[{"href":"https:\/\/www.bynaldis-shop.com\/index.php?rest_route=%2Fwp%2Fv2%2Fmedia&parent=9492"}],"wp:term":[{"taxonomy":"product_brand","embeddable":true,"href":"https:\/\/www.bynaldis-shop.com\/index.php?rest_route=%2Fwp%2Fv2%2Fproduct_brand&post=9492"},{"taxonomy":"product_cat","embeddable":true,"href":"https:\/\/www.bynaldis-shop.com\/index.php?rest_route=%2Fwp%2Fv2%2Fproduct_cat&post=9492"},{"taxonomy":"product_tag","embeddable":true,"href":"https:\/\/www.bynaldis-shop.com\/index.php?rest_route=%2Fwp%2Fv2%2Fproduct_tag&post=9492"}],"curies":[{"name":"wp","href":"https:\/\/api.w.org\/{rel}","templated":true}]}}