{"id":9486,"date":"2025-06-15T12:22:15","date_gmt":"2025-06-15T10:22:15","guid":{"rendered":"https:\/\/www.bynaldis-shop.com\/?post_type=product&#038;p=9486"},"modified":"2025-10-22T15:52:47","modified_gmt":"2025-10-22T13:52:47","slug":"halter-alabaster-rund","status":"publish","type":"product","link":"https:\/\/www.bynaldis-shop.com\/?product=halter-alabaster-rund","title":{"rendered":"R\u00e4ucherst\u00e4bchenhalter rund aus Alabaster mit Mandala-Gravur"},"content":{"rendered":"<p data-start=\"116\" data-end=\"179\"><strong data-start=\"116\" data-end=\"179\">R\u00e4ucherst\u00e4bchenhalter rund aus Alabaster mit Mandala-Gravur<\/strong><\/p>\n<p data-start=\"181\" data-end=\"436\">R\u00e4uchern ist ein uraltes Ritual, das mit seinen wohltuenden D\u00fcften K\u00f6rper, Geist und Seele in Einklang bringt. Es schafft eine Atmosph\u00e4re der Ruhe, Geborgenheit und Harmonie \u2013 ideal zum Entspannen, Meditieren oder um positive Energie ins Zuhause zu holen.<\/p>\n<p data-start=\"438\" data-end=\"746\">Unser handgefertigter, runder R\u00e4ucherst\u00e4bchenhalter aus echtem Alabaster hat einen Durchmesser von ca. 10 cm und ist mit einer filigranen Mandala-Gravur verziert. Jedes St\u00fcck ist ein einzigartiges Unikat, das mit seiner nat\u00fcrlichen Farbgebung und dem Symbol des Mandalas Ruhe und Ausgeglichenheit ausstrahlt.<\/p>\n<p data-start=\"748\" data-end=\"1021\">Der Halter bietet sicheren Stand f\u00fcr deine R\u00e4ucherst\u00e4bchen und f\u00e4ngt die Asche elegant auf. Passend dazu findest du in unserem Shop eine gro\u00dfe Auswahl an hochwertigen R\u00e4ucherst\u00e4bchen, die du bequem mitbestellen kannst \u2013 f\u00fcr ein ganzheitliches und erf\u00fclltes R\u00e4uchererlebnis.<\/p>\n<p data-start=\"1023\" data-end=\"1136\">Lass dich verzaubern von der Kraft des R\u00e4ucherns und genie\u00dfe die Kombination aus Duft, \u00c4sthetik und innerer Ruhe<\/p>\n<p data-start=\"1023\" data-end=\"1136\">Und weil ein sch\u00f6ner Halter noch mehr Freude macht mit dem passenden Duft, findest du in unserem Shop eine gro\u00dfe Auswahl an herrlichen R\u00e4ucherst\u00e4bchen \u2013 von sanft blumig bis w\u00fcrzig warm. St\u00f6bere gern ein bisschen, lass dich von den D\u00fcften inspirieren und finde genau die Aromen, die dein Herz ber\u00fchren.<\/p>\n","protected":false},"excerpt":{"rendered":"<p>R\u00e4ucherst\u00e4bchenhalter rund aus Alabaster mit Mandala-Gravur R\u00e4uchern ist ein uraltes Ritual, das mit seinen wohltuenden D\u00fcften K\u00f6rper, Geist und Seele in Einklang bringt. Es schafft eine Atmosph\u00e4re der Ruhe, Geborgenheit und Harmonie \u2013 ideal zum Entspannen, Meditieren oder um positive Energie ins Zuhause zu holen. Unser handgefertigter, runder R\u00e4ucherst\u00e4bchenhalter aus echtem Alabaster hat einen Durchmesser [&hellip;]<\/p>\n<p><a class=\"read-more\" href=\"https:\/\/www.bynaldis-shop.com\/?product=halter-alabaster-rund\">Mehr lesen<span class=\"meta-nav\">&rarr;<\/span><\/a><\/p>\n","protected":false},"featured_media":10510,"template":"","meta":[],"product_brand":[],"product_cat":[252],"product_tag":[],"class_list":{"0":"post-9486","1":"product","2":"type-product","3":"status-publish","4":"has-post-thumbnail","6":"product_cat-zubehoer","8":"first","9":"instock","10":"taxable","11":"shipping-taxable","12":"purchasable","13":"product-type-simple"},"_links":{"self":[{"href":"https:\/\/www.bynaldis-shop.com\/index.php?rest_route=\/wp\/v2\/product\/9486","targetHints":{"allow":["GET"]}}],"collection":[{"href":"https:\/\/www.bynaldis-shop.com\/index.php?rest_route=\/wp\/v2\/product"}],"about":[{"href":"https:\/\/www.bynaldis-shop.com\/index.php?rest_route=\/wp\/v2\/types\/product"}],"wp:featuredmedia":[{"embeddable":true,"href":"https:\/\/www.bynaldis-shop.com\/index.php?rest_route=\/wp\/v2\/media\/10510"}],"wp:attachment":[{"href":"https:\/\/www.bynaldis-shop.com\/index.php?rest_route=%2Fwp%2Fv2%2Fmedia&parent=9486"}],"wp:term":[{"taxonomy":"product_brand","embeddable":true,"href":"https:\/\/www.bynaldis-shop.com\/index.php?rest_route=%2Fwp%2Fv2%2Fproduct_brand&post=9486"},{"taxonomy":"product_cat","embeddable":true,"href":"https:\/\/www.bynaldis-shop.com\/index.php?rest_route=%2Fwp%2Fv2%2Fproduct_cat&post=9486"},{"taxonomy":"product_tag","embeddable":true,"href":"https:\/\/www.bynaldis-shop.com\/index.php?rest_route=%2Fwp%2Fv2%2Fproduct_tag&post=9486"}],"curies":[{"name":"wp","href":"https:\/\/api.w.org\/{rel}","templated":true}]}}