{"id":9484,"date":"2025-06-15T12:16:07","date_gmt":"2025-06-15T10:16:07","guid":{"rendered":"https:\/\/www.bynaldis-shop.com\/?post_type=product&#038;p=9484"},"modified":"2025-10-22T15:52:12","modified_gmt":"2025-10-22T13:52:12","slug":"halter-boot","status":"publish","type":"product","link":"https:\/\/www.bynaldis-shop.com\/?product=halter-boot","title":{"rendered":"R\u00e4ucherst\u00e4bchenhalter Boot aus Manganoholz \u2013 Einzigartig und naturverbunden"},"content":{"rendered":"<p data-start=\"126\" data-end=\"205\"><strong data-start=\"126\" data-end=\"205\">R\u00e4ucherst\u00e4bchenhalter Boot aus Manganoholz \u2013 Einzigartig und naturverbunden<\/strong><\/p>\n<p data-start=\"207\" data-end=\"446\">R\u00e4uchern ist ein altes Ritual, das K\u00f6rper, Geist und Seele in Einklang bringt. Die sanften D\u00fcfte schaffen eine Atmosph\u00e4re der Ruhe, Entspannung und inneren Harmonie \u2013 perfekt, um den Alltag hinter sich zu lassen und neue Energie zu tanken.<\/p>\n<p data-start=\"448\" data-end=\"779\">Unser handgefertigter R\u00e4ucherst\u00e4bchenhalter aus edlem Manganoholz erinnert an ein kleines Boot, das sanft durchs Wasser gleitet. Mit einer L\u00e4nge von ca. 30 cm ist er nicht nur ein praktisches Utensil, sondern auch ein wundersch\u00f6nes Naturobjekt, dessen individuelle Holzstruktur jeden Halter zu einem unverwechselbaren Unikat macht.<\/p>\n<p data-start=\"781\" data-end=\"1061\">Das Boot bietet einen sicheren Platz f\u00fcr deine R\u00e4ucherst\u00e4bchen und f\u00e4ngt die Asche sauber auf. Passend dazu findest du in unserem Shop eine breite Auswahl an hochwertigen R\u00e4ucherst\u00e4bchen, die du ganz bequem mitbestellen kannst \u2013 f\u00fcr ein harmonisches und erf\u00fclltes R\u00e4uchererlebnis.<\/p>\n<p data-start=\"1063\" data-end=\"1176\">Lass dich von der Magie des R\u00e4ucherns verzaubern und genie\u00dfe die Kombination aus Natur, Duft und innerer Balance.<\/p>\n<p data-start=\"1063\" data-end=\"1176\">Und weil ein sch\u00f6ner Halter noch mehr Freude macht mit dem passenden Duft, findest du in unserem Shop eine gro\u00dfe Auswahl an herrlichen R\u00e4ucherst\u00e4bchen \u2013 von sanft blumig bis w\u00fcrzig warm. St\u00f6bere gern ein bisschen, lass dich von den D\u00fcften inspirieren und finde genau die Aromen, die dein Herz ber\u00fchren.<\/p>\n","protected":false},"excerpt":{"rendered":"<p>R\u00e4ucherst\u00e4bchenhalter Boot aus Manganoholz \u2013 Einzigartig und naturverbunden R\u00e4uchern ist ein altes Ritual, das K\u00f6rper, Geist und Seele in Einklang bringt. Die sanften D\u00fcfte schaffen eine Atmosph\u00e4re der Ruhe, Entspannung und inneren Harmonie \u2013 perfekt, um den Alltag hinter sich zu lassen und neue Energie zu tanken. Unser handgefertigter R\u00e4ucherst\u00e4bchenhalter aus edlem Manganoholz erinnert an [&hellip;]<\/p>\n<p><a class=\"read-more\" href=\"https:\/\/www.bynaldis-shop.com\/?product=halter-boot\">Mehr lesen<span class=\"meta-nav\">&rarr;<\/span><\/a><\/p>\n","protected":false},"featured_media":9485,"template":"","meta":[],"product_brand":[],"product_cat":[252],"product_tag":[],"class_list":{"0":"post-9484","1":"product","2":"type-product","3":"status-publish","4":"has-post-thumbnail","6":"product_cat-zubehoer","8":"first","9":"instock","10":"taxable","11":"shipping-taxable","12":"purchasable","13":"product-type-simple"},"_links":{"self":[{"href":"https:\/\/www.bynaldis-shop.com\/index.php?rest_route=\/wp\/v2\/product\/9484","targetHints":{"allow":["GET"]}}],"collection":[{"href":"https:\/\/www.bynaldis-shop.com\/index.php?rest_route=\/wp\/v2\/product"}],"about":[{"href":"https:\/\/www.bynaldis-shop.com\/index.php?rest_route=\/wp\/v2\/types\/product"}],"wp:featuredmedia":[{"embeddable":true,"href":"https:\/\/www.bynaldis-shop.com\/index.php?rest_route=\/wp\/v2\/media\/9485"}],"wp:attachment":[{"href":"https:\/\/www.bynaldis-shop.com\/index.php?rest_route=%2Fwp%2Fv2%2Fmedia&parent=9484"}],"wp:term":[{"taxonomy":"product_brand","embeddable":true,"href":"https:\/\/www.bynaldis-shop.com\/index.php?rest_route=%2Fwp%2Fv2%2Fproduct_brand&post=9484"},{"taxonomy":"product_cat","embeddable":true,"href":"https:\/\/www.bynaldis-shop.com\/index.php?rest_route=%2Fwp%2Fv2%2Fproduct_cat&post=9484"},{"taxonomy":"product_tag","embeddable":true,"href":"https:\/\/www.bynaldis-shop.com\/index.php?rest_route=%2Fwp%2Fv2%2Fproduct_tag&post=9484"}],"curies":[{"name":"wp","href":"https:\/\/api.w.org\/{rel}","templated":true}]}}