{"id":9475,"date":"2025-05-30T16:13:05","date_gmt":"2025-05-30T14:13:05","guid":{"rendered":"https:\/\/www.bynaldis-shop.com\/?post_type=product&#038;p=9475"},"modified":"2026-04-26T19:40:58","modified_gmt":"2026-04-26T17:40:58","slug":"seife-eternity","status":"publish","type":"product","link":"https:\/\/www.bynaldis-shop.com\/?product=seife-eternity","title":{"rendered":"Seife Eternity \u2013 Farbenfroher Genuss"},"content":{"rendered":"<article class=\"text-token-text-primary w-full focus:outline-none scroll-mt-[calc(var(--header-height)+min(200px,max(70px,20svh)))]\" dir=\"auto\" tabindex=\"-1\" data-turn-id=\"request-6884d4ac-8230-8324-9295-a90d37ba8eae-191\" data-testid=\"conversation-turn-862\" data-scroll-anchor=\"true\" data-turn=\"assistant\">\n<div class=\"text-base my-auto mx-auto pb-10 [--thread-content-margin:--spacing(4)] @[37rem]:[--thread-content-margin:--spacing(6)] @[72rem]:[--thread-content-margin:--spacing(16)] px-(--thread-content-margin)\">\n<div class=\"[--thread-content-max-width:32rem] @[34rem]:[--thread-content-max-width:40rem] @[64rem]:[--thread-content-max-width:48rem] mx-auto max-w-(--thread-content-max-width) flex-1 group\/turn-messages focus-visible:outline-hidden relative flex w-full min-w-0 flex-col agent-turn\" tabindex=\"-1\">\n<div class=\"flex max-w-full flex-col grow\">\n<div class=\"min-h-8 text-message relative flex w-full flex-col items-end gap-2 text-start break-words whitespace-normal [.text-message+&amp;]:mt-5\" dir=\"auto\" data-message-author-role=\"assistant\" data-message-id=\"8e302672-c78e-4613-b3b7-df09cd1404f3\" data-message-model-slug=\"gpt-4-1-mini\">\n<div class=\"flex w-full flex-col gap-1 empty:hidden first:pt-[3px]\">\n<div class=\"markdown prose dark:prose-invert w-full break-words light markdown-new-styling\">\n<p data-start=\"84\" data-end=\"170\"><strong data-start=\"84\" data-end=\"170\">Seife Eternity \u2013 Farbenfroher Genuss f\u00fcr strahlende Haut und langanhaltende Pflege<\/strong><\/p>\n<p data-start=\"172\" data-end=\"557\">Diese farbenfrohe, handgefertigte Seife wurde mit viel Liebe entwickelt, um Ihnen nicht nur ein angenehmes, sinnliches Badeerlebnis zu schenken, sondern Ihre Haut auch den ganzen Tag \u00fcber intensiv mit Feuchtigkeit zu versorgen. Die sanfte Rezeptur pflegt Ihre Haut zart und bewahrt ihre nat\u00fcrliche Geschmeidigkeit \u2013 f\u00fcr ein frisches, strahlendes Hautgef\u00fchl vom Morgen bis in den Abend.<\/p>\n<p data-start=\"559\" data-end=\"798\"><strong data-start=\"559\" data-end=\"592\">F\u00fcr wen eignet sich Eternity?<\/strong><br data-start=\"592\" data-end=\"595\" \/>Ideal f\u00fcr alle Hauttypen, auch empfindliche und trockene Haut profitiert von der milden Reinigung und der reichhaltigen Pflege. Sie entfernt Schmutz gr\u00fcndlich, ohne die Haut auszutrocknen oder zu reizen.<\/p>\n<p data-start=\"800\" data-end=\"838\"><strong data-start=\"800\" data-end=\"836\">Was macht Eternity so besonders?<\/strong><\/p>\n<ul data-start=\"839\" data-end=\"1286\" data-is-last-node=\"\" data-is-only-node=\"\">\n<li data-start=\"839\" data-end=\"959\">\n<p data-start=\"841\" data-end=\"959\">Sanfte, gr\u00fcndliche Reinigung bei gleichzeitig intensiver Feuchtigkeitszufuhr durch hochwertige Mandel- und Oliven\u00f6le<\/p>\n<\/li>\n<li data-start=\"960\" data-end=\"1062\">\n<p data-start=\"962\" data-end=\"1062\">Reich an Vitamin E, das als starkes Antioxidans Ihre Haut vor sch\u00e4dlichen Umwelteinfl\u00fcssen sch\u00fctzt<\/p>\n<\/li>\n<li data-start=\"1063\" data-end=\"1142\">\n<p data-start=\"1065\" data-end=\"1142\">Frei von tierischem Glycerin \u2013 rein pflanzlich und besonders hautfreundlich<\/p>\n<\/li>\n<li data-start=\"1143\" data-end=\"1286\" data-is-last-node=\"\">\n<p data-start=\"1145\" data-end=\"1286\" data-is-last-node=\"\">Hergestellt aus 90-95 % nat\u00fcrlichen Inhaltsstoffen, die sorgf\u00e4ltig ausgew\u00e4hlt und schonend im traditionellen Kaltverfahren verarbeitet werden<\/p>\n<\/li>\n<\/ul>\n<\/div>\n<\/div>\n<\/div>\n<\/div>\n<div class=\"flex min-h-[46px] justify-start\">\n<div class=\"touch:-me-2 touch:-ms-3.5 -ms-2.5 -me-1 flex flex-wrap items-center gap-y-4 p-1 select-none touch:w-[calc(100%+--spacing(3.5))] -mt-1 w-[calc(100%+--spacing(2.5))] duration-[1.5s] focus-within:transition-none hover:transition-none pointer-events-none [mask-image:linear-gradient(to_right,black_33%,transparent_66%)] [mask-size:300%_100%] [mask-position:100%_0%] motion-safe:transition-[mask-position] group-hover\/turn-messages:pointer-events-auto group-hover\/turn-messages:[mask-position:0_0] group-focus-within\/turn-messages:pointer-events-auto group-focus-within\/turn-messages:[mask-position:0_0] has-data-[state=open]:pointer-events-auto has-data-[state=open]:[mask-position:0_0]\">\n<p>Passend zu unseren wunderbaren Seifen findest du in unserem Shop auch eine liebevoll ausgew\u00e4hlte Auswahl an Seifenschalen und praktischen Seifenmuscheln. So kannst du dein Pflegeritual perfekt erg\u00e4nzen und deine Seifen stilvoll und hygienisch aufbewahren. Ob als sch\u00f6nes Set oder einzeln \u2013 entdecke das ideale Zubeh\u00f6r, das nicht nur funktional ist, sondern auch dein Badezimmer oder deine Wohlf\u00fchloase noch sch\u00f6ner macht. Schau gerne vorbei und lass dich inspirieren!<\/p>\n<\/div>\n<\/div>\n<\/div>\n<\/div>\n<\/article>\n","protected":false},"excerpt":{"rendered":"<p>Seife Eternity \u2013 Farbenfroher Genuss f\u00fcr strahlende Haut und langanhaltende Pflege Diese farbenfrohe, handgefertigte Seife wurde mit viel Liebe entwickelt, um Ihnen nicht nur ein angenehmes, sinnliches Badeerlebnis zu schenken, sondern Ihre Haut auch den ganzen Tag \u00fcber intensiv mit Feuchtigkeit zu versorgen. Die sanfte Rezeptur pflegt Ihre Haut zart und bewahrt ihre nat\u00fcrliche Geschmeidigkeit [&hellip;]<\/p>\n<p><a class=\"read-more\" href=\"https:\/\/www.bynaldis-shop.com\/?product=seife-eternity\">Mehr lesen<span class=\"meta-nav\">&rarr;<\/span><\/a><\/p>\n","protected":false},"featured_media":10337,"template":"","meta":[],"product_brand":[],"product_cat":[257],"product_tag":[],"class_list":{"0":"post-9475","1":"product","2":"type-product","3":"status-publish","4":"has-post-thumbnail","6":"product_cat-seife","8":"first","9":"instock","10":"taxable","11":"shipping-taxable","12":"purchasable","13":"product-type-simple"},"_links":{"self":[{"href":"https:\/\/www.bynaldis-shop.com\/index.php?rest_route=\/wp\/v2\/product\/9475","targetHints":{"allow":["GET"]}}],"collection":[{"href":"https:\/\/www.bynaldis-shop.com\/index.php?rest_route=\/wp\/v2\/product"}],"about":[{"href":"https:\/\/www.bynaldis-shop.com\/index.php?rest_route=\/wp\/v2\/types\/product"}],"wp:featuredmedia":[{"embeddable":true,"href":"https:\/\/www.bynaldis-shop.com\/index.php?rest_route=\/wp\/v2\/media\/10337"}],"wp:attachment":[{"href":"https:\/\/www.bynaldis-shop.com\/index.php?rest_route=%2Fwp%2Fv2%2Fmedia&parent=9475"}],"wp:term":[{"taxonomy":"product_brand","embeddable":true,"href":"https:\/\/www.bynaldis-shop.com\/index.php?rest_route=%2Fwp%2Fv2%2Fproduct_brand&post=9475"},{"taxonomy":"product_cat","embeddable":true,"href":"https:\/\/www.bynaldis-shop.com\/index.php?rest_route=%2Fwp%2Fv2%2Fproduct_cat&post=9475"},{"taxonomy":"product_tag","embeddable":true,"href":"https:\/\/www.bynaldis-shop.com\/index.php?rest_route=%2Fwp%2Fv2%2Fproduct_tag&post=9475"}],"curies":[{"name":"wp","href":"https:\/\/api.w.org\/{rel}","templated":true}]}}