{"id":9471,"date":"2025-05-30T16:10:53","date_gmt":"2025-05-30T14:10:53","guid":{"rendered":"https:\/\/www.bynaldis-shop.com\/?post_type=product&#038;p=9471"},"modified":"2026-04-26T19:40:42","modified_gmt":"2026-04-26T17:40:42","slug":"seife-grapefruit","status":"publish","type":"product","link":"https:\/\/www.bynaldis-shop.com\/?product=seife-grapefruit","title":{"rendered":"Seife Grapefruit \u2013 Ein belebender Genuss f\u00fcr Haut und Sinne"},"content":{"rendered":"<p data-start=\"90\" data-end=\"153\"><strong data-start=\"90\" data-end=\"153\">Seife Grapefruit \u2013 Ein belebender Genuss f\u00fcr Haut und Sinne<\/strong><\/p>\n<p data-start=\"155\" data-end=\"485\">Tauchen Sie ein in die spritzige Frische dieser handgefertigten Seife, die mit dem bitters\u00fc\u00dfen Aroma der rosa Grapefruit verzaubert. Mit ihrer lebendigen Duftkomposition aus saftigen Zitrusnoten und einem zarten Hauch w\u00fcrziger Akzente schenkt sie Ihrer Haut eine erfrischende Reinigung und befl\u00fcgelt Ihre Sinne bei jedem Gebrauch.<\/p>\n<p data-start=\"487\" data-end=\"529\"><strong data-start=\"487\" data-end=\"527\">Warum Sie diese Seife lieben werden:<\/strong><\/p>\n<ul data-start=\"530\" data-end=\"864\">\n<li data-start=\"530\" data-end=\"605\">\n<p data-start=\"532\" data-end=\"605\">Ein belebender, bitters\u00fc\u00dfer Grapefruitduft, der pure Frische verbreitet<\/p>\n<\/li>\n<li data-start=\"606\" data-end=\"679\">\n<p data-start=\"608\" data-end=\"679\">Pflegt Ihre Haut intensiv mit wertvollen \u00d6len aus Olive und S\u00fc\u00dfmandel<\/p>\n<\/li>\n<li data-start=\"680\" data-end=\"774\">\n<p data-start=\"682\" data-end=\"774\">Reich an Vitamin E, das Ihre Haut vor freien Radikalen sch\u00fctzt und sie zum Strahlen bringt<\/p>\n<\/li>\n<li data-start=\"775\" data-end=\"864\">\n<p data-start=\"777\" data-end=\"864\">100 % handgefertigt, nachhaltig und aus nat\u00fcrlichen Zutaten, die Ihrer Haut Gutes tun<\/p>\n<\/li>\n<\/ul>\n<p data-start=\"866\" data-end=\"1093\"><strong data-start=\"866\" data-end=\"880\">Anwendung:<\/strong><br data-start=\"880\" data-end=\"883\" \/>Befeuchten Sie Ihre Haut und das Seifenst\u00fcck, lassen Sie den cremigen Schaum sanft auf Ihrer Haut wirken und sp\u00fclen Sie ihn anschlie\u00dfend mit warmem Wasser ab. G\u00f6nnen Sie sich t\u00e4glich diesen kleinen Frischekick!<\/p>\n<p data-start=\"1095\" data-end=\"1393\"><strong data-start=\"1095\" data-end=\"1113\">Inhaltsstoffe:<\/strong><br data-start=\"1113\" data-end=\"1116\" \/>Glycerin bewahrt die Feuchtigkeit Ihrer Haut, w\u00e4hrend Oliven\u00f6l sie sanft pflegt und geschmeidig macht. S\u00fc\u00dfmandel\u00f6l n\u00e4hrt intensiv, und Vitamin E sch\u00fctzt und unterst\u00fctzt die nat\u00fcrliche Sch\u00f6nheit Ihrer Haut. Der frische Duft von rosa Grapefruit erweckt Ihre Sinne zu neuem Leben<\/p>\n<p data-start=\"1095\" data-end=\"1393\">Passend zu unseren wunderbaren Seifen findest du in unserem Shop auch eine liebevoll ausgew\u00e4hlte Auswahl an Seifenschalen und praktischen Seifenmuscheln. So kannst du dein Pflegeritual perfekt erg\u00e4nzen und deine Seifen stilvoll und hygienisch aufbewahren. Ob als sch\u00f6nes Set oder einzeln \u2013 entdecke das ideale Zubeh\u00f6r, das nicht nur funktional ist, sondern auch dein Badezimmer oder deine Wohlf\u00fchloase noch sch\u00f6ner macht. Schau gerne vorbei und lass dich inspirieren!<\/p>\n","protected":false},"excerpt":{"rendered":"<p>Seife Grapefruit \u2013 Ein belebender Genuss f\u00fcr Haut und Sinne Tauchen Sie ein in die spritzige Frische dieser handgefertigten Seife, die mit dem bitters\u00fc\u00dfen Aroma der rosa Grapefruit verzaubert. Mit ihrer lebendigen Duftkomposition aus saftigen Zitrusnoten und einem zarten Hauch w\u00fcrziger Akzente schenkt sie Ihrer Haut eine erfrischende Reinigung und befl\u00fcgelt Ihre Sinne bei jedem [&hellip;]<\/p>\n<p><a class=\"read-more\" href=\"https:\/\/www.bynaldis-shop.com\/?product=seife-grapefruit\">Mehr lesen<span class=\"meta-nav\">&rarr;<\/span><\/a><\/p>\n","protected":false},"featured_media":9472,"template":"","meta":[],"product_brand":[],"product_cat":[257],"product_tag":[],"class_list":{"0":"post-9471","1":"product","2":"type-product","3":"status-publish","4":"has-post-thumbnail","6":"product_cat-seife","8":"first","9":"instock","10":"taxable","11":"shipping-taxable","12":"purchasable","13":"product-type-simple"},"_links":{"self":[{"href":"https:\/\/www.bynaldis-shop.com\/index.php?rest_route=\/wp\/v2\/product\/9471","targetHints":{"allow":["GET"]}}],"collection":[{"href":"https:\/\/www.bynaldis-shop.com\/index.php?rest_route=\/wp\/v2\/product"}],"about":[{"href":"https:\/\/www.bynaldis-shop.com\/index.php?rest_route=\/wp\/v2\/types\/product"}],"wp:featuredmedia":[{"embeddable":true,"href":"https:\/\/www.bynaldis-shop.com\/index.php?rest_route=\/wp\/v2\/media\/9472"}],"wp:attachment":[{"href":"https:\/\/www.bynaldis-shop.com\/index.php?rest_route=%2Fwp%2Fv2%2Fmedia&parent=9471"}],"wp:term":[{"taxonomy":"product_brand","embeddable":true,"href":"https:\/\/www.bynaldis-shop.com\/index.php?rest_route=%2Fwp%2Fv2%2Fproduct_brand&post=9471"},{"taxonomy":"product_cat","embeddable":true,"href":"https:\/\/www.bynaldis-shop.com\/index.php?rest_route=%2Fwp%2Fv2%2Fproduct_cat&post=9471"},{"taxonomy":"product_tag","embeddable":true,"href":"https:\/\/www.bynaldis-shop.com\/index.php?rest_route=%2Fwp%2Fv2%2Fproduct_tag&post=9471"}],"curies":[{"name":"wp","href":"https:\/\/api.w.org\/{rel}","templated":true}]}}