{"id":9456,"date":"2025-05-06T18:10:00","date_gmt":"2025-05-06T16:10:00","guid":{"rendered":"https:\/\/www.bynaldis-shop.com\/?post_type=product&#038;p=9456"},"modified":"2025-10-22T15:48:51","modified_gmt":"2025-10-22T13:48:51","slug":"halter-buddha","status":"publish","type":"product","link":"https:\/\/www.bynaldis-shop.com\/?product=halter-buddha","title":{"rendered":"Halter Buddha"},"content":{"rendered":"<p data-start=\"130\" data-end=\"618\"><strong data-start=\"130\" data-end=\"181\">R\u00e4ucherst\u00e4bchenhalter Buddha \u2013 ein Duft, der Herz und Seele ber\u00fchrt<\/strong><br data-start=\"181\" data-end=\"184\" \/>R\u00e4uchern mit R\u00e4ucherst\u00e4bchen ist ein kleines Ritual, das den Alltag sanft entschleunigt. Die aufsteigenden Rauchschwaden tragen nicht nur bet\u00f6rende D\u00fcfte, sondern auch eine besondere Energie in den Raum \u2013 sie schaffen Klarheit, Harmonie und eine warme, einladende Atmosph\u00e4re. Ob zur Meditation, zum Loslassen nach einem langen Tag oder einfach, um dein Zuhause in eine Wohlf\u00fchloase zu verwandeln \u2013 R\u00e4uchern ist Balsam f\u00fcr die Seele.<\/p>\n<p data-start=\"620\" data-end=\"1067\">Unser filigraner R\u00e4ucherst\u00e4bchenhalter aus edlem Messing, verziert mit einem sitzenden Buddha, ist ein echtes Schmuckst\u00fcck. Mit seiner kompakten Gr\u00f6\u00dfe von etwa 5 cm findet er nahezu \u00fcberall seinen Platz \u2013 auf dem Schreibtisch, im Wohnzimmer, im Meditationsbereich oder auch auf deinem Lieblingsfensterbrett. Er verleiht jedem Ort einen Hauch von Achtsamkeit und Ruhe und h\u00e4lt dein R\u00e4ucherst\u00e4bchen sicher, w\u00e4hrend der feine Duft den Raum erf\u00fcllt.<\/p>\n<p data-start=\"1069\" data-end=\"1373\">Und weil ein sch\u00f6ner Halter noch mehr Freude macht mit dem passenden Duft, findest du in unserem Shop eine gro\u00dfe Auswahl an herrlichen R\u00e4ucherst\u00e4bchen \u2013 von sanft blumig bis w\u00fcrzig warm. St\u00f6bere gern ein bisschen, lass dich von den D\u00fcften inspirieren und finde genau die Aromen, die dein Herz ber\u00fchren.<\/p>\n<p data-start=\"1069\" data-end=\"1373\">Und weil ein sch\u00f6ner Halter noch mehr Freude macht mit dem passenden Duft, findest du in unserem Shop eine gro\u00dfe Auswahl an herrlichen R\u00e4ucherst\u00e4bchen \u2013 von sanft blumig bis w\u00fcrzig warm. St\u00f6bere gern ein bisschen, lass dich von den D\u00fcften inspirieren und finde genau die Aromen, die dein Herz ber\u00fchren.<\/p>\n","protected":false},"excerpt":{"rendered":"<p>R\u00e4ucherst\u00e4bchenhalter Buddha \u2013 ein Duft, der Herz und Seele ber\u00fchrtR\u00e4uchern mit R\u00e4ucherst\u00e4bchen ist ein kleines Ritual, das den Alltag sanft entschleunigt. Die aufsteigenden Rauchschwaden tragen nicht nur bet\u00f6rende D\u00fcfte, sondern auch eine besondere Energie in den Raum \u2013 sie schaffen Klarheit, Harmonie und eine warme, einladende Atmosph\u00e4re. Ob zur Meditation, zum Loslassen nach einem langen [&hellip;]<\/p>\n<p><a class=\"read-more\" href=\"https:\/\/www.bynaldis-shop.com\/?product=halter-buddha\">Mehr lesen<span class=\"meta-nav\">&rarr;<\/span><\/a><\/p>\n","protected":false},"featured_media":9457,"template":"","meta":[],"product_brand":[],"product_cat":[252],"product_tag":[],"class_list":{"0":"post-9456","1":"product","2":"type-product","3":"status-publish","4":"has-post-thumbnail","6":"product_cat-zubehoer","8":"first","9":"instock","10":"taxable","11":"shipping-taxable","12":"purchasable","13":"product-type-simple"},"_links":{"self":[{"href":"https:\/\/www.bynaldis-shop.com\/index.php?rest_route=\/wp\/v2\/product\/9456","targetHints":{"allow":["GET"]}}],"collection":[{"href":"https:\/\/www.bynaldis-shop.com\/index.php?rest_route=\/wp\/v2\/product"}],"about":[{"href":"https:\/\/www.bynaldis-shop.com\/index.php?rest_route=\/wp\/v2\/types\/product"}],"wp:featuredmedia":[{"embeddable":true,"href":"https:\/\/www.bynaldis-shop.com\/index.php?rest_route=\/wp\/v2\/media\/9457"}],"wp:attachment":[{"href":"https:\/\/www.bynaldis-shop.com\/index.php?rest_route=%2Fwp%2Fv2%2Fmedia&parent=9456"}],"wp:term":[{"taxonomy":"product_brand","embeddable":true,"href":"https:\/\/www.bynaldis-shop.com\/index.php?rest_route=%2Fwp%2Fv2%2Fproduct_brand&post=9456"},{"taxonomy":"product_cat","embeddable":true,"href":"https:\/\/www.bynaldis-shop.com\/index.php?rest_route=%2Fwp%2Fv2%2Fproduct_cat&post=9456"},{"taxonomy":"product_tag","embeddable":true,"href":"https:\/\/www.bynaldis-shop.com\/index.php?rest_route=%2Fwp%2Fv2%2Fproduct_tag&post=9456"}],"curies":[{"name":"wp","href":"https:\/\/api.w.org\/{rel}","templated":true}]}}