{"id":9454,"date":"2025-05-06T18:07:52","date_gmt":"2025-05-06T16:07:52","guid":{"rendered":"https:\/\/www.bynaldis-shop.com\/?post_type=product&#038;p=9454"},"modified":"2025-10-22T15:48:16","modified_gmt":"2025-10-22T13:48:16","slug":"halter-holz","status":"publish","type":"product","link":"https:\/\/www.bynaldis-shop.com\/?product=halter-holz","title":{"rendered":"R\u00e4ucherst\u00e4bchenhalter rund mit Herz und Harmonie"},"content":{"rendered":"<p data-start=\"140\" data-end=\"532\"><strong data-start=\"140\" data-end=\"174\">R\u00e4ucherst\u00e4bchenhalter rund mit Herz und Harmonie<\/strong><\/p>\n<p data-start=\"140\" data-end=\"532\">R\u00e4uchern mit R\u00e4ucherst\u00e4bchen ist mehr als nur ein angenehmer Duft \u2013 es ist eine kleine Auszeit, ein Moment der Ruhe, in dem K\u00f6rper, Geist und Seele tief durchatmen k\u00f6nnen. Ob f\u00fcr deine Meditation, zur Entspannung nach einem langen Tag oder einfach, um eine warme, wohltuende Atmosph\u00e4re zu schaffen \u2013 der zarte Duft umh\u00fcllt dich und schenkt Geborgenheit.<\/p>\n<p data-start=\"534\" data-end=\"988\">Dieser wundersch\u00f6ne R\u00e4ucherst\u00e4bchenhalter wird in liebevoller Handarbeit in Nepal aus Holz gefertigt und hat einen Durchmesser von 7 cm. Sein schlichter, nat\u00fcrlicher Charme macht ihn zu einem kleinen Allrounder: Er findet wirklich \u00fcberall seinen Platz \u2013 ob auf deinem Wohnzimmertisch, im Bad, auf deiner Meditations-Ecke oder im B\u00fcro. Durch seine kompakte Gr\u00f6\u00dfe ist er auch ideal zum Mitnehmen, sodass du deinen Lieblingsduft jederzeit genie\u00dfen kannst.<\/p>\n<p data-start=\"990\" data-end=\"1195\">Die passenden R\u00e4ucherst\u00e4bchen findest du selbstverst\u00e4ndlich in gro\u00dfer Auswahl in unserem Shop \u2013 von blumig-sanft bis w\u00fcrzig-intensiv. Schau dich um und entdecke deinen Lieblingsduft, der dich verzaubert.<\/p>\n<p data-start=\"990\" data-end=\"1195\">Und weil ein sch\u00f6ner Halter noch mehr Freude macht mit dem passenden Duft, findest du in unserem Shop eine gro\u00dfe Auswahl an herrlichen R\u00e4ucherst\u00e4bchen \u2013 von sanft blumig bis w\u00fcrzig warm. St\u00f6bere gern ein bisschen, lass dich von den D\u00fcften inspirieren und finde genau die Aromen, die dein Herz ber\u00fchren.<\/p>\n","protected":false},"excerpt":{"rendered":"<p>R\u00e4ucherst\u00e4bchenhalter rund mit Herz und Harmonie R\u00e4uchern mit R\u00e4ucherst\u00e4bchen ist mehr als nur ein angenehmer Duft \u2013 es ist eine kleine Auszeit, ein Moment der Ruhe, in dem K\u00f6rper, Geist und Seele tief durchatmen k\u00f6nnen. Ob f\u00fcr deine Meditation, zur Entspannung nach einem langen Tag oder einfach, um eine warme, wohltuende Atmosph\u00e4re zu schaffen \u2013 [&hellip;]<\/p>\n<p><a class=\"read-more\" href=\"https:\/\/www.bynaldis-shop.com\/?product=halter-holz\">Mehr lesen<span class=\"meta-nav\">&rarr;<\/span><\/a><\/p>\n","protected":false},"featured_media":9455,"template":"","meta":[],"product_brand":[],"product_cat":[252],"product_tag":[],"class_list":{"0":"post-9454","1":"product","2":"type-product","3":"status-publish","4":"has-post-thumbnail","6":"product_cat-zubehoer","8":"first","9":"instock","10":"taxable","11":"shipping-taxable","12":"purchasable","13":"product-type-simple"},"_links":{"self":[{"href":"https:\/\/www.bynaldis-shop.com\/index.php?rest_route=\/wp\/v2\/product\/9454","targetHints":{"allow":["GET"]}}],"collection":[{"href":"https:\/\/www.bynaldis-shop.com\/index.php?rest_route=\/wp\/v2\/product"}],"about":[{"href":"https:\/\/www.bynaldis-shop.com\/index.php?rest_route=\/wp\/v2\/types\/product"}],"wp:featuredmedia":[{"embeddable":true,"href":"https:\/\/www.bynaldis-shop.com\/index.php?rest_route=\/wp\/v2\/media\/9455"}],"wp:attachment":[{"href":"https:\/\/www.bynaldis-shop.com\/index.php?rest_route=%2Fwp%2Fv2%2Fmedia&parent=9454"}],"wp:term":[{"taxonomy":"product_brand","embeddable":true,"href":"https:\/\/www.bynaldis-shop.com\/index.php?rest_route=%2Fwp%2Fv2%2Fproduct_brand&post=9454"},{"taxonomy":"product_cat","embeddable":true,"href":"https:\/\/www.bynaldis-shop.com\/index.php?rest_route=%2Fwp%2Fv2%2Fproduct_cat&post=9454"},{"taxonomy":"product_tag","embeddable":true,"href":"https:\/\/www.bynaldis-shop.com\/index.php?rest_route=%2Fwp%2Fv2%2Fproduct_tag&post=9454"}],"curies":[{"name":"wp","href":"https:\/\/api.w.org\/{rel}","templated":true}]}}