{"id":9450,"date":"2025-05-06T18:02:22","date_gmt":"2025-05-06T16:02:22","guid":{"rendered":"https:\/\/www.bynaldis-shop.com\/?post_type=product&#038;p=9450"},"modified":"2026-04-26T19:40:37","modified_gmt":"2026-04-26T17:40:37","slug":"seife-beeren","status":"publish","type":"product","link":"https:\/\/www.bynaldis-shop.com\/?product=seife-beeren","title":{"rendered":"Seife Blaubeeren \u2013 Ein fruchtiges Fest f\u00fcr deine Sinne und deine Haut"},"content":{"rendered":"<p data-start=\"97\" data-end=\"492\"><strong data-start=\"97\" data-end=\"166\">Seife Beeren \u2013 Ein fruchtiges Fest f\u00fcr deine Sinne und deine Haut<\/strong><br data-start=\"166\" data-end=\"169\" \/>Genie\u00dfe die verf\u00fchrerische Kombination aus s\u00fc\u00df-sauren Blaubeeren und Brombeeren, die in dieser handgefertigten Seife zu einem einzigartigen Duft verschmelzen. Mit einem Hauch von holzigen Noten l\u00e4dt sie dich ein, deine Haut sanft zu reinigen und gleichzeitig zu erfrischen \u2013 ein echtes Verw\u00f6hnerlebnis f\u00fcr K\u00f6rper und Seele.<\/p>\n<p data-start=\"494\" data-end=\"777\"><strong data-start=\"494\" data-end=\"551\">Pflege f\u00fcr alle Hauttypen, auch f\u00fcr empfindliche Haut<\/strong><br data-start=\"551\" data-end=\"554\" \/>Diese reichhaltige Seife spendet deiner Haut intensive Feuchtigkeit dank wertvoller Oliven- und Mandel\u00f6le. Sie n\u00e4hrt deine Haut, bewahrt ihre Geschmeidigkeit und sch\u00fctzt sie mit Vitamin E vor den t\u00e4glichen Umwelteinfl\u00fcssen.<\/p>\n<p data-start=\"779\" data-end=\"819\"><strong data-start=\"779\" data-end=\"817\">Warum du diese Seife lieben wirst:<\/strong><\/p>\n<ul data-start=\"820\" data-end=\"1063\">\n<li data-start=\"820\" data-end=\"884\">\n<p data-start=\"822\" data-end=\"884\">S\u00fc\u00df-s\u00e4uerlicher, fruchtiger Duft mit feinen holzigen Nuancen<\/p>\n<\/li>\n<li data-start=\"885\" data-end=\"939\">\n<p data-start=\"887\" data-end=\"939\">Sanfte und gr\u00fcndliche Reinigung ohne auszutrocknen<\/p>\n<\/li>\n<li data-start=\"940\" data-end=\"995\">\n<p data-start=\"942\" data-end=\"995\">Reich an nat\u00fcrlichen Antioxidantien durch Vitamin E<\/p>\n<\/li>\n<li data-start=\"996\" data-end=\"1063\">\n<p data-start=\"998\" data-end=\"1063\">Handgefertigt aus 100 % nat\u00fcrlichen, umweltfreundlichen Zutaten<\/p>\n<\/li>\n<\/ul>\n<p data-start=\"1065\" data-end=\"1325\"><strong data-start=\"1065\" data-end=\"1090\">So wendest du sie an:<\/strong><br data-start=\"1090\" data-end=\"1093\" \/>Befeuchte deine Haut und das Seifenst\u00fcck. Reibe die Seife sanft in deinen H\u00e4nden, bis ein cremiger Schaum entsteht. Trage den Schaum auf deine Haut auf und genie\u00dfe die zarte Pflege. Anschlie\u00dfend gr\u00fcndlich mit warmem Wasser absp\u00fclen.<\/p>\n<p data-start=\"1327\" data-end=\"1360\"><strong data-start=\"1327\" data-end=\"1358\">Inhaltsstoffe im \u00dcberblick:<\/strong><\/p>\n<ul data-start=\"1361\" data-end=\"1839\">\n<li data-start=\"1361\" data-end=\"1421\">\n<p data-start=\"1363\" data-end=\"1421\"><strong data-start=\"1363\" data-end=\"1376\">Glycerin:<\/strong> H\u00e4lt die Haut geschmeidig und hydratisiert<\/p>\n<\/li>\n<li data-start=\"1422\" data-end=\"1503\">\n<p data-start=\"1424\" data-end=\"1503\"><strong data-start=\"1424\" data-end=\"1460\">Olea Europaea (Oliven)-Frucht\u00f6l:<\/strong> Pflegt intensiv und macht die Haut weich<\/p>\n<\/li>\n<li data-start=\"1504\" data-end=\"1584\">\n<p data-start=\"1506\" data-end=\"1584\"><strong data-start=\"1506\" data-end=\"1549\">Prunus Amygdalus Dulcis (S\u00fc\u00dfmandel) \u00d6l:<\/strong> Spendet tiefgehende Feuchtigkeit<\/p>\n<\/li>\n<li data-start=\"1585\" data-end=\"1658\">\n<p data-start=\"1587\" data-end=\"1658\"><strong data-start=\"1587\" data-end=\"1620\">Tocopherylacetat (Vitamin E):<\/strong> Sch\u00fctzt als kraftvolles Antioxidans<\/p>\n<\/li>\n<li data-start=\"1659\" data-end=\"1739\">\n<p data-start=\"1661\" data-end=\"1739\"><strong data-start=\"1661\" data-end=\"1672\">Parf\u00fcm:<\/strong> Verstr\u00f6mt den verf\u00fchrerischen Duft von Blaubeeren und Brombeeren<\/p>\n<\/li>\n<li data-start=\"1740\" data-end=\"1839\">\n<p data-start=\"1742\" data-end=\"1839\">Weitere nat\u00fcrliche Bestandteile: Linalool, Hexyl Cinnamal, Citral, CI 42090, CI 14720, CI 77891<\/p>\n<\/li>\n<\/ul>\n<p data-start=\"1841\" data-end=\"2172\"><strong data-start=\"1841\" data-end=\"1885\">Naturseife im Kaltverfahren hergestellt:<\/strong><br data-start=\"1885\" data-end=\"1888\" \/>Mit viel Liebe und Sorgfalt entsteht durch die traditionelle Kaltverseifung eine Seife, die nicht nur deine Haut sanft reinigt, sondern sie auch mit den besten nat\u00fcrlichen Zutaten verw\u00f6hnt. Das Ergebnis: ein pflegendes, nachhaltiges Produkt, das du mit gutem Gewissen genie\u00dfen kannst.<\/p>\n<p data-start=\"1841\" data-end=\"2172\">Passend zu unseren wunderbaren Seifen findest du in unserem Shop auch eine liebevoll ausgew\u00e4hlte Auswahl an Seifenschalen und praktischen Seifenmuscheln. So kannst du dein Pflegeritual perfekt erg\u00e4nzen und deine Seifen stilvoll und hygienisch aufbewahren. Ob als sch\u00f6nes Set oder einzeln \u2013 entdecke das ideale Zubeh\u00f6r, das nicht nur funktional ist, sondern auch dein Badezimmer oder deine Wohlf\u00fchloase noch sch\u00f6ner macht. Schau gerne vorbei und lass dich inspirieren!<\/p>\n","protected":false},"excerpt":{"rendered":"<p>Seife Beeren \u2013 Ein fruchtiges Fest f\u00fcr deine Sinne und deine HautGenie\u00dfe die verf\u00fchrerische Kombination aus s\u00fc\u00df-sauren Blaubeeren und Brombeeren, die in dieser handgefertigten Seife zu einem einzigartigen Duft verschmelzen. Mit einem Hauch von holzigen Noten l\u00e4dt sie dich ein, deine Haut sanft zu reinigen und gleichzeitig zu erfrischen \u2013 ein echtes Verw\u00f6hnerlebnis f\u00fcr K\u00f6rper [&hellip;]<\/p>\n<p><a class=\"read-more\" href=\"https:\/\/www.bynaldis-shop.com\/?product=seife-beeren\">Mehr lesen<span class=\"meta-nav\">&rarr;<\/span><\/a><\/p>\n","protected":false},"featured_media":9451,"template":"","meta":[],"product_brand":[],"product_cat":[257],"product_tag":[],"class_list":{"0":"post-9450","1":"product","2":"type-product","3":"status-publish","4":"has-post-thumbnail","6":"product_cat-seife","8":"first","9":"instock","10":"taxable","11":"shipping-taxable","12":"purchasable","13":"product-type-simple"},"_links":{"self":[{"href":"https:\/\/www.bynaldis-shop.com\/index.php?rest_route=\/wp\/v2\/product\/9450","targetHints":{"allow":["GET"]}}],"collection":[{"href":"https:\/\/www.bynaldis-shop.com\/index.php?rest_route=\/wp\/v2\/product"}],"about":[{"href":"https:\/\/www.bynaldis-shop.com\/index.php?rest_route=\/wp\/v2\/types\/product"}],"wp:featuredmedia":[{"embeddable":true,"href":"https:\/\/www.bynaldis-shop.com\/index.php?rest_route=\/wp\/v2\/media\/9451"}],"wp:attachment":[{"href":"https:\/\/www.bynaldis-shop.com\/index.php?rest_route=%2Fwp%2Fv2%2Fmedia&parent=9450"}],"wp:term":[{"taxonomy":"product_brand","embeddable":true,"href":"https:\/\/www.bynaldis-shop.com\/index.php?rest_route=%2Fwp%2Fv2%2Fproduct_brand&post=9450"},{"taxonomy":"product_cat","embeddable":true,"href":"https:\/\/www.bynaldis-shop.com\/index.php?rest_route=%2Fwp%2Fv2%2Fproduct_cat&post=9450"},{"taxonomy":"product_tag","embeddable":true,"href":"https:\/\/www.bynaldis-shop.com\/index.php?rest_route=%2Fwp%2Fv2%2Fproduct_tag&post=9450"}],"curies":[{"name":"wp","href":"https:\/\/api.w.org\/{rel}","templated":true}]}}