{"id":9448,"date":"2025-05-06T17:59:31","date_gmt":"2025-05-06T15:59:31","guid":{"rendered":"https:\/\/www.bynaldis-shop.com\/?post_type=product&#038;p=9448"},"modified":"2026-04-26T19:40:31","modified_gmt":"2026-04-26T17:40:31","slug":"seife-vanille","status":"publish","type":"product","link":"https:\/\/www.bynaldis-shop.com\/?product=seife-vanille","title":{"rendered":"Seife Vanille \u2013 Sanfte Pflege mit dem warmen Duft der Geborgenheit"},"content":{"rendered":"<p data-start=\"88\" data-end=\"492\"><strong data-start=\"88\" data-end=\"158\">Seife Vanille \u2013 Sanfte Pflege mit dem warmen Duft der Geborgenheit<\/strong><br data-start=\"158\" data-end=\"161\" \/>Tauche ein in die wohltuende Welt der Vanille: Diese bernsteinfarbene, handgefertigte Seife verf\u00fchrt deine Sinne mit einem zarten, beruhigenden Vanilleduft, der nicht nur entspannt, sondern auch deine Haut liebevoll pflegt. Sie schenkt dir tiefgehende Feuchtigkeit und h\u00fcllt deine Haut in ein Gef\u00fchl von Weichheit und Z\u00e4rtlichkeit.<\/p>\n<p data-start=\"494\" data-end=\"792\"><strong data-start=\"494\" data-end=\"569\">F\u00fcr alle Hauttypen \u2013 selbst f\u00fcr empfindliche und trockene Haut geeignet<\/strong><br data-start=\"569\" data-end=\"572\" \/>Sanft reinigt sie deine Haut und entfernt Schmutz, ohne sie auszutrocknen. Die nat\u00fcrliche Pflegeformel mit hochwertigen Mandel- und Oliven\u00f6len n\u00e4hrt deine Haut intensiv und sch\u00fctzt sie mit Vitamin E vor freien Radikalen.<\/p>\n<p data-start=\"794\" data-end=\"835\"><strong data-start=\"794\" data-end=\"833\">Das macht diese Seife so besonders:<\/strong><\/p>\n<ul data-start=\"836\" data-end=\"1144\">\n<li data-start=\"836\" data-end=\"891\">\n<p data-start=\"838\" data-end=\"891\">Sanfte, gr\u00fcndliche Reinigung mit zartem Vanilleduft<\/p>\n<\/li>\n<li data-start=\"892\" data-end=\"950\">\n<p data-start=\"894\" data-end=\"950\">Reichhaltige Feuchtigkeit durch nat\u00fcrliche Pflanzen\u00f6le<\/p>\n<\/li>\n<li data-start=\"951\" data-end=\"994\">\n<p data-start=\"953\" data-end=\"994\">Vitamin E sch\u00fctzt und st\u00e4rkt deine Haut<\/p>\n<\/li>\n<li data-start=\"995\" data-end=\"1033\">\n<p data-start=\"997\" data-end=\"1033\">Vegan und ohne tierisches Glycerin<\/p>\n<\/li>\n<li data-start=\"1034\" data-end=\"1090\">\n<p data-start=\"1036\" data-end=\"1090\">Anti-Aging-Eigenschaften f\u00fcr einen strahlenden Teint<\/p>\n<\/li>\n<li data-start=\"1091\" data-end=\"1144\">\n<p data-start=\"1093\" data-end=\"1144\">Hergestellt aus 90-95% nat\u00fcrlichen Inhaltsstoffen<\/p>\n<\/li>\n<\/ul>\n<p data-start=\"1146\" data-end=\"1576\"><strong data-start=\"1146\" data-end=\"1171\">Inhaltsstoffe (INCI):<\/strong><br data-start=\"1171\" data-end=\"1174\" \/>Aqua, Glycerin, Sodium Stearate, Propylene Glycol, Sorbitol, Sodium Laurate, Sodium Laureth Sulfate, Parfum, Sodium Lauryl Sulfate, Sodium Chloride, Olea Europaea (Olive) Fruit Oil,<\/p>\n<p data-start=\"1578\" data-end=\"1887\"><strong data-start=\"1578\" data-end=\"1620\">Naturseife im Kaltverfahren gefertigt:<\/strong><br data-start=\"1620\" data-end=\"1623\" \/>Bei der schonenden Kaltverseifung verbinden sich nat\u00fcrliche \u00d6le mit Natriumhydroxid, um eine sanfte, hochwertige Seife entstehen zu lassen. So entstehen handgefertigte Seifen mit ausgesuchten, hautfreundlichen Zutaten \u2013 f\u00fcr ein Pflegeerlebnis, das du lieben wirst.<\/p>\n<p data-start=\"1578\" data-end=\"1887\">Passend zu unseren wunderbaren Seifen findest du in unserem Shop auch eine liebevoll ausgew\u00e4hlte Auswahl an Seifenschalen und praktischen Seifenmuscheln. So kannst du dein Pflegeritual perfekt erg\u00e4nzen und deine Seifen stilvoll und hygienisch aufbewahren. Ob als sch\u00f6nes Set oder einzeln \u2013 entdecke das ideale Zubeh\u00f6r, das nicht nur funktional ist, sondern auch dein Badezimmer oder deine Wohlf\u00fchloase noch sch\u00f6ner macht. Schau gerne vorbei und lass dich inspirieren!<\/p>\n","protected":false},"excerpt":{"rendered":"<p>Seife Vanille \u2013 Sanfte Pflege mit dem warmen Duft der GeborgenheitTauche ein in die wohltuende Welt der Vanille: Diese bernsteinfarbene, handgefertigte Seife verf\u00fchrt deine Sinne mit einem zarten, beruhigenden Vanilleduft, der nicht nur entspannt, sondern auch deine Haut liebevoll pflegt. Sie schenkt dir tiefgehende Feuchtigkeit und h\u00fcllt deine Haut in ein Gef\u00fchl von Weichheit und [&hellip;]<\/p>\n<p><a class=\"read-more\" href=\"https:\/\/www.bynaldis-shop.com\/?product=seife-vanille\">Mehr lesen<span class=\"meta-nav\">&rarr;<\/span><\/a><\/p>\n","protected":false},"featured_media":9449,"template":"","meta":[],"product_brand":[],"product_cat":[257],"product_tag":[],"class_list":{"0":"post-9448","1":"product","2":"type-product","3":"status-publish","4":"has-post-thumbnail","6":"product_cat-seife","8":"first","9":"instock","10":"taxable","11":"shipping-taxable","12":"purchasable","13":"product-type-simple"},"_links":{"self":[{"href":"https:\/\/www.bynaldis-shop.com\/index.php?rest_route=\/wp\/v2\/product\/9448","targetHints":{"allow":["GET"]}}],"collection":[{"href":"https:\/\/www.bynaldis-shop.com\/index.php?rest_route=\/wp\/v2\/product"}],"about":[{"href":"https:\/\/www.bynaldis-shop.com\/index.php?rest_route=\/wp\/v2\/types\/product"}],"wp:featuredmedia":[{"embeddable":true,"href":"https:\/\/www.bynaldis-shop.com\/index.php?rest_route=\/wp\/v2\/media\/9449"}],"wp:attachment":[{"href":"https:\/\/www.bynaldis-shop.com\/index.php?rest_route=%2Fwp%2Fv2%2Fmedia&parent=9448"}],"wp:term":[{"taxonomy":"product_brand","embeddable":true,"href":"https:\/\/www.bynaldis-shop.com\/index.php?rest_route=%2Fwp%2Fv2%2Fproduct_brand&post=9448"},{"taxonomy":"product_cat","embeddable":true,"href":"https:\/\/www.bynaldis-shop.com\/index.php?rest_route=%2Fwp%2Fv2%2Fproduct_cat&post=9448"},{"taxonomy":"product_tag","embeddable":true,"href":"https:\/\/www.bynaldis-shop.com\/index.php?rest_route=%2Fwp%2Fv2%2Fproduct_tag&post=9448"}],"curies":[{"name":"wp","href":"https:\/\/api.w.org\/{rel}","templated":true}]}}