{"id":9441,"date":"2025-05-06T17:52:54","date_gmt":"2025-05-06T15:52:54","guid":{"rendered":"https:\/\/www.bynaldis-shop.com\/?post_type=product&#038;p=9441"},"modified":"2026-04-26T19:40:18","modified_gmt":"2026-04-26T17:40:18","slug":"seife-rose","status":"publish","type":"product","link":"https:\/\/www.bynaldis-shop.com\/?product=seife-rose","title":{"rendered":"Bright Crystal \u2013 ein funkelndes Dufterlebnis f\u00fcr deine Haut"},"content":{"rendered":"<p data-start=\"82\" data-end=\"428\"><strong data-start=\"82\" data-end=\"145\">Bright Crystal \u2013 ein funkelndes Dufterlebnis f\u00fcr deine Haut<\/strong><br data-start=\"145\" data-end=\"148\" \/>Wie ein strahlender Kristall verzaubert diese Seife deine Sinne mit einer lebendigen Duftkomposition aus Jasmin, Rose und zarter Seerose. Bright Crystal schenkt dir nicht nur Frische, sondern auch eine wohltuende Energie, die den Alltag erhellt und deine Haut zum Strahlen bringt.<\/p>\n<p data-start=\"430\" data-end=\"692\"><strong data-start=\"430\" data-end=\"479\">F\u00fcr alle Hauttypen \u2013 auch die empfindlichsten<\/strong><br data-start=\"479\" data-end=\"482\" \/>Sanft und doch gr\u00fcndlich reinigt Bright Crystal deine Haut, entfernt Schmutz ohne auszutrocknen und bewahrt die nat\u00fcrliche Feuchtigkeit. So f\u00fchlt sich deine Haut geschmeidig, gepflegt und voller Lebenskraft an.<\/p>\n<p data-start=\"694\" data-end=\"738\"><strong data-start=\"694\" data-end=\"736\">Das macht Bright Crystal so besonders:<\/strong><\/p>\n<ul data-start=\"739\" data-end=\"1086\">\n<li data-start=\"739\" data-end=\"783\">\n<p data-start=\"741\" data-end=\"783\">Sanfte Reinigung mit nachhaltiger Pflege<\/p>\n<\/li>\n<li data-start=\"784\" data-end=\"840\">\n<p data-start=\"786\" data-end=\"840\">Reichhaltige Feuchtigkeit durch Oliven- und Mandel\u00f6l<\/p>\n<\/li>\n<li data-start=\"841\" data-end=\"920\">\n<p data-start=\"843\" data-end=\"920\">Vitamin E sch\u00fctzt vor freien Radikalen und unterst\u00fctzt die Hautregeneration<\/p>\n<\/li>\n<li data-start=\"921\" data-end=\"970\">\n<p data-start=\"923\" data-end=\"970\">Frei von tierischem Glycerin, rein pflanzlich<\/p>\n<\/li>\n<li data-start=\"971\" data-end=\"1032\">\n<p data-start=\"973\" data-end=\"1032\">Anti-Aging-Eigenschaften f\u00fcr eine jugendlich frische Haut<\/p>\n<\/li>\n<li data-start=\"1033\" data-end=\"1086\">\n<p data-start=\"1035\" data-end=\"1086\">Hergestellt aus 90-95% nat\u00fcrlichen Inhaltsstoffen<\/p>\n<\/li>\n<\/ul>\n<p data-start=\"1088\" data-end=\"1511\"><strong data-start=\"1088\" data-end=\"1113\">Inhaltsstoffe (INCI):<\/strong><br data-start=\"1113\" data-end=\"1116\" \/>Aqua, Glycerin, Natriumstearat, Propylenglykol, Sorbit, Natriumlaurat, Natriumlaurylsulfat, Parfum, Natriumlaurylsulfat, Natriumchlorid, Olea Europaea (Oliven\u00f6l) Frucht\u00f6l, Prunus Amygdalus Dulcis (S\u00fc\u00dfmandel) \u00d6l, Stearins\u00e4ure, Laurins\u00e4ure, Pentanatriumpentetat, Tetranatriumetidronat, Linalool, Limonen, Hexylzimt, Benzylsalicylat, Tocopherol (Vitamin E), CI 14720, CI 77891.<\/p>\n<p data-start=\"1513\" data-end=\"1897\"><strong data-start=\"1513\" data-end=\"1582\">Handgemacht mit Herz und Verstand im traditionellen Kaltverfahren<\/strong><br data-start=\"1582\" data-end=\"1585\" \/>Unsere Bright Crystal Seife entsteht in liebevoller Handarbeit, bei der nat\u00fcrliche \u00d6le und Lauge sanft miteinander reagieren und eine Seife voller Pflegekraft schaffen. Mit reinen, unbedenklichen Zutaten verw\u00f6hnt sie deine Haut auf nat\u00fcrliche Weise und schenkt dir ein St\u00fcck handgemachte Qualit\u00e4t, die man sp\u00fcrt.<\/p>\n<p data-start=\"1513\" data-end=\"1897\">Passend zu unseren wunderbaren Seifen findest du in unserem Shop auch eine liebevoll ausgew\u00e4hlte Auswahl an Seifenschalen und praktischen Seifenmuscheln. So kannst du dein Pflegeritual perfekt erg\u00e4nzen und deine Seifen stilvoll und hygienisch aufbewahren. Ob als sch\u00f6nes Set oder einzeln \u2013 entdecke das ideale Zubeh\u00f6r, das nicht nur funktional ist, sondern auch dein Badezimmer oder deine Wohlf\u00fchloase noch sch\u00f6ner macht. Schau gerne vorbei und lass dich inspirieren!<\/p>\n","protected":false},"excerpt":{"rendered":"<p>Bright Crystal \u2013 ein funkelndes Dufterlebnis f\u00fcr deine HautWie ein strahlender Kristall verzaubert diese Seife deine Sinne mit einer lebendigen Duftkomposition aus Jasmin, Rose und zarter Seerose. Bright Crystal schenkt dir nicht nur Frische, sondern auch eine wohltuende Energie, die den Alltag erhellt und deine Haut zum Strahlen bringt. F\u00fcr alle Hauttypen \u2013 auch die [&hellip;]<\/p>\n<p><a class=\"read-more\" href=\"https:\/\/www.bynaldis-shop.com\/?product=seife-rose\">Mehr lesen<span class=\"meta-nav\">&rarr;<\/span><\/a><\/p>\n","protected":false},"featured_media":9442,"template":"","meta":[],"product_brand":[],"product_cat":[257],"product_tag":[],"class_list":{"0":"post-9441","1":"product","2":"type-product","3":"status-publish","4":"has-post-thumbnail","6":"product_cat-seife","8":"first","9":"instock","10":"taxable","11":"shipping-taxable","12":"purchasable","13":"product-type-simple"},"_links":{"self":[{"href":"https:\/\/www.bynaldis-shop.com\/index.php?rest_route=\/wp\/v2\/product\/9441","targetHints":{"allow":["GET"]}}],"collection":[{"href":"https:\/\/www.bynaldis-shop.com\/index.php?rest_route=\/wp\/v2\/product"}],"about":[{"href":"https:\/\/www.bynaldis-shop.com\/index.php?rest_route=\/wp\/v2\/types\/product"}],"wp:featuredmedia":[{"embeddable":true,"href":"https:\/\/www.bynaldis-shop.com\/index.php?rest_route=\/wp\/v2\/media\/9442"}],"wp:attachment":[{"href":"https:\/\/www.bynaldis-shop.com\/index.php?rest_route=%2Fwp%2Fv2%2Fmedia&parent=9441"}],"wp:term":[{"taxonomy":"product_brand","embeddable":true,"href":"https:\/\/www.bynaldis-shop.com\/index.php?rest_route=%2Fwp%2Fv2%2Fproduct_brand&post=9441"},{"taxonomy":"product_cat","embeddable":true,"href":"https:\/\/www.bynaldis-shop.com\/index.php?rest_route=%2Fwp%2Fv2%2Fproduct_cat&post=9441"},{"taxonomy":"product_tag","embeddable":true,"href":"https:\/\/www.bynaldis-shop.com\/index.php?rest_route=%2Fwp%2Fv2%2Fproduct_tag&post=9441"}],"curies":[{"name":"wp","href":"https:\/\/api.w.org\/{rel}","templated":true}]}}