{"id":9439,"date":"2025-05-06T17:50:27","date_gmt":"2025-05-06T15:50:27","guid":{"rendered":"https:\/\/www.bynaldis-shop.com\/?post_type=product&#038;p=9439"},"modified":"2026-04-26T19:39:58","modified_gmt":"2026-04-26T17:39:58","slug":"seife-karibik","status":"publish","type":"product","link":"https:\/\/www.bynaldis-shop.com\/?product=seife-karibik","title":{"rendered":"Karibik \u2013 ein St\u00fcck tropisches Gl\u00fcck f\u00fcr deine Haut"},"content":{"rendered":"<p data-start=\"71\" data-end=\"451\"><strong data-start=\"71\" data-end=\"126\">Karibik \u2013 ein St\u00fcck tropisches Gl\u00fcck f\u00fcr deine Haut<\/strong><br data-start=\"126\" data-end=\"129\" \/>Lass dich entf\u00fchren in das sanfte Flair der Karibik mit dieser wunderbar pflegenden Seife. Die Kombination aus wertvollem Oliven- und Mandel\u00f6l schenkt deiner Haut intensive Feuchtigkeit, n\u00e4hrt sie tiefenwirksam und hinterl\u00e4sst ein wunderbar geschmeidiges, revitalisiertes Hautgef\u00fchl \u2013 wie eine kleine Auszeit unter Palmen.<\/p>\n<p data-start=\"453\" data-end=\"726\"><strong data-start=\"453\" data-end=\"538\">F\u00fcr alle Hauttypen \u2013 besonders mild und sanft zu trockener und empfindlicher Haut<\/strong><br data-start=\"538\" data-end=\"541\" \/>Karibik reinigt deine Haut sanft und gr\u00fcndlich, entfernt Schmutz, ohne die nat\u00fcrliche Feuchtigkeitsbalance zu st\u00f6ren oder auszutrocknen. So f\u00fchlst du dich jeden Tag frisch und gepflegt.<\/p>\n<p data-start=\"728\" data-end=\"765\"><strong data-start=\"728\" data-end=\"763\">Was Karibik so besonders macht:<\/strong><\/p>\n<ul data-start=\"766\" data-end=\"1088\">\n<li data-start=\"766\" data-end=\"801\">\n<p data-start=\"768\" data-end=\"801\">Sanfte Reinigung ohne Reizungen<\/p>\n<\/li>\n<li data-start=\"802\" data-end=\"860\">\n<p data-start=\"804\" data-end=\"860\">Tiefenwirksame Feuchtigkeit durch Oliven- und Mandel\u00f6l<\/p>\n<\/li>\n<li data-start=\"861\" data-end=\"925\">\n<p data-start=\"863\" data-end=\"925\">Reich an Vitamin E \u2013 sch\u00fctzt deine Haut vor freien Radikalen<\/p>\n<\/li>\n<li data-start=\"926\" data-end=\"971\">\n<p data-start=\"928\" data-end=\"971\">Ohne tierisches Glycerin, rein pflanzlich<\/p>\n<\/li>\n<li data-start=\"972\" data-end=\"1038\">\n<p data-start=\"974\" data-end=\"1038\">Mit Anti-Aging-Wirkung f\u00fcr ein jugendlich strahlendes Hautbild<\/p>\n<\/li>\n<li data-start=\"1039\" data-end=\"1088\">\n<p data-start=\"1041\" data-end=\"1088\">Besteht aus 90-95% nat\u00fcrlichen Inhaltsstoffen<\/p>\n<\/li>\n<\/ul>\n<p data-start=\"1090\" data-end=\"1514\"><strong data-start=\"1090\" data-end=\"1115\">Inhaltsstoffe (INCI):<\/strong><br data-start=\"1115\" data-end=\"1118\" \/>Aqua, Glycerin, Natriumstearat, Propylenglykol, Sorbit, Natriumlaurat, Natriumlaurethsulfat, Parfum, Natriumlaurylsulfat, Natriumchlorid, Olea Europaea (Oliven\u00f6l) Frucht\u00f6l, Prunus Amygdalus Dulcis (S\u00fc\u00dfmandel) \u00d6l, Stearins\u00e4ure, Laurins\u00e4ure, Pentanatriumpentetat, Tetranatriumetidronat, Hexylzimt, Cumarin, Limonen, Linalool, Tocopherol (Vitamin E), CI 42090, CI 77891, CI 51319.<\/p>\n<p data-start=\"1516\" data-end=\"1897\"><strong data-start=\"1516\" data-end=\"1573\">Handgemacht mit Liebe im traditionellen Kaltverfahren<\/strong><br data-start=\"1573\" data-end=\"1576\" \/>Unsere Karibik-Seife wird mit viel Sorgfalt im Kaltverfahren gefertigt. Dabei verbinden sich nat\u00fcrliche \u00d6le und Lauge in einer behutsamen Verseifung, die die wertvollen Inhaltsstoffe bewahrt und die Haut mit reiner Naturkraft verw\u00f6hnt. Diese handgefertigte Naturseife bietet dir Qualit\u00e4t und Pflege, die du sp\u00fcren kannst.<\/p>\n<p data-start=\"1516\" data-end=\"1897\">Passend zu unseren wunderbaren Seifen findest du in unserem Shop auch eine liebevoll ausgew\u00e4hlte Auswahl an Seifenschalen und praktischen Seifenmuscheln. So kannst du dein Pflegeritual perfekt erg\u00e4nzen und deine Seifen stilvoll und hygienisch aufbewahren. Ob als sch\u00f6nes Set oder einzeln \u2013 entdecke das ideale Zubeh\u00f6r, das nicht nur funktional ist, sondern auch dein Badezimmer oder deine Wohlf\u00fchloase noch sch\u00f6ner macht. Schau gerne vorbei und lass dich inspirieren!<\/p>\n","protected":false},"excerpt":{"rendered":"<p>Karibik \u2013 ein St\u00fcck tropisches Gl\u00fcck f\u00fcr deine HautLass dich entf\u00fchren in das sanfte Flair der Karibik mit dieser wunderbar pflegenden Seife. Die Kombination aus wertvollem Oliven- und Mandel\u00f6l schenkt deiner Haut intensive Feuchtigkeit, n\u00e4hrt sie tiefenwirksam und hinterl\u00e4sst ein wunderbar geschmeidiges, revitalisiertes Hautgef\u00fchl \u2013 wie eine kleine Auszeit unter Palmen. F\u00fcr alle Hauttypen \u2013 [&hellip;]<\/p>\n<p><a class=\"read-more\" href=\"https:\/\/www.bynaldis-shop.com\/?product=seife-karibik\">Mehr lesen<span class=\"meta-nav\">&rarr;<\/span><\/a><\/p>\n","protected":false},"featured_media":9440,"template":"","meta":[],"product_brand":[],"product_cat":[257],"product_tag":[],"class_list":{"0":"post-9439","1":"product","2":"type-product","3":"status-publish","4":"has-post-thumbnail","6":"product_cat-seife","8":"first","9":"instock","10":"taxable","11":"shipping-taxable","12":"purchasable","13":"product-type-simple"},"_links":{"self":[{"href":"https:\/\/www.bynaldis-shop.com\/index.php?rest_route=\/wp\/v2\/product\/9439","targetHints":{"allow":["GET"]}}],"collection":[{"href":"https:\/\/www.bynaldis-shop.com\/index.php?rest_route=\/wp\/v2\/product"}],"about":[{"href":"https:\/\/www.bynaldis-shop.com\/index.php?rest_route=\/wp\/v2\/types\/product"}],"wp:featuredmedia":[{"embeddable":true,"href":"https:\/\/www.bynaldis-shop.com\/index.php?rest_route=\/wp\/v2\/media\/9440"}],"wp:attachment":[{"href":"https:\/\/www.bynaldis-shop.com\/index.php?rest_route=%2Fwp%2Fv2%2Fmedia&parent=9439"}],"wp:term":[{"taxonomy":"product_brand","embeddable":true,"href":"https:\/\/www.bynaldis-shop.com\/index.php?rest_route=%2Fwp%2Fv2%2Fproduct_brand&post=9439"},{"taxonomy":"product_cat","embeddable":true,"href":"https:\/\/www.bynaldis-shop.com\/index.php?rest_route=%2Fwp%2Fv2%2Fproduct_cat&post=9439"},{"taxonomy":"product_tag","embeddable":true,"href":"https:\/\/www.bynaldis-shop.com\/index.php?rest_route=%2Fwp%2Fv2%2Fproduct_tag&post=9439"}],"curies":[{"name":"wp","href":"https:\/\/api.w.org\/{rel}","templated":true}]}}