{"id":9408,"date":"2025-02-27T19:27:14","date_gmt":"2025-02-27T18:27:14","guid":{"rendered":"https:\/\/www.bynaldis-shop.com\/?post_type=product&#038;p=9408"},"modified":"2025-10-22T15:41:40","modified_gmt":"2025-10-22T13:41:40","slug":"wundertuete-klein","status":"publish","type":"product","link":"https:\/\/www.bynaldis-shop.com\/?product=wundertuete-klein","title":{"rendered":"Kleine Wundert\u00fcte f\u00fcr gro\u00dfe Freude &#8211; klein"},"content":{"rendered":"<article class=\"text-token-text-primary w-full focus:outline-none scroll-mt-[calc(var(--header-height)+min(200px,max(70px,20svh)))]\" dir=\"auto\" tabindex=\"-1\" data-turn-id=\"request-6884d4ac-8230-8324-9295-a90d37ba8eae-180\" data-testid=\"conversation-turn-840\" data-scroll-anchor=\"true\" data-turn=\"assistant\">\n<div class=\"text-base my-auto mx-auto pb-10 [--thread-content-margin:--spacing(4)] @[37rem]:[--thread-content-margin:--spacing(6)] @[72rem]:[--thread-content-margin:--spacing(16)] px-(--thread-content-margin)\">\n<div class=\"[--thread-content-max-width:32rem] @[34rem]:[--thread-content-max-width:40rem] @[64rem]:[--thread-content-max-width:48rem] mx-auto max-w-(--thread-content-max-width) flex-1 group\/turn-messages focus-visible:outline-hidden relative flex w-full min-w-0 flex-col agent-turn\" tabindex=\"-1\">\n<div class=\"flex max-w-full flex-col grow\">\n<div class=\"min-h-8 text-message relative flex w-full flex-col items-end gap-2 text-start break-words whitespace-normal [.text-message+&amp;]:mt-5\" dir=\"auto\" data-message-author-role=\"assistant\" data-message-id=\"7c641327-69a0-48f6-96a9-db6e777339f5\" data-message-model-slug=\"gpt-4-1-mini\">\n<div class=\"flex w-full flex-col gap-1 empty:hidden first:pt-[3px]\">\n<div class=\"markdown prose dark:prose-invert w-full break-words light markdown-new-styling\">\n<p data-start=\"0\" data-end=\"372\" data-is-last-node=\"\" data-is-only-node=\"\"><strong>Kleine Wundert\u00fcte f\u00fcr gro\u00dfe Freude<\/strong><\/p>\n<p data-start=\"0\" data-end=\"372\" data-is-last-node=\"\" data-is-only-node=\"\">Gef\u00fcllt mit liebevollen Kleinigkeiten, die direkt ins Herz gehen. F\u00fcr nur 5 \u20ac erwartet dich eine bunte Mischung aus zauberhaften \u00dcberraschungen, die Gl\u00fccksmomente schenken und ein L\u00e4cheln zaubern. Perfekt, um sich selbst oder jemand Besonderem eine kleine Freude zu machen. Einfach auspacken, \u00fcberraschen lassen und das Herz verw\u00f6hnen!<\/p>\n<\/div>\n<\/div>\n<\/div>\n<\/div>\n<div class=\"flex min-h-[46px] justify-start\"><\/div>\n<\/div>\n<\/div>\n<\/article>\n<div class=\"pointer-events-none h-px w-px\" aria-hidden=\"true\" data-edge=\"true\"><\/div>\n<div aria-hidden=\"true\" data-edge=\"true\"><\/div>\n","protected":false},"excerpt":{"rendered":"<p>Kleine Wundert\u00fcte f\u00fcr gro\u00dfe Freude Gef\u00fcllt mit liebevollen Kleinigkeiten, die direkt ins Herz gehen. F\u00fcr nur 5 \u20ac erwartet dich eine bunte Mischung aus zauberhaften \u00dcberraschungen, die Gl\u00fccksmomente schenken und ein L\u00e4cheln zaubern. Perfekt, um sich selbst oder jemand Besonderem eine kleine Freude zu machen. Einfach auspacken, \u00fcberraschen lassen und das Herz verw\u00f6hnen!<\/p>\n<p><a class=\"read-more\" href=\"https:\/\/www.bynaldis-shop.com\/?product=wundertuete-klein\">Mehr lesen<span class=\"meta-nav\">&rarr;<\/span><\/a><\/p>\n","protected":false},"featured_media":9409,"template":"","meta":[],"product_brand":[],"product_cat":[288],"product_tag":[],"class_list":{"0":"post-9408","1":"product","2":"type-product","3":"status-publish","4":"has-post-thumbnail","6":"product_cat-alles-fuer-das-kinderherz","8":"first","9":"instock","10":"taxable","11":"shipping-taxable","12":"purchasable","13":"product-type-simple"},"_links":{"self":[{"href":"https:\/\/www.bynaldis-shop.com\/index.php?rest_route=\/wp\/v2\/product\/9408","targetHints":{"allow":["GET"]}}],"collection":[{"href":"https:\/\/www.bynaldis-shop.com\/index.php?rest_route=\/wp\/v2\/product"}],"about":[{"href":"https:\/\/www.bynaldis-shop.com\/index.php?rest_route=\/wp\/v2\/types\/product"}],"wp:featuredmedia":[{"embeddable":true,"href":"https:\/\/www.bynaldis-shop.com\/index.php?rest_route=\/wp\/v2\/media\/9409"}],"wp:attachment":[{"href":"https:\/\/www.bynaldis-shop.com\/index.php?rest_route=%2Fwp%2Fv2%2Fmedia&parent=9408"}],"wp:term":[{"taxonomy":"product_brand","embeddable":true,"href":"https:\/\/www.bynaldis-shop.com\/index.php?rest_route=%2Fwp%2Fv2%2Fproduct_brand&post=9408"},{"taxonomy":"product_cat","embeddable":true,"href":"https:\/\/www.bynaldis-shop.com\/index.php?rest_route=%2Fwp%2Fv2%2Fproduct_cat&post=9408"},{"taxonomy":"product_tag","embeddable":true,"href":"https:\/\/www.bynaldis-shop.com\/index.php?rest_route=%2Fwp%2Fv2%2Fproduct_tag&post=9408"}],"curies":[{"name":"wp","href":"https:\/\/api.w.org\/{rel}","templated":true}]}}