{"id":9402,"date":"2025-02-27T19:07:26","date_gmt":"2025-02-27T18:07:26","guid":{"rendered":"https:\/\/www.bynaldis-shop.com\/?post_type=product&#038;p=9402"},"modified":"2026-04-26T20:52:24","modified_gmt":"2026-04-26T18:52:24","slug":"metallherz-bester-papa-der-welt","status":"publish","type":"product","link":"https:\/\/www.bynaldis-shop.com\/?product=metallherz-bester-papa-der-welt","title":{"rendered":"Metallherz zum H\u00e4ngen in Dunkelgrau \u2013 \u201eBester Papa der Welt\u201c"},"content":{"rendered":"<p data-start=\"33\" data-end=\"309\"><strong data-start=\"33\" data-end=\"97\">Metallherz zum H\u00e4ngen in Dunkelgrau \u2013 \u201eBester Papa der Welt\u201c<\/strong><br data-start=\"97\" data-end=\"100\" \/>Dieses stilvolle Metallherz in dunklem Grau tr\u00e4gt die liebevolle Botschaft \u201eBester Papa der Welt\u201c. Ein besonderes Geschenk, das deinem Papa zeigt, wie wertvoll seine Liebe, St\u00e4rke und F\u00fcrsorge f\u00fcr dich sind.<\/p>\n<p data-start=\"311\" data-end=\"432\">Ob an der Wand, an der T\u00fcr oder im Lieblingsplatz \u2013 dieses Herz erinnert ihn t\u00e4glich daran, wie sehr er gesch\u00e4tzt wird.<\/p>\n<p data-start=\"434\" data-end=\"529\">Mit viel Liebe gefertigt, ist es ein perfektes Symbol f\u00fcr Dankbarkeit und innige Verbundenheit.<\/p>\n","protected":false},"excerpt":{"rendered":"<p>Metallherz zum H\u00e4ngen in Dunkelgrau \u2013 \u201eBester Papa der Welt\u201cDieses stilvolle Metallherz in dunklem Grau tr\u00e4gt die liebevolle Botschaft \u201eBester Papa der Welt\u201c. Ein besonderes Geschenk, das deinem Papa zeigt, wie wertvoll seine Liebe, St\u00e4rke und F\u00fcrsorge f\u00fcr dich sind. Ob an der Wand, an der T\u00fcr oder im Lieblingsplatz \u2013 dieses Herz erinnert ihn [&hellip;]<\/p>\n<p><a class=\"read-more\" href=\"https:\/\/www.bynaldis-shop.com\/?product=metallherz-bester-papa-der-welt\">Mehr lesen<span class=\"meta-nav\">&rarr;<\/span><\/a><\/p>\n","protected":false},"featured_media":9403,"template":"","meta":[],"product_brand":[],"product_cat":[221],"product_tag":[],"class_list":{"0":"post-9402","1":"product","2":"type-product","3":"status-publish","4":"has-post-thumbnail","6":"product_cat-herziges","8":"first","9":"instock","10":"taxable","11":"shipping-taxable","12":"purchasable","13":"product-type-simple"},"_links":{"self":[{"href":"https:\/\/www.bynaldis-shop.com\/index.php?rest_route=\/wp\/v2\/product\/9402","targetHints":{"allow":["GET"]}}],"collection":[{"href":"https:\/\/www.bynaldis-shop.com\/index.php?rest_route=\/wp\/v2\/product"}],"about":[{"href":"https:\/\/www.bynaldis-shop.com\/index.php?rest_route=\/wp\/v2\/types\/product"}],"wp:featuredmedia":[{"embeddable":true,"href":"https:\/\/www.bynaldis-shop.com\/index.php?rest_route=\/wp\/v2\/media\/9403"}],"wp:attachment":[{"href":"https:\/\/www.bynaldis-shop.com\/index.php?rest_route=%2Fwp%2Fv2%2Fmedia&parent=9402"}],"wp:term":[{"taxonomy":"product_brand","embeddable":true,"href":"https:\/\/www.bynaldis-shop.com\/index.php?rest_route=%2Fwp%2Fv2%2Fproduct_brand&post=9402"},{"taxonomy":"product_cat","embeddable":true,"href":"https:\/\/www.bynaldis-shop.com\/index.php?rest_route=%2Fwp%2Fv2%2Fproduct_cat&post=9402"},{"taxonomy":"product_tag","embeddable":true,"href":"https:\/\/www.bynaldis-shop.com\/index.php?rest_route=%2Fwp%2Fv2%2Fproduct_tag&post=9402"}],"curies":[{"name":"wp","href":"https:\/\/api.w.org\/{rel}","templated":true}]}}