{"id":9398,"date":"2025-02-27T19:03:27","date_gmt":"2025-02-27T18:03:27","guid":{"rendered":"https:\/\/www.bynaldis-shop.com\/?post_type=product&#038;p=9398"},"modified":"2026-04-26T20:53:01","modified_gmt":"2026-04-26T18:53:01","slug":"metallherz-beste-tochter-der-welt","status":"publish","type":"product","link":"https:\/\/www.bynaldis-shop.com\/?product=metallherz-beste-tochter-der-welt","title":{"rendered":"Metallherz zum H\u00e4ngen in Rot \u2013 \u201eBeste Tochter der Welt\u201c"},"content":{"rendered":"<p data-start=\"41\" data-end=\"455\"><strong data-start=\"41\" data-end=\"100\">Metallherz zum H\u00e4ngen in Rot \u2013 \u201eBeste Tochter der Welt\u201c<\/strong><\/p>\n<p data-start=\"41\" data-end=\"455\">Dieses wundersch\u00f6ne rote Metallherz ist das perfekte Geschenk, um deiner Tochter zu zeigen, wie sehr du sie liebst und sch\u00e4tzt. Mit der liebevollen Aufschrift \u201eBeste Tochter der Welt\u201c wird sie jeden Tag daran erinnert, wie einzigartig und wertvoll sie f\u00fcr dich ist. Ob im Kinderzimmer, Wohnzimmer oder B\u00fcro \u2013 dieses Herz schenkt W\u00e4rme und Geborgenheit.<\/p>\n<p data-start=\"457\" data-end=\"578\">Das Metallherz ist sorgf\u00e4ltig gearbeitet und l\u00e4sst sich einfach aufh\u00e4ngen \u2013 ein strahlendes Zeichen deiner Verbundenheit.<\/p>\n","protected":false},"excerpt":{"rendered":"<p>Metallherz zum H\u00e4ngen in Rot \u2013 \u201eBeste Tochter der Welt\u201c Dieses wundersch\u00f6ne rote Metallherz ist das perfekte Geschenk, um deiner Tochter zu zeigen, wie sehr du sie liebst und sch\u00e4tzt. Mit der liebevollen Aufschrift \u201eBeste Tochter der Welt\u201c wird sie jeden Tag daran erinnert, wie einzigartig und wertvoll sie f\u00fcr dich ist. Ob im Kinderzimmer, [&hellip;]<\/p>\n<p><a class=\"read-more\" href=\"https:\/\/www.bynaldis-shop.com\/?product=metallherz-beste-tochter-der-welt\">Mehr lesen<span class=\"meta-nav\">&rarr;<\/span><\/a><\/p>\n","protected":false},"featured_media":9399,"template":"","meta":[],"product_brand":[],"product_cat":[221],"product_tag":[],"class_list":{"0":"post-9398","1":"product","2":"type-product","3":"status-publish","4":"has-post-thumbnail","6":"product_cat-herziges","8":"first","9":"instock","10":"taxable","11":"shipping-taxable","12":"purchasable","13":"product-type-simple"},"_links":{"self":[{"href":"https:\/\/www.bynaldis-shop.com\/index.php?rest_route=\/wp\/v2\/product\/9398","targetHints":{"allow":["GET"]}}],"collection":[{"href":"https:\/\/www.bynaldis-shop.com\/index.php?rest_route=\/wp\/v2\/product"}],"about":[{"href":"https:\/\/www.bynaldis-shop.com\/index.php?rest_route=\/wp\/v2\/types\/product"}],"wp:featuredmedia":[{"embeddable":true,"href":"https:\/\/www.bynaldis-shop.com\/index.php?rest_route=\/wp\/v2\/media\/9399"}],"wp:attachment":[{"href":"https:\/\/www.bynaldis-shop.com\/index.php?rest_route=%2Fwp%2Fv2%2Fmedia&parent=9398"}],"wp:term":[{"taxonomy":"product_brand","embeddable":true,"href":"https:\/\/www.bynaldis-shop.com\/index.php?rest_route=%2Fwp%2Fv2%2Fproduct_brand&post=9398"},{"taxonomy":"product_cat","embeddable":true,"href":"https:\/\/www.bynaldis-shop.com\/index.php?rest_route=%2Fwp%2Fv2%2Fproduct_cat&post=9398"},{"taxonomy":"product_tag","embeddable":true,"href":"https:\/\/www.bynaldis-shop.com\/index.php?rest_route=%2Fwp%2Fv2%2Fproduct_tag&post=9398"}],"curies":[{"name":"wp","href":"https:\/\/api.w.org\/{rel}","templated":true}]}}