{"id":9391,"date":"2025-02-27T18:53:47","date_gmt":"2025-02-27T17:53:47","guid":{"rendered":"https:\/\/www.bynaldis-shop.com\/?post_type=product&#038;p=9391"},"modified":"2025-10-22T15:33:06","modified_gmt":"2025-10-22T13:33:06","slug":"kerzenset-gruen","status":"publish","type":"product","link":"https:\/\/www.bynaldis-shop.com\/?product=kerzenset-gruen","title":{"rendered":"6er Stabkerzen-Set in gr\u00fcn"},"content":{"rendered":"<p data-start=\"101\" data-end=\"562\"><strong data-start=\"101\" data-end=\"134\">6er Stabkerzen-Set in gr\u00fcn<\/strong><br data-start=\"134\" data-end=\"137\" \/>Bringen Sie mit diesem Set aus sechs wundersch\u00f6nen, gr\u00fcnen Stabkerzen eine warme und harmonische Stimmung in Ihr Zuhause. Die sanfte, tiefviolette Farbe verleiht jedem Raum eine edle Note und l\u00e4dt zu entspannten Stunden ein \u2013 ob beim gem\u00fctlichen Abendessen, ruhigen Lesemomenten oder festlichen Anl\u00e4ssen. Die gleichm\u00e4\u00dfige Flamme verbreitet ein sanftes Licht, das f\u00fcr ein behagliches Ambiente sorgt und zum Tr\u00e4umen einl\u00e4dt.<\/p>\n<p data-start=\"564\" data-end=\"709\">Diese Kerzen sind hochwertig verarbeitet und brennen sauber und gleichm\u00e4\u00dfig ab. Perfekt f\u00fcr alle, die nat\u00fcrliche W\u00e4rme und stilvolle Deko lieben.<\/p>\n<p data-start=\"711\" data-end=\"1094\"><strong data-start=\"711\" data-end=\"748\">Wichtige Hinweise zur Sicherheit:<\/strong><br data-start=\"748\" data-end=\"751\" \/>Bitte lassen Sie brennende Kerzen niemals unbeaufsichtigt und stellen Sie sie immer auf eine hitzebest\u00e4ndige Unterlage. Halten Sie Kerzen von brennbaren Materialien fern und au\u00dferhalb der Reichweite von Kindern und Haustieren. K\u00fcrzen Sie den Docht vor jedem Anz\u00fcnden auf ca. 0,5 cm, um ein ruhiges und sicheres Brennverhalten zu gew\u00e4hrleisten.<\/p>\n","protected":false},"excerpt":{"rendered":"<p>6er Stabkerzen-Set in gr\u00fcnBringen Sie mit diesem Set aus sechs wundersch\u00f6nen, gr\u00fcnen Stabkerzen eine warme und harmonische Stimmung in Ihr Zuhause. Die sanfte, tiefviolette Farbe verleiht jedem Raum eine edle Note und l\u00e4dt zu entspannten Stunden ein \u2013 ob beim gem\u00fctlichen Abendessen, ruhigen Lesemomenten oder festlichen Anl\u00e4ssen. Die gleichm\u00e4\u00dfige Flamme verbreitet ein sanftes Licht, das [&hellip;]<\/p>\n<p><a class=\"read-more\" href=\"https:\/\/www.bynaldis-shop.com\/?product=kerzenset-gruen\">Mehr lesen<span class=\"meta-nav\">&rarr;<\/span><\/a><\/p>\n","protected":false},"featured_media":9392,"template":"","meta":[],"product_brand":[],"product_cat":[263],"product_tag":[],"class_list":{"0":"post-9391","1":"product","2":"type-product","3":"status-publish","4":"has-post-thumbnail","6":"product_cat-stabkerzen-und-halter","8":"first","9":"instock","10":"taxable","11":"shipping-taxable","12":"purchasable","13":"product-type-simple"},"_links":{"self":[{"href":"https:\/\/www.bynaldis-shop.com\/index.php?rest_route=\/wp\/v2\/product\/9391","targetHints":{"allow":["GET"]}}],"collection":[{"href":"https:\/\/www.bynaldis-shop.com\/index.php?rest_route=\/wp\/v2\/product"}],"about":[{"href":"https:\/\/www.bynaldis-shop.com\/index.php?rest_route=\/wp\/v2\/types\/product"}],"wp:featuredmedia":[{"embeddable":true,"href":"https:\/\/www.bynaldis-shop.com\/index.php?rest_route=\/wp\/v2\/media\/9392"}],"wp:attachment":[{"href":"https:\/\/www.bynaldis-shop.com\/index.php?rest_route=%2Fwp%2Fv2%2Fmedia&parent=9391"}],"wp:term":[{"taxonomy":"product_brand","embeddable":true,"href":"https:\/\/www.bynaldis-shop.com\/index.php?rest_route=%2Fwp%2Fv2%2Fproduct_brand&post=9391"},{"taxonomy":"product_cat","embeddable":true,"href":"https:\/\/www.bynaldis-shop.com\/index.php?rest_route=%2Fwp%2Fv2%2Fproduct_cat&post=9391"},{"taxonomy":"product_tag","embeddable":true,"href":"https:\/\/www.bynaldis-shop.com\/index.php?rest_route=%2Fwp%2Fv2%2Fproduct_tag&post=9391"}],"curies":[{"name":"wp","href":"https:\/\/api.w.org\/{rel}","templated":true}]}}